{"id":31604,"date":"2024-08-18T19:30:03","date_gmt":"2024-08-24T13:46:13","guid":{"rendered":"https:\/\/staging.nbg.eu\/product\/daa-22x22mm-target-patches\/"},"modified":"2024-09-10T07:35:49","modified_gmt":"2024-09-10T07:35:49","slug":"daa-22x22mm-maaliteipit","status":"publish","type":"product","link":"https:\/\/staging.nbg.eu\/fi\/tuote\/daa-22x22mm-maaliteipit\/","title":{"rendered":"Daa 22X22Mm Maaliteipit"},"content":{"rendered":"<div class=\"product-description\">\n<h2>DAA 22x22mm Maalitarrat<\/h2>\n<p>Paranna ampumiskokemustasi DAA:n mittatilausty\u00f6n\u00e4 valmistetuilla maalitarroilla, jotka on suunniteltu sulautumaan t\u00e4ydellisesti tavallisiin pahvimaalitauluihin.<\/p>\n<ul>\n<li>V\u00e4ri sovitettu l\u00e4hes n\u00e4kym\u00e4tt\u00f6m\u00e4ksi tavallisissa maalitauluissa<\/li>\n<li>Ainutlaatuinen 22x22mm neli\u00f6n muotoinen suunnittelu laajempaa peittoa varten<\/li>\n<li>Helpompi ja nopeampi kiinnitt\u00e4\u00e4 kuin tavalliset py\u00f6re\u00e4t tarrat<\/li>\n<li>1 000 tarraa per rulla, 10 rullaa per pakkaus<\/li>\n<\/ul>\n<p>N\u00e4m\u00e4 laadukkaat tarrat tarjoavat paremman peiton ja tehokkuuden verrattuna tavallisiin 20 mm py\u00f6reisiin tarroihin. Niiden neli\u00f6n muoto mahdollistaa nopeamman kiinnityksen ilman tarvetta tarkalle t\u00e4ht\u00e4\u00e4miselle. Oletpa sitten ammattilainen tai harrasteampuja, DAA-maalitarrat tarjoavat saumattoman ratkaisun maalitaulujesi k\u00e4ytt\u00f6i\u00e4n pident\u00e4miseen kaikissa s\u00e4\u00e4olosuhteissa.<\/p>\n<\/div>\n","protected":false},"excerpt":{"rendered":"<p>S\u00e4\u00e4nkest\u00e4v\u00e4t 22x22mm:n kohdistustarrat. 1000 kpl\/rulla, 10 rullaa\/pakkaus.<\/p>\n","protected":false},"featured_media":29098,"template":"","meta":{"_acf_changed":false},"product_brand":[11270],"product_cat":[13223,13190,13198],"product_tag":[],"class_list":{"0":"post-31604","1":"product","2":"type-product","3":"status-publish","4":"has-post-thumbnail","6":"product_brand-doublealpha","7":"product_cat-maalit","8":"product_cat-paikat-ja-paikkauspistooli","9":"product_cat-paperikohteet","11":"first","12":"instock","13":"taxable","14":"shipping-taxable","15":"purchasable","16":"product-type-variable","17":"wvs-archive-product-wrapper"},"acf":[],"_links":{"self":[{"href":"https:\/\/staging.nbg.eu\/fi\/wp-json\/wp\/v2\/product\/31604","targetHints":{"allow":["GET"]}}],"collection":[{"href":"https:\/\/staging.nbg.eu\/fi\/wp-json\/wp\/v2\/product"}],"about":[{"href":"https:\/\/staging.nbg.eu\/fi\/wp-json\/wp\/v2\/types\/product"}],"wp:featuredmedia":[{"embeddable":true,"href":"https:\/\/staging.nbg.eu\/fi\/wp-json\/wp\/v2\/media\/29098"}],"wp:attachment":[{"href":"https:\/\/staging.nbg.eu\/fi\/wp-json\/wp\/v2\/media?parent=31604"}],"wp:term":[{"taxonomy":"product_brand","embeddable":true,"href":"https:\/\/staging.nbg.eu\/fi\/wp-json\/wp\/v2\/product_brand?post=31604"},{"taxonomy":"product_cat","embeddable":true,"href":"https:\/\/staging.nbg.eu\/fi\/wp-json\/wp\/v2\/product_cat?post=31604"},{"taxonomy":"product_tag","embeddable":true,"href":"https:\/\/staging.nbg.eu\/fi\/wp-json\/wp\/v2\/product_tag?post=31604"}],"curies":[{"name":"wp","href":"https:\/\/api.w.org\/{rel}","templated":true}]}}