{"id":31202,"date":"2024-08-18T19:46:48","date_gmt":"2024-08-24T13:33:40","guid":{"rendered":"https:\/\/staging.nbg.eu\/product\/tuote-4\/"},"modified":"2025-01-29T09:09:42","modified_gmt":"2025-01-29T09:09:42","slug":"flex-kotelo-vaerilliset-sisusteet","status":"publish","type":"product","link":"https:\/\/staging.nbg.eu\/fi\/tuote\/flex-kotelo-vaerilliset-sisusteet\/","title":{"rendered":"Flex Kotelo V\u00e4rilliset Sisusteet"},"content":{"rendered":"<div class=\"product-description\">\n<h2>Flex-kotelon v\u00e4rilliset sis\u00e4osat<\/h2>\n<p>Mukauta Flex-kotelosi n\u00e4ill\u00e4 laserleikkatuilla muovisilla logolevyill\u00e4. Saatavana eri v\u00e4reiss\u00e4, n\u00e4m\u00e4 levyt antavat kotelollesi henkil\u00f6kohtaisen ilmeen.<\/p>\n<ul>\n<li>Helppo asentaa 3M-teipin avulla<\/li>\n<li>Irrotettava v\u00e4rin vaihtoa varten (voi rikkoutua irrotettaessa)<\/li>\n<li>Sis\u00e4lt\u00e4\u00e4 l\u00e4pin\u00e4kyv\u00e4n suojakalvon (irrotettava parhaan ulkon\u00e4\u00f6n saavuttamiseksi)<\/li>\n<\/ul>\n<p>Valitse seuraavista v\u00e4rivaihtoehdoista:<\/p>\n<ul class=\"color-options\">\n<li>Musta<\/li>\n<li>Sininen<\/li>\n<li>Kupari<\/li>\n<li>Kulta<\/li>\n<li>Oranssi<\/li>\n<li>Punainen<\/li>\n<li>Hopea<\/li>\n<li>Keltainen<\/li>\n<\/ul>\n<p>P\u00e4ivit\u00e4 Flex-kotelosi ulkon\u00e4k\u00f6 n\u00e4ill\u00e4 v\u00e4rilevyill\u00e4.<\/p>\n<\/div>\n","protected":false},"excerpt":{"rendered":"<p>Muokattavat v\u00e4rilis\u00e4kkeet Flex-koteloon: helppo asentaa, irrotettavat.<\/p>\n","protected":false},"featured_media":29696,"template":"","meta":{"_acf_changed":false},"product_brand":[],"product_cat":[13179,13212,13217],"product_tag":[],"class_list":{"0":"post-31202","1":"product","2":"type-product","3":"status-publish","4":"has-post-thumbnail","6":"product_cat-kotelo","7":"product_cat-kotelotarvikkeet","8":"product_cat-urheilukotelot","10":"first","11":"instock","12":"taxable","13":"shipping-taxable","14":"purchasable","15":"product-type-variable","16":"wvs-archive-product-wrapper"},"acf":[],"_links":{"self":[{"href":"https:\/\/staging.nbg.eu\/fi\/wp-json\/wp\/v2\/product\/31202","targetHints":{"allow":["GET"]}}],"collection":[{"href":"https:\/\/staging.nbg.eu\/fi\/wp-json\/wp\/v2\/product"}],"about":[{"href":"https:\/\/staging.nbg.eu\/fi\/wp-json\/wp\/v2\/types\/product"}],"wp:featuredmedia":[{"embeddable":true,"href":"https:\/\/staging.nbg.eu\/fi\/wp-json\/wp\/v2\/media\/29696"}],"wp:attachment":[{"href":"https:\/\/staging.nbg.eu\/fi\/wp-json\/wp\/v2\/media?parent=31202"}],"wp:term":[{"taxonomy":"product_brand","embeddable":true,"href":"https:\/\/staging.nbg.eu\/fi\/wp-json\/wp\/v2\/product_brand?post=31202"},{"taxonomy":"product_cat","embeddable":true,"href":"https:\/\/staging.nbg.eu\/fi\/wp-json\/wp\/v2\/product_cat?post=31202"},{"taxonomy":"product_tag","embeddable":true,"href":"https:\/\/staging.nbg.eu\/fi\/wp-json\/wp\/v2\/product_tag?post=31202"}],"curies":[{"name":"wp","href":"https:\/\/api.w.org\/{rel}","templated":true}]}}