{"id":31079,"date":"2024-08-18T19:53:51","date_gmt":"2024-08-24T13:31:21","guid":{"rendered":"https:\/\/staging.nbg.eu\/product\/daa-dry-fire-practice-mag\/"},"modified":"2024-08-24T13:33:15","modified_gmt":"2024-08-24T13:33:15","slug":"daa-kuivalaukaus-harjoituslipas","status":"publish","type":"product","link":"https:\/\/staging.nbg.eu\/fi\/tuote\/daa-kuivalaukaus-harjoituslipas\/","title":{"rendered":"Daa Kuivalaukaus Harjoituslipas"},"content":{"rendered":"<div class=\"product-description\">\n<h2>Daa Kuivalaukaisuharjoittelulipas Double Alpha Academylta<\/h2>\n<p>Paranna ampumataitojasi Daa Kuivalaukaisuharjoittelulippaalla. T\u00e4m\u00e4 innovatiivinen ty\u00f6kalu mahdollistaa turvallisen ja tehokkaan kuivalaukaisuharjoittelun kotona tai ampumaradalla.<\/p>\n<ul>\n<li>Yhteensopiva useimpien 9mm\/.40 kaksirivisten lippaiden kanssa<\/li>\n<li>Realistinen paino ja tuntuma aitoa harjoittelua varten<\/li>\n<li>Kest\u00e4v\u00e4 rakenne pitk\u00e4aikaiseen k\u00e4ytt\u00f6\u00f6n<\/li>\n<li>Auttaa parantamaan liipaisinhalliontaa ja t\u00e4ht\u00e4inkuvaa<\/li>\n<li>T\u00e4ydellinen IPSC- ja USPSA-kilpailijoille<\/li>\n<\/ul>\n<p>Nosta ampumasuorituksesi tasoa ilman oikeita patruunoita. Tilaa Daa Kuivalaukaisuharjoittelulipas t\u00e4n\u00e4\u00e4n!<\/p>\n<\/div>\n","protected":false},"excerpt":{"rendered":"<p>Daa Dry-Fire Mag: Turvallista ja realistista harjoittelua k\u00e4siaseilla.<\/p>\n","protected":false},"featured_media":29834,"template":"","meta":{"_acf_changed":false},"product_brand":[11270],"product_cat":[13213,13192],"product_tag":[],"class_list":{"0":"post-31079","1":"product","2":"type-product","3":"status-publish","4":"has-post-thumbnail","6":"product_brand-doublealpha","7":"product_cat-kuivalaukaus","8":"product_cat-varusteet","10":"first","11":"instock","12":"taxable","13":"shipping-taxable","14":"purchasable","15":"product-type-variable","16":"wvs-archive-product-wrapper"},"acf":[],"_links":{"self":[{"href":"https:\/\/staging.nbg.eu\/fi\/wp-json\/wp\/v2\/product\/31079","targetHints":{"allow":["GET"]}}],"collection":[{"href":"https:\/\/staging.nbg.eu\/fi\/wp-json\/wp\/v2\/product"}],"about":[{"href":"https:\/\/staging.nbg.eu\/fi\/wp-json\/wp\/v2\/types\/product"}],"wp:featuredmedia":[{"embeddable":true,"href":"https:\/\/staging.nbg.eu\/fi\/wp-json\/wp\/v2\/media\/29834"}],"wp:attachment":[{"href":"https:\/\/staging.nbg.eu\/fi\/wp-json\/wp\/v2\/media?parent=31079"}],"wp:term":[{"taxonomy":"product_brand","embeddable":true,"href":"https:\/\/staging.nbg.eu\/fi\/wp-json\/wp\/v2\/product_brand?post=31079"},{"taxonomy":"product_cat","embeddable":true,"href":"https:\/\/staging.nbg.eu\/fi\/wp-json\/wp\/v2\/product_cat?post=31079"},{"taxonomy":"product_tag","embeddable":true,"href":"https:\/\/staging.nbg.eu\/fi\/wp-json\/wp\/v2\/product_tag?post=31079"}],"curies":[{"name":"wp","href":"https:\/\/api.w.org\/{rel}","templated":true}]}}