{"id":31045,"date":"2024-08-19T17:23:05","date_gmt":"2024-08-24T13:28:35","guid":{"rendered":"https:\/\/staging.nbg.eu\/product\/admin-dapper-pouch\/"},"modified":"2024-09-02T13:29:01","modified_gmt":"2024-09-02T13:29:01","slug":"admin-dapper-pussi","status":"publish","type":"product","link":"https:\/\/staging.nbg.eu\/fi\/tuote\/admin-dapper-pussi\/","title":{"rendered":"Admin Dapper Pussi"},"content":{"rendered":"<div class=\"product-description\">\n<h2>BlueForceGear Admin Dapper -pussukka<\/h2>\n<p>J\u00e4rjest\u00e4 olennaiset tavarasi monipuolisella BlueForceGear Admin Dapper -pussukalla. T\u00e4m\u00e4 kompakti, kevyt pussukka sis\u00e4lt\u00e4\u00e4:<\/p>\n<ul>\n<li>Kest\u00e4v\u00e4 500D Cordura -rakenne<\/li>\n<li>Useita sis\u00e4taskuja tehokkaaseen s\u00e4ilytykseen<\/li>\n<li>Joustavat lenkit tavaroiden turvalliseen kiinnitt\u00e4miseen<\/li>\n<li>YKK-vetoketjusulkeminen nopeaa k\u00e4ytt\u00f6\u00e4 varten<\/li>\n<\/ul>\n<p>Admin Dapper -pussukka sopii t\u00e4ydellisesti armeijalle, lainvalvontaviranomaisille tai jokap\u00e4iv\u00e4iseen kantamiseen, pit\u00e4en varusteet j\u00e4rjestyksess\u00e4 ja helposti saatavilla. Saatavana useissa v\u00e4reiss\u00e4 varustukseesi tai mieltymyksiisi sopivaksi.<\/p>\n<\/div>\n","protected":false},"excerpt":{"rendered":"<p>Kompakti, monik\u00e4ytt\u00f6inen s\u00e4ilytyspussi p\u00e4ivitt\u00e4isille tarvikkeille. Kest\u00e4v\u00e4 ja tyylik\u00e4s.<\/p>\n","protected":false},"featured_media":22406,"template":"","meta":{"_acf_changed":false},"product_brand":[11127],"product_cat":[13183,13192],"product_tag":[],"class_list":{"0":"post-31045","1":"product","2":"type-product","3":"status-publish","4":"has-post-thumbnail","6":"product_brand-blue-force-gear","7":"product_cat-pussit","8":"product_cat-varusteet","10":"first","11":"instock","12":"taxable","13":"shipping-taxable","14":"purchasable","15":"product-type-simple"},"acf":[],"_links":{"self":[{"href":"https:\/\/staging.nbg.eu\/fi\/wp-json\/wp\/v2\/product\/31045","targetHints":{"allow":["GET"]}}],"collection":[{"href":"https:\/\/staging.nbg.eu\/fi\/wp-json\/wp\/v2\/product"}],"about":[{"href":"https:\/\/staging.nbg.eu\/fi\/wp-json\/wp\/v2\/types\/product"}],"wp:featuredmedia":[{"embeddable":true,"href":"https:\/\/staging.nbg.eu\/fi\/wp-json\/wp\/v2\/media\/22406"}],"wp:attachment":[{"href":"https:\/\/staging.nbg.eu\/fi\/wp-json\/wp\/v2\/media?parent=31045"}],"wp:term":[{"taxonomy":"product_brand","embeddable":true,"href":"https:\/\/staging.nbg.eu\/fi\/wp-json\/wp\/v2\/product_brand?post=31045"},{"taxonomy":"product_cat","embeddable":true,"href":"https:\/\/staging.nbg.eu\/fi\/wp-json\/wp\/v2\/product_cat?post=31045"},{"taxonomy":"product_tag","embeddable":true,"href":"https:\/\/staging.nbg.eu\/fi\/wp-json\/wp\/v2\/product_tag?post=31045"}],"curies":[{"name":"wp","href":"https:\/\/api.w.org\/{rel}","templated":true}]}}