{"id":30975,"date":"2024-08-18T19:55:34","date_gmt":"2024-08-24T13:23:28","guid":{"rendered":"https:\/\/staging.nbg.eu\/product\/tuote-3\/"},"modified":"2024-08-24T13:26:06","modified_gmt":"2024-08-24T13:26:06","slug":"sordin-supreme-pro-x-kuulonsuojain","status":"publish","type":"product","link":"https:\/\/staging.nbg.eu\/fi\/tuote\/sordin-supreme-pro-x-kuulonsuojain\/","title":{"rendered":"Sordin Supreme-Pro X kuulonsuojain"},"content":{"rendered":"<div class=\"product-description\">\n<h2>Sordin Supreme-Pro X Kuulonsuojaimet<\/h2>\n<p>Koe ylivertainen kuulonsuojaus Sordin Supreme-Pro X:ll\u00e4. N\u00e4m\u00e4 edistykselliset kuulonsuojaimet tarjoavat:<\/p>\n<ul>\n<li>Aktiivinen melunvaimennus optimaaliseen turvallisuuteen<\/li>\n<li>Ymp\u00e4r\u00f6ivien \u00e4\u00e4nten vahvistus tilannetietoisuuden s\u00e4ilytt\u00e4miseksi<\/li>\n<li>Vedenpit\u00e4v\u00e4 rakenne kaikkiin s\u00e4\u00e4olosuhteisiin<\/li>\n<li>Mukava, ergonominen istuvuus pitk\u00e4aikaiseen k\u00e4ytt\u00f6\u00f6n<\/li>\n<li>Ohut profiili saumattomaan integraatioon muiden varusteiden kanssa<\/li>\n<\/ul>\n<p>Supreme-Pro X sopii t\u00e4ydellisesti ammuntaan, mets\u00e4stykseen tai teollisiin sovelluksiin, tarjoten vertaansa vailla olevan kuulonsuojauksen tinkim\u00e4tt\u00e4 kommunikaatiosta tai ymp\u00e4rist\u00f6n havainnoimisesta. Suojaa kuuloasi Sordinin huipputeknologialla.<\/p>\n<\/div>\n","protected":false},"excerpt":{"rendered":"<p>Sordin Supreme-Pro X: Huippuluokan kuulonsuojaimet kristallinkirkkaalla \u00e4\u00e4nell\u00e4.<\/p>\n","protected":false},"featured_media":30271,"template":"","meta":{"_acf_changed":false},"product_brand":[],"product_cat":[13187,13241,13192],"product_tag":[],"class_list":{"0":"post-30975","1":"product","2":"type-product","3":"status-publish","4":"has-post-thumbnail","6":"product_cat-kuulosuojaimet","7":"product_cat-luokittelematon","8":"product_cat-varusteet","10":"first","11":"instock","12":"taxable","13":"shipping-taxable","14":"purchasable","15":"product-type-variable","16":"wvs-archive-product-wrapper"},"acf":[],"_links":{"self":[{"href":"https:\/\/staging.nbg.eu\/fi\/wp-json\/wp\/v2\/product\/30975","targetHints":{"allow":["GET"]}}],"collection":[{"href":"https:\/\/staging.nbg.eu\/fi\/wp-json\/wp\/v2\/product"}],"about":[{"href":"https:\/\/staging.nbg.eu\/fi\/wp-json\/wp\/v2\/types\/product"}],"wp:featuredmedia":[{"embeddable":true,"href":"https:\/\/staging.nbg.eu\/fi\/wp-json\/wp\/v2\/media\/30271"}],"wp:attachment":[{"href":"https:\/\/staging.nbg.eu\/fi\/wp-json\/wp\/v2\/media?parent=30975"}],"wp:term":[{"taxonomy":"product_brand","embeddable":true,"href":"https:\/\/staging.nbg.eu\/fi\/wp-json\/wp\/v2\/product_brand?post=30975"},{"taxonomy":"product_cat","embeddable":true,"href":"https:\/\/staging.nbg.eu\/fi\/wp-json\/wp\/v2\/product_cat?post=30975"},{"taxonomy":"product_tag","embeddable":true,"href":"https:\/\/staging.nbg.eu\/fi\/wp-json\/wp\/v2\/product_tag?post=30975"}],"curies":[{"name":"wp","href":"https:\/\/api.w.org\/{rel}","templated":true}]}}