{"id":290569,"date":"2025-03-02T07:15:36","date_gmt":"2025-03-02T07:15:36","guid":{"rendered":"https:\/\/staging.nbg.eu\/prodcut\/two-vets-tripod-with-area-419-arcalock-dual-clamp-the-qdt-v2-ls-i\/"},"modified":"2025-03-27T10:49:45","modified_gmt":"2025-03-27T10:49:45","slug":"two-vets-jalusta-area-419-arcalock-kaksoisklemmalla-qdt-v2-ls-i","status":"publish","type":"product","link":"https:\/\/staging.nbg.eu\/fi\/tuote\/two-vets-jalusta-area-419-arcalock-kaksoisklemmalla-qdt-v2-ls-i\/","title":{"rendered":"Two Vets Jalusta Area 419 ARCALOCK Kaksoisklemmalla &#8211; QDT V2 LS I"},"content":{"rendered":"<h2>Two Vets Tripod Area 419 ARCALOCK -kaksoiskiristimell\u00e4 &#8211; QDT V2 LS I<\/h2>\n<p>GripChanger on uusi ampumatarvike. T\u00e4m\u00e4 450 gramman painoinen pussi sopii asennon rakentamiseen ja k\u00e4ytt\u00f6\u00f6n pieniss\u00e4 aukoissa. Sen tiivis t\u00e4yte mahdollistaa tarttumisen erilaisiin pintoihin ja tarjoaa vakaan alustan.<\/p>\n<h2>Pakkaus sis\u00e4lt\u00e4\u00e4:<\/h2>\n<ul>\n<li>1 Area 419 GripChanger -pussi<\/li>\n<li>1 ARCALOCK-kiristin<\/li>\n<li>1 Area 419 Rail Changer -varsi<\/li>\n<\/ul>\n<p><strong>Mitat:<\/strong> 25,4 cm \u00d7 7,6 cm \u00d7 5,1 cm<br \/>\n<strong>Valmistaja:<\/strong> Armageddon Gear<\/p>\n<p>GripChanger-sarja on monipuolinen ja luotettava ampumatarvike.<\/p>\n","protected":false},"excerpt":{"rendered":"<p>Monipuolinen kolmijalka kaksoiskiristimell\u00e4 nopeita ja vakaita kuvausasentoja varten.<\/p>\n","protected":false},"featured_media":233724,"template":"","meta":{"_acf_changed":false},"product_brand":[11033],"product_cat":[13218,13225],"product_tag":[],"class_list":{"0":"post-290569","1":"product","2":"type-product","3":"status-publish","4":"has-post-thumbnail","6":"product_brand-area-419","7":"product_cat-jalustakiinnikkeet","8":"product_cat-kivaeaeri","10":"first","11":"instock","12":"taxable","13":"shipping-taxable","14":"purchasable","15":"product-type-simple"},"acf":[],"_links":{"self":[{"href":"https:\/\/staging.nbg.eu\/fi\/wp-json\/wp\/v2\/product\/290569","targetHints":{"allow":["GET"]}}],"collection":[{"href":"https:\/\/staging.nbg.eu\/fi\/wp-json\/wp\/v2\/product"}],"about":[{"href":"https:\/\/staging.nbg.eu\/fi\/wp-json\/wp\/v2\/types\/product"}],"wp:featuredmedia":[{"embeddable":true,"href":"https:\/\/staging.nbg.eu\/fi\/wp-json\/wp\/v2\/media\/233724"}],"wp:attachment":[{"href":"https:\/\/staging.nbg.eu\/fi\/wp-json\/wp\/v2\/media?parent=290569"}],"wp:term":[{"taxonomy":"product_brand","embeddable":true,"href":"https:\/\/staging.nbg.eu\/fi\/wp-json\/wp\/v2\/product_brand?post=290569"},{"taxonomy":"product_cat","embeddable":true,"href":"https:\/\/staging.nbg.eu\/fi\/wp-json\/wp\/v2\/product_cat?post=290569"},{"taxonomy":"product_tag","embeddable":true,"href":"https:\/\/staging.nbg.eu\/fi\/wp-json\/wp\/v2\/product_tag?post=290569"}],"curies":[{"name":"wp","href":"https:\/\/api.w.org\/{rel}","templated":true}]}}