{"id":290328,"date":"2025-03-02T06:33:52","date_gmt":"2025-03-27T10:02:27","guid":{"rendered":"https:\/\/staging.nbg.eu\/prodcut\/area-419-railchanger-og-bag\/"},"modified":"2025-03-27T10:04:52","modified_gmt":"2025-03-27T10:04:52","slug":"area-419-railchanger-og-laukku","status":"publish","type":"product","link":"https:\/\/staging.nbg.eu\/fi\/tuote\/area-419-railchanger-og-laukku\/","title":{"rendered":"Area 419 &#8211; RailChanger OG Laukku"},"content":{"rendered":"<h2>Area 419 &#8211; RailChanger OG -laukku<\/h2>\n<p>RailChanger OG Armageddon Gearilta &#8211; RCX-j\u00e4rjestelm\u00e4n lis\u00e4varuste. T\u00e4ss\u00e4 t\u00e4ysikokoisessa OG GameChangerissa on laserleikkuupaneelit yl\u00e4- ja sivuosassa RCX-kokoonpanoa varten.<\/p>\n<h2>Ominaisuudet:<\/h2>\n<ul>\n<li>Suunniteltu RCX-j\u00e4rjestelm\u00e4lle<\/li>\n<li>Laserleikkuupaneelit kiinnityst\u00e4 varten<\/li>\n<li>T\u00e4ysikokoinen OG GameChanger -malli<\/li>\n<li>Kest\u00e4v\u00e4 rakenne<\/li>\n<\/ul>\n<h2>Tekniset tiedot:<\/h2>\n<ul>\n<li>Paino: 3,2 kg<\/li>\n<li>Mitat: 25,4 \u00d7 17,8 \u00d7 15,2 cm<\/li>\n<li>Saatavilla olevat v\u00e4rit: Musta, Hiekka<\/li>\n<\/ul>\n<p>RailChanger OG on suunniteltu RCX-j\u00e4rjestelm\u00e4\u00e4 varten. Sopii ampumaharjoitteluun.<\/p>\n","protected":false},"excerpt":{"rendered":"<p>R\u00e4\u00e4t\u00e4l\u00f6ity GameChanger-laukku RCX:lle: laserleikattavat paneelit, t\u00e4ysikokoinen, monipuolinen.<\/p>\n","protected":false},"featured_media":233467,"template":"","meta":{"_acf_changed":false},"product_brand":[11033],"product_cat":[13225],"product_tag":[],"class_list":{"0":"post-290328","1":"product","2":"type-product","3":"status-publish","4":"has-post-thumbnail","6":"product_brand-area-419","7":"product_cat-kivaeaeri","9":"first","10":"outofstock","11":"taxable","12":"shipping-taxable","13":"purchasable","14":"product-type-variable","15":"wvs-archive-product-wrapper"},"acf":[],"_links":{"self":[{"href":"https:\/\/staging.nbg.eu\/fi\/wp-json\/wp\/v2\/product\/290328","targetHints":{"allow":["GET"]}}],"collection":[{"href":"https:\/\/staging.nbg.eu\/fi\/wp-json\/wp\/v2\/product"}],"about":[{"href":"https:\/\/staging.nbg.eu\/fi\/wp-json\/wp\/v2\/types\/product"}],"wp:featuredmedia":[{"embeddable":true,"href":"https:\/\/staging.nbg.eu\/fi\/wp-json\/wp\/v2\/media\/233467"}],"wp:attachment":[{"href":"https:\/\/staging.nbg.eu\/fi\/wp-json\/wp\/v2\/media?parent=290328"}],"wp:term":[{"taxonomy":"product_brand","embeddable":true,"href":"https:\/\/staging.nbg.eu\/fi\/wp-json\/wp\/v2\/product_brand?post=290328"},{"taxonomy":"product_cat","embeddable":true,"href":"https:\/\/staging.nbg.eu\/fi\/wp-json\/wp\/v2\/product_cat?post=290328"},{"taxonomy":"product_tag","embeddable":true,"href":"https:\/\/staging.nbg.eu\/fi\/wp-json\/wp\/v2\/product_tag?post=290328"}],"curies":[{"name":"wp","href":"https:\/\/api.w.org\/{rel}","templated":true}]}}