{"id":290209,"date":"2025-03-02T10:02:47","date_gmt":"2025-03-02T10:02:47","guid":{"rendered":"https:\/\/staging.nbg.eu\/prodcut\/area-419-arcalock-rail-for-barrett-mrad-mk22-sniper-system\/"},"modified":"2025-03-27T09:57:06","modified_gmt":"2025-03-27T09:57:06","slug":"area-419-arcalock-kisko-barrett-mrad-mk22-tarkka-ampujajaerjestelmaelle","status":"publish","type":"product","link":"https:\/\/staging.nbg.eu\/fi\/tuote\/area-419-arcalock-kisko-barrett-mrad-mk22-tarkka-ampujajaerjestelmaelle\/","title":{"rendered":"Area 419 &#8211; ARCALOCK Kisko Barrett MRAD, MK22 Tarkka-ampujaj\u00e4rjestelm\u00e4lle"},"content":{"rendered":"<div class=\"product-description\">\n<h2>Area 419 &#8211; ARCALOCK-kisko Barrett MRAD:lle ja MK22 Sniper System:lle<\/h2>\n<p>ARCALOCK-kisko Barrett MRAD:lle tai MK22 Sniper System:lle Area 419:lt\u00e4. T\u00e4m\u00e4 lis\u00e4varuste tarjoaa:<\/p>\n<ul>\n<li>Yhteensopivuus Barrett MRAD ja MK22 alustojen kanssa<\/li>\n<li>7075-T6 alumiinirakenne kest\u00e4vyytt\u00e4 varten<\/li>\n<li>ARCALOCK-kiinnitysj\u00e4rjestelm\u00e4<\/li>\n<li>Pidennetty yl\u00e4kisko lis\u00e4varusteiden kiinnitt\u00e4mist\u00e4 varten<\/li>\n<li>M-LOK yhteensopivat sivut ja pohja<\/li>\n<li>Kevyt rakenne<\/li>\n<li>Anodisoitu pinta korroosion est\u00e4miseksi<\/li>\n<\/ul>\n<p>Area 419 ARCALOCK-kisko on lis\u00e4varuste ampujille ja sotilasalan ammattilaisille.<\/p>\n<\/div>\n","protected":false},"excerpt":{"rendered":"<p>Tarkkuusvalmistettu ARCALOCK-kisko Barrett MRAD\/MK22:lle. Parantaa tarkkuutta ja lis\u00e4varusteiden kiinnityst\u00e4.<\/p>\n","protected":false},"featured_media":234163,"template":"","meta":{"_acf_changed":false},"product_brand":[11033],"product_cat":[13173,13225],"product_tag":[],"class_list":{"0":"post-290209","1":"product","2":"type-product","3":"status-publish","4":"has-post-thumbnail","6":"product_brand-area-419","7":"product_cat-kiskot","8":"product_cat-kivaeaeri","10":"first","11":"instock","12":"taxable","13":"shipping-taxable","14":"purchasable","15":"product-type-simple"},"acf":[],"_links":{"self":[{"href":"https:\/\/staging.nbg.eu\/fi\/wp-json\/wp\/v2\/product\/290209","targetHints":{"allow":["GET"]}}],"collection":[{"href":"https:\/\/staging.nbg.eu\/fi\/wp-json\/wp\/v2\/product"}],"about":[{"href":"https:\/\/staging.nbg.eu\/fi\/wp-json\/wp\/v2\/types\/product"}],"wp:featuredmedia":[{"embeddable":true,"href":"https:\/\/staging.nbg.eu\/fi\/wp-json\/wp\/v2\/media\/234163"}],"wp:attachment":[{"href":"https:\/\/staging.nbg.eu\/fi\/wp-json\/wp\/v2\/media?parent=290209"}],"wp:term":[{"taxonomy":"product_brand","embeddable":true,"href":"https:\/\/staging.nbg.eu\/fi\/wp-json\/wp\/v2\/product_brand?post=290209"},{"taxonomy":"product_cat","embeddable":true,"href":"https:\/\/staging.nbg.eu\/fi\/wp-json\/wp\/v2\/product_cat?post=290209"},{"taxonomy":"product_tag","embeddable":true,"href":"https:\/\/staging.nbg.eu\/fi\/wp-json\/wp\/v2\/product_tag?post=290209"}],"curies":[{"name":"wp","href":"https:\/\/api.w.org\/{rel}","templated":true}]}}