{"id":289997,"date":"2025-03-06T10:55:57","date_gmt":"2025-03-06T10:55:57","guid":{"rendered":"https:\/\/staging.nbg.eu\/prodcut\/surefire-xr1-a-weapon-light\/"},"modified":"2025-03-26T21:50:05","modified_gmt":"2025-03-26T21:50:05","slug":"surefire-xr1-a-asevalo","status":"publish","type":"product","link":"https:\/\/staging.nbg.eu\/fi\/tuote\/surefire-xr1-a-asevalo\/","title":{"rendered":"SureFire XR1-A Asevalo"},"content":{"rendered":"<div class=\"product-description\">\n<h2>SureFire XR1-A Asevalo<\/h2>\n<p>SureFire XR1-A on ladattava asevalo piilotettuun kantoon. T\u00e4m\u00e4 kompakti laite tuottaa 800 lumenia valkoista valoa, sopien keskikokoisiin k\u00e4siaseisiin.<\/p>\n<h2>Ominaisuudet:<\/h2>\n<ul>\n<li>Kaksi LED-valoa, 800 lumenin teho<\/li>\n<li>Hybridivalokuvio tunnistamiseen ja tilannetietoisuuteen<\/li>\n<li>Irrotettava, ladattava litiumpolymeeriakku<\/li>\n<li>Kevyt, kompakti rakenne (75 g)<\/li>\n<li>Anodisoitu ilmailualumiinirunko<\/li>\n<li>Nelj\u00e4n pisteen kiskokiinnitys<\/li>\n<li>Hetkellinen ja jatkuva kytkent\u00e4 molemmille k\u00e4sille<\/li>\n<li>Akussa varaustason ilmaisin<\/li>\n<\/ul>\n<h2>Suorituskyky:<\/h2>\n<ul>\n<li>Valokeilan huippuintensiteetti: 16 000 kandelaa<\/li>\n<li>K\u00e4ytt\u00f6aika: 40 minuuttia t\u00e4ydell\u00e4 teholla<\/li>\n<li>Valokeilan kantama: 250 metri\u00e4<\/li>\n<\/ul>\n<p>XR1-A:n parabolinen heijastin tuottaa tasaisen valokeilan ymp\u00e4rist\u00f6n havainnointiin. Akku on irrotettavissa latausta varten ilman valon poistamista aseesta.<\/p>\n<p>XR1-A on kompakti asevalo, joka yhdist\u00e4\u00e4 tehon, kest\u00e4vyyden ja k\u00e4yt\u00e4nn\u00f6llisyyden heikent\u00e4m\u00e4tt\u00e4 aseen piilotettavuutta ja k\u00e4sitelt\u00e4vyytt\u00e4.<\/p>\n<\/div>\n","protected":false},"excerpt":{"rendered":"<p>SureFire XR1-A: 800 lumenin ladattava asevalo k\u00e4siaseille.<\/p>\n","protected":false},"featured_media":241808,"template":"","meta":{"_acf_changed":false},"product_brand":[11869],"product_cat":[13182,13209,13216],"product_tag":[],"class_list":{"0":"post-289997","1":"product","2":"type-product","3":"status-publish","4":"has-post-thumbnail","6":"product_brand-surefire","7":"product_cat-pistooli","8":"product_cat-pistoolin-valot","9":"product_cat-valot","11":"first","12":"instock","13":"taxable","14":"shipping-taxable","15":"purchasable","16":"product-type-simple"},"acf":[],"_links":{"self":[{"href":"https:\/\/staging.nbg.eu\/fi\/wp-json\/wp\/v2\/product\/289997","targetHints":{"allow":["GET"]}}],"collection":[{"href":"https:\/\/staging.nbg.eu\/fi\/wp-json\/wp\/v2\/product"}],"about":[{"href":"https:\/\/staging.nbg.eu\/fi\/wp-json\/wp\/v2\/types\/product"}],"wp:featuredmedia":[{"embeddable":true,"href":"https:\/\/staging.nbg.eu\/fi\/wp-json\/wp\/v2\/media\/241808"}],"wp:attachment":[{"href":"https:\/\/staging.nbg.eu\/fi\/wp-json\/wp\/v2\/media?parent=289997"}],"wp:term":[{"taxonomy":"product_brand","embeddable":true,"href":"https:\/\/staging.nbg.eu\/fi\/wp-json\/wp\/v2\/product_brand?post=289997"},{"taxonomy":"product_cat","embeddable":true,"href":"https:\/\/staging.nbg.eu\/fi\/wp-json\/wp\/v2\/product_cat?post=289997"},{"taxonomy":"product_tag","embeddable":true,"href":"https:\/\/staging.nbg.eu\/fi\/wp-json\/wp\/v2\/product_tag?post=289997"}],"curies":[{"name":"wp","href":"https:\/\/api.w.org\/{rel}","templated":true}]}}