{"id":289886,"date":"2025-03-01T16:08:15","date_gmt":"2025-03-26T21:40:21","guid":{"rendered":"https:\/\/staging.nbg.eu\/prodcut\/area-419-arcalock-barricade-stop\/"},"modified":"2025-03-26T21:42:47","modified_gmt":"2025-03-26T21:42:47","slug":"area-419-arcalock-barrikaadieste","status":"publish","type":"product","link":"https:\/\/staging.nbg.eu\/fi\/tuote\/area-419-arcalock-barrikaadieste\/","title":{"rendered":"Area 419 &#8211; ARCALOCK Barrikaadieste"},"content":{"rendered":"<h2>Area 419 &#8211; ARCALOCK Estetuki<\/h2>\n<p>Lis\u00e4\u00e4 ARCALOCK-j\u00e4rjestelm\u00e4\u00e4si t\u00e4m\u00e4 ylim\u00e4\u00e4r\u00e4inen estetuki vakautta ja tarkkuutta varten.<\/p>\n<h2>Ominaisuudet:<\/h2>\n<ul>\n<li>Yhteensopiva pulttikuvio Atlas-kaksijalan kanssa<\/li>\n<li>Monipuolinen asennus: kiinnitett\u00e4viss\u00e4 puristimen ja kaksijalan v\u00e4liin tai k\u00e4ytett\u00e4viss\u00e4 itsen\u00e4isesti<\/li>\n<li>Etureunassa hampaat estett\u00e4 vasten pitoa varten<\/li>\n<li>Koneistettu 6061-T6 alumiinista<\/li>\n<li>Paino 0,23 kg<\/li>\n<li>Mitat: 15,2 cm \u00d7 8,9 cm \u00d7 5,1 cm<\/li>\n<\/ul>\n<p><strong>Huomio:<\/strong> Vain estetuki; puristin ja kaksijalka eiv\u00e4t sis\u00e4lly. Ei yhteensopiva Harris-kaksijalan kanssa ilman jatkokappaletta.<\/p>\n<p>Area 419 ARCALOCK Estetuki on lis\u00e4varuste vakautta varten erilaisissa ymp\u00e4rist\u00f6iss\u00e4.<\/p>\n","protected":false},"excerpt":{"rendered":"<p>Area 419 ARCALOCK Barricade Stop: Varma ote tarkkuusammuntaan.<\/p>\n","protected":false},"featured_media":233037,"template":"","meta":{"_acf_changed":false},"product_brand":[11033],"product_cat":[13173,13225,13196,13174],"product_tag":[],"class_list":{"0":"post-289886","1":"product","2":"type-product","3":"status-publish","4":"has-post-thumbnail","6":"product_brand-area-419","7":"product_cat-kiskot","8":"product_cat-kivaeaeri","9":"product_cat-kivaeaerin-kaedensijat","10":"product_cat-kivaeaerin-viritys","12":"first","13":"instock","14":"taxable","15":"shipping-taxable","16":"purchasable","17":"product-type-simple"},"acf":[],"_links":{"self":[{"href":"https:\/\/staging.nbg.eu\/fi\/wp-json\/wp\/v2\/product\/289886","targetHints":{"allow":["GET"]}}],"collection":[{"href":"https:\/\/staging.nbg.eu\/fi\/wp-json\/wp\/v2\/product"}],"about":[{"href":"https:\/\/staging.nbg.eu\/fi\/wp-json\/wp\/v2\/types\/product"}],"wp:featuredmedia":[{"embeddable":true,"href":"https:\/\/staging.nbg.eu\/fi\/wp-json\/wp\/v2\/media\/233037"}],"wp:attachment":[{"href":"https:\/\/staging.nbg.eu\/fi\/wp-json\/wp\/v2\/media?parent=289886"}],"wp:term":[{"taxonomy":"product_brand","embeddable":true,"href":"https:\/\/staging.nbg.eu\/fi\/wp-json\/wp\/v2\/product_brand?post=289886"},{"taxonomy":"product_cat","embeddable":true,"href":"https:\/\/staging.nbg.eu\/fi\/wp-json\/wp\/v2\/product_cat?post=289886"},{"taxonomy":"product_tag","embeddable":true,"href":"https:\/\/staging.nbg.eu\/fi\/wp-json\/wp\/v2\/product_tag?post=289886"}],"curies":[{"name":"wp","href":"https:\/\/api.w.org\/{rel}","templated":true}]}}