{"id":289758,"date":"2025-03-01T16:03:10","date_gmt":"2025-03-26T21:35:16","guid":{"rendered":"https:\/\/staging.nbg.eu\/prodcut\/area-419-arcalock-8-universal-dovetail-rail\/"},"modified":"2025-03-26T21:37:43","modified_gmt":"2025-03-26T21:37:43","slug":"area-419-arcalock-8-yleiskaeyttoeinen-liitoskisko","status":"publish","type":"product","link":"https:\/\/staging.nbg.eu\/fi\/tuote\/area-419-arcalock-8-yleiskaeyttoeinen-liitoskisko\/","title":{"rendered":"Area 419 &#8211; ARCALOCK 8&#8243; Yleisk\u00e4ytt\u00f6inen Liitoskisko"},"content":{"rendered":"<div class=\"product-description\">\n<h2>Area 419 &#8211; ARCALOCK 8&#8243; Yleisk\u00e4ytt\u00f6inen Lohenpyrst\u00f6kisko<\/h2>\n<p>ARCALOCK 8&#8243; Yleisk\u00e4ytt\u00f6inen Lohenpyrst\u00f6kisko Area 419:lt\u00e4. T\u00e4m\u00e4n kiskoj\u00e4rjestelm\u00e4n ominaisuudet:<\/p>\n<ul>\n<li>Sahalaitaiset sivut mekaanista lukitusta varten Area 419 -puristimilla<\/li>\n<li>Yhteensopiva tavallisten ARCA-lis\u00e4varusteiden kanssa<\/li>\n<li>8&#8243; pituus koko etuosan peitt\u00e4miseksi<\/li>\n<li>Kevyt rakenne, paino vain 3 unssia<\/li>\n<li>Noudattaa RRS 1.5&#8243; Lohenpyrst\u00f6standardia<\/li>\n<li>Py\u00f6ristetyt reunat<\/li>\n<li>Tyypin 3 kova anodisoitu pinta<\/li>\n<li>Valmistettu USA:ssa 6061-T6 alumiinista<\/li>\n<\/ul>\n<p>ARCALOCK-kiskoj\u00e4rjestelm\u00e4 on suunniteltu parantamaan ampumissuoritusta.<\/p>\n<\/div>\n","protected":false},"excerpt":{"rendered":"<p>Area 419 ARCALOCK: 8 tuuman lukittuva lohenpyrst\u00f6kisko tarkkuuskiv\u00e4\u00e4reille.<\/p>\n","protected":false},"featured_media":232887,"template":"","meta":{"_acf_changed":false},"product_brand":[11033],"product_cat":[13173,13225,390],"product_tag":[],"class_list":{"0":"post-289758","1":"product","2":"type-product","3":"status-publish","4":"has-post-thumbnail","6":"product_brand-area-419","7":"product_cat-kiskot","8":"product_cat-kivaeaeri","9":"product_cat-aiming","11":"first","12":"instock","13":"taxable","14":"shipping-taxable","15":"purchasable","16":"product-type-simple"},"acf":[],"_links":{"self":[{"href":"https:\/\/staging.nbg.eu\/fi\/wp-json\/wp\/v2\/product\/289758","targetHints":{"allow":["GET"]}}],"collection":[{"href":"https:\/\/staging.nbg.eu\/fi\/wp-json\/wp\/v2\/product"}],"about":[{"href":"https:\/\/staging.nbg.eu\/fi\/wp-json\/wp\/v2\/types\/product"}],"wp:featuredmedia":[{"embeddable":true,"href":"https:\/\/staging.nbg.eu\/fi\/wp-json\/wp\/v2\/media\/232887"}],"wp:attachment":[{"href":"https:\/\/staging.nbg.eu\/fi\/wp-json\/wp\/v2\/media?parent=289758"}],"wp:term":[{"taxonomy":"product_brand","embeddable":true,"href":"https:\/\/staging.nbg.eu\/fi\/wp-json\/wp\/v2\/product_brand?post=289758"},{"taxonomy":"product_cat","embeddable":true,"href":"https:\/\/staging.nbg.eu\/fi\/wp-json\/wp\/v2\/product_cat?post=289758"},{"taxonomy":"product_tag","embeddable":true,"href":"https:\/\/staging.nbg.eu\/fi\/wp-json\/wp\/v2\/product_tag?post=289758"}],"curies":[{"name":"wp","href":"https:\/\/api.w.org\/{rel}","templated":true}]}}