{"id":289552,"date":"2025-03-01T14:21:59","date_gmt":"2025-03-26T21:27:45","guid":{"rendered":"https:\/\/staging.nbg.eu\/prodcut\/area-419-arcalock-10%e2%80%b3-universal-dovetail-rail\/"},"modified":"2025-03-26T21:30:17","modified_gmt":"2025-03-26T21:30:17","slug":"area-419-arcalock-10-yleiskaeyttoeinen-liitoskisko","status":"publish","type":"product","link":"https:\/\/staging.nbg.eu\/fi\/tuote\/area-419-arcalock-10-yleiskaeyttoeinen-liitoskisko\/","title":{"rendered":"Area 419 &#8211; ARCALOCK 10&#8243; Yleisk\u00e4ytt\u00f6inen Liitoskisko"},"content":{"rendered":"<div class=\"product-description\">\n<h2>Area 419 &#8211; ARCALOCK 10&#8243; Yleisk\u00e4ytt\u00f6inen Lohenpyrst\u00f6kisko<\/h2>\n<p>Area 419:n ARCALOCK 10&#8243; Yleisk\u00e4ytt\u00f6inen Lohenpyrst\u00f6kisko tarkkuuskiv\u00e4\u00e4reihin. Kiskon ominaisuudet:<\/p>\n<ul>\n<li>Sahalaitaiset sivut mekaanista lukitusta varten Area 419 -puristimilla<\/li>\n<li>Yhteensopiva tavallisten Arca-lis\u00e4varusteiden kanssa<\/li>\n<li>Kevyt rakenne, paino vain 4,1 unssia<\/li>\n<li>Noudattaa RRS 1,5&#8243; Lohenpyrst\u00f6standardia<\/li>\n<li>Viistetyt reunat<\/li>\n<li>Tyyppi 3 Kova anodisoitu 6061-T6 alumiinirakenne<\/li>\n<li>Valmistettu Yhdysvalloissa<\/li>\n<li>M-LOK-urat lis\u00e4varusteiden kiinnitt\u00e4miseen<\/li>\n<\/ul>\n<p><strong>Huomio:<\/strong> Vaatii 6 per\u00e4kk\u00e4ist\u00e4 MLOK-uraa kiinnitykseen. Jos tukissa on v\u00e4hemm\u00e4n uria, harkitse 12&#8243; yleiskiskoa.<\/p>\n<p>ARCALOCK Lohenpyrst\u00f6kiskoj\u00e4rjestelm\u00e4 tarkkuusammuntaan.<\/p>\n<\/div>\n","protected":false},"excerpt":{"rendered":"<p>ARCALOCK 10&#8243; yleismallinen lohenpyrst\u00f6kisko: Turvallinen, monipuolinen MLOK-kiinnitys tarkkuuskiv\u00e4\u00e4reille.<\/p>\n","protected":false},"featured_media":232421,"template":"","meta":{"_acf_changed":false},"product_brand":[11033],"product_cat":[13173,13225,390],"product_tag":[],"class_list":{"0":"post-289552","1":"product","2":"type-product","3":"status-publish","4":"has-post-thumbnail","6":"product_brand-area-419","7":"product_cat-kiskot","8":"product_cat-kivaeaeri","9":"product_cat-aiming","11":"first","12":"instock","13":"taxable","14":"shipping-taxable","15":"purchasable","16":"product-type-simple"},"acf":[],"_links":{"self":[{"href":"https:\/\/staging.nbg.eu\/fi\/wp-json\/wp\/v2\/product\/289552","targetHints":{"allow":["GET"]}}],"collection":[{"href":"https:\/\/staging.nbg.eu\/fi\/wp-json\/wp\/v2\/product"}],"about":[{"href":"https:\/\/staging.nbg.eu\/fi\/wp-json\/wp\/v2\/types\/product"}],"wp:featuredmedia":[{"embeddable":true,"href":"https:\/\/staging.nbg.eu\/fi\/wp-json\/wp\/v2\/media\/232421"}],"wp:attachment":[{"href":"https:\/\/staging.nbg.eu\/fi\/wp-json\/wp\/v2\/media?parent=289552"}],"wp:term":[{"taxonomy":"product_brand","embeddable":true,"href":"https:\/\/staging.nbg.eu\/fi\/wp-json\/wp\/v2\/product_brand?post=289552"},{"taxonomy":"product_cat","embeddable":true,"href":"https:\/\/staging.nbg.eu\/fi\/wp-json\/wp\/v2\/product_cat?post=289552"},{"taxonomy":"product_tag","embeddable":true,"href":"https:\/\/staging.nbg.eu\/fi\/wp-json\/wp\/v2\/product_tag?post=289552"}],"curies":[{"name":"wp","href":"https:\/\/api.w.org\/{rel}","templated":true}]}}