{"id":289407,"date":"2025-03-01T15:46:12","date_gmt":"2025-03-26T21:23:34","guid":{"rendered":"https:\/\/staging.nbg.eu\/prodcut\/area-419-arcalock-14-universal-dovetail-rail\/"},"modified":"2025-03-26T21:26:03","modified_gmt":"2025-03-26T21:26:03","slug":"area-419-arcalock-14-yleiskaeyttoeinen-liitoskisko","status":"publish","type":"product","link":"https:\/\/staging.nbg.eu\/fi\/tuote\/area-419-arcalock-14-yleiskaeyttoeinen-liitoskisko\/","title":{"rendered":"Area 419 &#8211; ARCALOCK 14&#8243; Yleisk\u00e4ytt\u00f6inen Liitoskisko"},"content":{"rendered":"<h2>Area 419 &#8211; ARCALOCK 14&#8243; Yleisk\u00e4ytt\u00f6inen Lohenpyrst\u00f6kisko<\/h2>\n<p>ARCALOCK 14&#8243; Yleisk\u00e4ytt\u00f6inen Lohenpyrst\u00f6kisko Area 419:lt\u00e4. T\u00e4m\u00e4 kiskoj\u00e4rjestelm\u00e4 sis\u00e4lt\u00e4\u00e4:<\/p>\n<ul>\n<li>Hammastetut sivut mekaanista lukitusta varten Area 419 -puristimilla<\/li>\n<li>65 lukitusasentoa 14&#8243; kiskossa<\/li>\n<li>Yhteensopivuus tavallisten Arca-lis\u00e4varusteiden kanssa<\/li>\n<li>Hammastettu kiinte\u00e4 takaeste jatkoliittimell\u00e4<\/li>\n<li>Kevyt rakenne, paino vain 5,6 unssia<\/li>\n<li>Valmistettu RRS 1,5&#8243; Lohenpyrst\u00f6standardin mukaan<\/li>\n<li>Py\u00f6ristetyt kulmat ja viistetyt reunat<\/li>\n<li>Tyyppi 3 kovapinnoitettu 6061-T6 alumiinirakenne<\/li>\n<li>Valmistettu Yhdysvalloissa<\/li>\n<\/ul>\n<p>ARCALOCK-kiskoj\u00e4rjestelm\u00e4 on suunniteltu tarkkuutta ja suorituskyky\u00e4 varten.<\/p>\n","protected":false},"excerpt":{"rendered":"<p>&#8221;Lukittuva ARCA-kisko tarkkuuskiv\u00e4\u00e4reille. 35,5 cm, 65 asentoa, 159 grammaa.&#8221;<\/p>\n","protected":false},"featured_media":232584,"template":"","meta":{"_acf_changed":false},"product_brand":[11033],"product_cat":[13173,13225,390],"product_tag":[],"class_list":{"0":"post-289407","1":"product","2":"type-product","3":"status-publish","4":"has-post-thumbnail","6":"product_brand-area-419","7":"product_cat-kiskot","8":"product_cat-kivaeaeri","9":"product_cat-aiming","11":"first","12":"instock","13":"taxable","14":"shipping-taxable","15":"purchasable","16":"product-type-simple"},"acf":[],"_links":{"self":[{"href":"https:\/\/staging.nbg.eu\/fi\/wp-json\/wp\/v2\/product\/289407","targetHints":{"allow":["GET"]}}],"collection":[{"href":"https:\/\/staging.nbg.eu\/fi\/wp-json\/wp\/v2\/product"}],"about":[{"href":"https:\/\/staging.nbg.eu\/fi\/wp-json\/wp\/v2\/types\/product"}],"wp:featuredmedia":[{"embeddable":true,"href":"https:\/\/staging.nbg.eu\/fi\/wp-json\/wp\/v2\/media\/232584"}],"wp:attachment":[{"href":"https:\/\/staging.nbg.eu\/fi\/wp-json\/wp\/v2\/media?parent=289407"}],"wp:term":[{"taxonomy":"product_brand","embeddable":true,"href":"https:\/\/staging.nbg.eu\/fi\/wp-json\/wp\/v2\/product_brand?post=289407"},{"taxonomy":"product_cat","embeddable":true,"href":"https:\/\/staging.nbg.eu\/fi\/wp-json\/wp\/v2\/product_cat?post=289407"},{"taxonomy":"product_tag","embeddable":true,"href":"https:\/\/staging.nbg.eu\/fi\/wp-json\/wp\/v2\/product_tag?post=289407"}],"curies":[{"name":"wp","href":"https:\/\/api.w.org\/{rel}","templated":true}]}}