{"id":289320,"date":"2024-01-30T18:07:31","date_gmt":"2025-03-26T21:21:20","guid":{"rendered":"https:\/\/staging.nbg.eu\/prodcut\/area-419-arcalock-12-m-lok-dovetail-rail-2\/"},"modified":"2025-05-07T19:39:19","modified_gmt":"2025-05-07T19:39:19","slug":"area-419-arcalock-12-m-lok-liitoskisko","status":"publish","type":"product","link":"https:\/\/staging.nbg.eu\/fi\/tuote\/area-419-arcalock-12-m-lok-liitoskisko\/","title":{"rendered":"Area 419 &#8211; ARCALOCK 12&#8243; M-LOK Liitoskisko"},"content":{"rendered":"<h2>Area 419 &#8211; ARCALOCK 12&#8243; M-LOK Dovetail -kisko<\/h2>\n<p>ARCALOCK 12&#8243; M-LOK Dovetail -kisko Area 419:lt\u00e4. T\u00e4m\u00e4 kiskoj\u00e4rjestelm\u00e4 sis\u00e4lt\u00e4\u00e4:<\/p>\n<ul>\n<li>Sahalaitaiset sivut mekaanista lukitusta varten Area 419 -kiinnikkeiden kanssa<\/li>\n<li>Yhteensopivuus tavallisten Arca-lis\u00e4varusteiden kanssa<\/li>\n<li>12 tuuman pituus kiinnitystilaa varten<\/li>\n<li>Kevyt rakenne, paino 111,5 grammaa<\/li>\n<li>RRS 1.5&#8243; Dovetail -standardin mukainen<\/li>\n<li>Viistetyt reunat<\/li>\n<li>Monipuoliset kiinnitysvaihtoehdot eri kiv\u00e4\u00e4rikokoonpanoihin<\/li>\n<li>Tyyppi 3 kova anodisoitu 6061-T6 alumiinirakenne<\/li>\n<li>Valmistettu Yhdysvalloissa<\/li>\n<\/ul>\n<p>ARCALOCK Dovetail -kiskoj\u00e4rjestelm\u00e4 on suunniteltu v\u00e4hent\u00e4m\u00e4\u00e4n liikett\u00e4 paineen alla.<\/p>\n","protected":false},"excerpt":{"rendered":"<p>Lukittava 12&#8243; ARCA-kisko tarkkuuskiv\u00e4\u00e4reille. Sahalaitaiset sivut, M-LOK-yhteensopiva.<\/p>\n","protected":false},"featured_media":232507,"template":"","meta":{"_acf_changed":false},"product_brand":[11033],"product_cat":[13173,13225],"product_tag":[],"class_list":{"0":"post-289320","1":"product","2":"type-product","3":"status-publish","4":"has-post-thumbnail","6":"product_brand-area-419","7":"product_cat-kiskot","8":"product_cat-kivaeaeri","10":"first","11":"instock","12":"taxable","13":"shipping-taxable","14":"purchasable","15":"product-type-variable","16":"wvs-archive-product-wrapper"},"acf":[],"_links":{"self":[{"href":"https:\/\/staging.nbg.eu\/fi\/wp-json\/wp\/v2\/product\/289320","targetHints":{"allow":["GET"]}}],"collection":[{"href":"https:\/\/staging.nbg.eu\/fi\/wp-json\/wp\/v2\/product"}],"about":[{"href":"https:\/\/staging.nbg.eu\/fi\/wp-json\/wp\/v2\/types\/product"}],"wp:featuredmedia":[{"embeddable":true,"href":"https:\/\/staging.nbg.eu\/fi\/wp-json\/wp\/v2\/media\/232507"}],"wp:attachment":[{"href":"https:\/\/staging.nbg.eu\/fi\/wp-json\/wp\/v2\/media?parent=289320"}],"wp:term":[{"taxonomy":"product_brand","embeddable":true,"href":"https:\/\/staging.nbg.eu\/fi\/wp-json\/wp\/v2\/product_brand?post=289320"},{"taxonomy":"product_cat","embeddable":true,"href":"https:\/\/staging.nbg.eu\/fi\/wp-json\/wp\/v2\/product_cat?post=289320"},{"taxonomy":"product_tag","embeddable":true,"href":"https:\/\/staging.nbg.eu\/fi\/wp-json\/wp\/v2\/product_tag?post=289320"}],"curies":[{"name":"wp","href":"https:\/\/api.w.org\/{rel}","templated":true}]}}