{"id":289198,"date":"2025-03-05T07:40:12","date_gmt":"2025-03-05T07:40:12","guid":{"rendered":"https:\/\/staging.nbg.eu\/prodcut\/magpul-moe-sl-carbine-stock-for-ar15-m4\/"},"modified":"2025-03-26T21:06:10","modified_gmt":"2025-03-26T21:06:10","slug":"magpul-moe-sl-karbiini-tukki-ar15-m4","status":"publish","type":"product","link":"https:\/\/staging.nbg.eu\/fi\/tuote\/magpul-moe-sl-karbiini-tukki-ar15-m4\/","title":{"rendered":"Magpul &#8211; MOE SL Karbiini Tukki AR15 \/ M4"},"content":{"rendered":"<h2>Magpul MOE SL Carbine-per\u00e4 AR15 \/ M4 -aseille<\/h2>\n<p>Magpul MOE SL -per\u00e4 on vaihdettava osa AR15\/M4-karbiineille, joka sopii Mil-Spec-standardin mukaisiin per\u00e4putkiin. T\u00e4m\u00e4 Yhdysvalloissa valmistettu per\u00e4 sis\u00e4lt\u00e4\u00e4 seuraavat ominaisuudet:<\/p>\n<ul>\n<li>Matala profiili ja parannettu poskituki<\/li>\n<li>Kaksisuuntaiset vapautussalvat s\u00e4\u00e4t\u00f6\u00e4 varten<\/li>\n<li>Py\u00f6ristetty kanta olkap\u00e4\u00e4siirtymi\u00e4 varten<\/li>\n<li>Viisto kumiper\u00e4levy pitoa ja iskusuojaa varten<\/li>\n<li>Sis\u00e4inen t\u00e4rin\u00e4nestomekanismi<\/li>\n<li>Kiinte\u00e4 QD-hihnapidike ja 1,25 tuuman hihnalenkki<\/li>\n<li>Yhteensopiva erilaisten hihnakiinnitysten kanssa<\/li>\n<\/ul>\n<p>Tekniset tiedot: Paino 263 g, pituuss\u00e4\u00e4t\u00f6vara 8,4 cm, sopii Mil-Spec-putkiin valmistajilta kuten Colt, LMT, Ruger, S&amp;W, SIG ja muut.<\/p>\n<p><strong>Huomio:<\/strong> Varmista yhteensopivuus per\u00e4putkesi koon kanssa ennen ostamista.<\/p>\n","protected":false},"excerpt":{"rendered":"<p>Tyylik\u00e4s, s\u00e4\u00e4dett\u00e4v\u00e4 AR15\/M4-per\u00e4. Kaksipuolinen vapautus, luistamaton tyyny, QD-kiinnitys.<\/p>\n","protected":false},"featured_media":237984,"template":"","meta":{"_acf_changed":false},"product_brand":[11552],"product_cat":[13225,13185,13174],"product_tag":[],"class_list":{"0":"post-289198","1":"product","2":"type-product","3":"status-publish","4":"has-post-thumbnail","6":"product_brand-magpul","7":"product_cat-kivaeaeri","8":"product_cat-kivaeaerin-tukit","9":"product_cat-kivaeaerin-viritys","11":"first","12":"outofstock","13":"taxable","14":"shipping-taxable","15":"purchasable","16":"product-type-simple"},"acf":[],"_links":{"self":[{"href":"https:\/\/staging.nbg.eu\/fi\/wp-json\/wp\/v2\/product\/289198","targetHints":{"allow":["GET"]}}],"collection":[{"href":"https:\/\/staging.nbg.eu\/fi\/wp-json\/wp\/v2\/product"}],"about":[{"href":"https:\/\/staging.nbg.eu\/fi\/wp-json\/wp\/v2\/types\/product"}],"wp:featuredmedia":[{"embeddable":true,"href":"https:\/\/staging.nbg.eu\/fi\/wp-json\/wp\/v2\/media\/237984"}],"wp:attachment":[{"href":"https:\/\/staging.nbg.eu\/fi\/wp-json\/wp\/v2\/media?parent=289198"}],"wp:term":[{"taxonomy":"product_brand","embeddable":true,"href":"https:\/\/staging.nbg.eu\/fi\/wp-json\/wp\/v2\/product_brand?post=289198"},{"taxonomy":"product_cat","embeddable":true,"href":"https:\/\/staging.nbg.eu\/fi\/wp-json\/wp\/v2\/product_cat?post=289198"},{"taxonomy":"product_tag","embeddable":true,"href":"https:\/\/staging.nbg.eu\/fi\/wp-json\/wp\/v2\/product_tag?post=289198"}],"curies":[{"name":"wp","href":"https:\/\/api.w.org\/{rel}","templated":true}]}}