{"id":289081,"date":"2025-03-05T07:17:43","date_gmt":"2025-03-26T19:44:13","guid":{"rendered":"https:\/\/staging.nbg.eu\/prodcut\/magpul-ctr-carbine-stock-for-ar15-m4\/"},"modified":"2025-03-26T19:46:43","modified_gmt":"2025-03-26T19:46:43","slug":"magpul-ctr-karbiini-tukki-ar15-m4","status":"publish","type":"product","link":"https:\/\/staging.nbg.eu\/fi\/tuote\/magpul-ctr-karbiini-tukki-ar15-m4\/","title":{"rendered":"Magpul &#8211; CTR Karbiini Tukki AR15 \/ M4"},"content":{"rendered":"<div class=\"product-description\">\n<h2>Magpul CTR\u2122 Karbiinikahva AR15 \/ M4:lle<\/h2>\n<p>Magpul CTR (Compact\/Type Restricted) \u2013 Mil-Spec malli AR15 \/ M16 karbiinille. T\u00e4m\u00e4 vaihdettava per\u00e4tuki sis\u00e4lt\u00e4\u00e4 seuraavat ominaisuudet:<\/p>\n<ul>\n<li>A-runkoinen profiili takertumisen est\u00e4miseksi<\/li>\n<li>Suojattu vapautussalpa tahattoman aktivoinnin est\u00e4miseksi<\/li>\n<li>Lis\u00e4kitkaj\u00e4rjestelm\u00e4 aseen vakauden parantamiseksi<\/li>\n<li>Molempik\u00e4tinen QD-hihnakiinnitys yhteensopiva painonapillisten hihnakiinnikkeiden kanssa<\/li>\n<li>0,3 tuuman paksuinen kumiper\u00e4levy olkatukea varten<\/li>\n<\/ul>\n<p>Yhteensopiva Mil-Spec-kokoisten vastaanottoputkien kanssa, t\u00e4m\u00e4 Yhdysvalloissa valmistettu per\u00e4tuki tarjoaa 3,3 tuuman vetopituuden s\u00e4\u00e4t\u00f6alueen. Maksimipituus on 7,0 tuumaa ja paino 8,9 unssia.<\/p>\n<p><strong>Huomio:<\/strong> Yhteensopiva vain Mil-Spec-vastaanottoputkien kanssa. Varmista, ett\u00e4 karbiinissasi on oikea putki ennen ostamista.<\/p>\n<\/div>\n","protected":false},"excerpt":{"rendered":"<p>Kompakti AR15\/M4-per\u00e4. Virtaviivainen, vakaa, varustettuna QD-hihnan kiinnikkeell\u00e4.<\/p>\n","protected":false},"featured_media":237492,"template":"","meta":{"_acf_changed":false},"product_brand":[11552],"product_cat":[13225,13185,13174],"product_tag":[],"class_list":{"0":"post-289081","1":"product","2":"type-product","3":"status-publish","4":"has-post-thumbnail","6":"product_brand-magpul","7":"product_cat-kivaeaeri","8":"product_cat-kivaeaerin-tukit","9":"product_cat-kivaeaerin-viritys","11":"first","12":"instock","13":"taxable","14":"shipping-taxable","15":"purchasable","16":"product-type-simple"},"acf":[],"_links":{"self":[{"href":"https:\/\/staging.nbg.eu\/fi\/wp-json\/wp\/v2\/product\/289081","targetHints":{"allow":["GET"]}}],"collection":[{"href":"https:\/\/staging.nbg.eu\/fi\/wp-json\/wp\/v2\/product"}],"about":[{"href":"https:\/\/staging.nbg.eu\/fi\/wp-json\/wp\/v2\/types\/product"}],"wp:featuredmedia":[{"embeddable":true,"href":"https:\/\/staging.nbg.eu\/fi\/wp-json\/wp\/v2\/media\/237492"}],"wp:attachment":[{"href":"https:\/\/staging.nbg.eu\/fi\/wp-json\/wp\/v2\/media?parent=289081"}],"wp:term":[{"taxonomy":"product_brand","embeddable":true,"href":"https:\/\/staging.nbg.eu\/fi\/wp-json\/wp\/v2\/product_brand?post=289081"},{"taxonomy":"product_cat","embeddable":true,"href":"https:\/\/staging.nbg.eu\/fi\/wp-json\/wp\/v2\/product_cat?post=289081"},{"taxonomy":"product_tag","embeddable":true,"href":"https:\/\/staging.nbg.eu\/fi\/wp-json\/wp\/v2\/product_tag?post=289081"}],"curies":[{"name":"wp","href":"https:\/\/api.w.org\/{rel}","templated":true}]}}