{"id":288847,"date":"2025-03-05T10:45:22","date_gmt":"2025-03-05T10:45:22","guid":{"rendered":"https:\/\/staging.nbg.eu\/prodcut\/magpul-pmag-ar-m4-gen-m3-10rds\/"},"modified":"2025-03-26T19:10:10","modified_gmt":"2025-03-26T19:10:10","slug":"magpul-pmag-arm4-gen-m3","status":"publish","type":"product","link":"https:\/\/staging.nbg.eu\/fi\/tuote\/magpul-pmag-arm4-gen-m3\/","title":{"rendered":"Magpul &#8211; PMAG AR\/M4 GEN M3"},"content":{"rendered":"<h2>Magpul &#8211; PMAG\u00ae AR\/M4 GEN M3\u2122<\/h2>\n<p>PMAG 10 GEN M3 on 10 patruunan polymeerimakasiini AR15\/M4-yhteensopiville aseille. Ominaisuudet:<\/p>\n<ul>\n<li>Vahvistettu polymeerirakenne<\/li>\n<li>Yhteensopiva eri alustojen kanssa, mukaan lukien HK\u00ae 416 ja FN\u00ae SCAR\u2122 MK 16\/16S<\/li>\n<li>Nelisuuntainen kallistuksenestoseuraaja<\/li>\n<li>Helppo purkaa ja parannettu pudotussuoja pohjalevyn ansiosta<\/li>\n<li>Tasaisen kaareva sis\u00e4geometria<\/li>\n<li>Uritettu tartuntapinta ja karkea pintakuviointi<\/li>\n<\/ul>\n<p>Valmistettu Yhdysvalloissa. PMAG 10 GEN M3 soveltuu maaten ampumiseen ja taktiseen k\u00e4ytt\u00f6\u00f6n.<\/p>\n","protected":false},"excerpt":{"rendered":"<p>Kest\u00e4v\u00e4 10-patruunan AR15\/M4-lipas, jossa on parannettuja ominaisuuksia ja yhteensopivuus.<\/p>\n","protected":false},"featured_media":239087,"template":"","meta":{"_acf_changed":false},"product_brand":[11552],"product_cat":[13225,13208],"product_tag":[],"class_list":{"0":"post-288847","1":"product","2":"type-product","3":"status-publish","4":"has-post-thumbnail","6":"product_brand-magpul","7":"product_cat-kivaeaeri","8":"product_cat-kivaeaerin-lippaat","10":"first","11":"instock","12":"taxable","13":"shipping-taxable","14":"product-type-variable","15":"wvs-archive-product-wrapper"},"acf":[],"_links":{"self":[{"href":"https:\/\/staging.nbg.eu\/fi\/wp-json\/wp\/v2\/product\/288847","targetHints":{"allow":["GET"]}}],"collection":[{"href":"https:\/\/staging.nbg.eu\/fi\/wp-json\/wp\/v2\/product"}],"about":[{"href":"https:\/\/staging.nbg.eu\/fi\/wp-json\/wp\/v2\/types\/product"}],"wp:featuredmedia":[{"embeddable":true,"href":"https:\/\/staging.nbg.eu\/fi\/wp-json\/wp\/v2\/media\/239087"}],"wp:attachment":[{"href":"https:\/\/staging.nbg.eu\/fi\/wp-json\/wp\/v2\/media?parent=288847"}],"wp:term":[{"taxonomy":"product_brand","embeddable":true,"href":"https:\/\/staging.nbg.eu\/fi\/wp-json\/wp\/v2\/product_brand?post=288847"},{"taxonomy":"product_cat","embeddable":true,"href":"https:\/\/staging.nbg.eu\/fi\/wp-json\/wp\/v2\/product_cat?post=288847"},{"taxonomy":"product_tag","embeddable":true,"href":"https:\/\/staging.nbg.eu\/fi\/wp-json\/wp\/v2\/product_tag?post=288847"}],"curies":[{"name":"wp","href":"https:\/\/api.w.org\/{rel}","templated":true}]}}