{"id":288689,"date":"2025-03-05T08:15:00","date_gmt":"2025-03-26T18:11:02","guid":{"rendered":"https:\/\/staging.nbg.eu\/prodcut\/magpul-prs-lite-precision-adjustable-stock\/"},"modified":"2025-03-26T18:13:35","modified_gmt":"2025-03-26T18:13:35","slug":"magpul-prs-lite-tarkkuussaeaedettaevae-tukki","status":"publish","type":"product","link":"https:\/\/staging.nbg.eu\/fi\/tuote\/magpul-prs-lite-tarkkuussaeaedettaevae-tukki\/","title":{"rendered":"Magpul &#8211; PRS Lite Tarkkuuss\u00e4\u00e4dett\u00e4v\u00e4 Tukki"},"content":{"rendered":"<div class=\"product-description\">\n<h2>Magpul PRS Lite s\u00e4\u00e4dett\u00e4v\u00e4 per\u00e4<\/h2>\n<p>Magpul PRS Lite tarjoaa s\u00e4\u00e4dett\u00e4vyyden kevyess\u00e4 paketissa, painaen 530 grammaa. Yhteensopiva Mil-Spec USGI karbiiini\/SR25 kokoon ty\u00f6nnett\u00e4vien\/A5 jatkoputkien kanssa .223 ja .308 vastaanotinkuvioiden kiv\u00e4\u00e4reille.<\/p>\n<h3>Ominaisuudet:<\/h3>\n<ul>\n<li>Kevyt muovi- ja metallirakenne<\/li>\n<li>S\u00e4\u00e4dett\u00e4v\u00e4 poskituen korkeus (0-20 mm 2,5 mm v\u00e4lein)<\/li>\n<li>S\u00e4\u00e4dett\u00e4v\u00e4 per\u00e4n pituus (352-387 mm 3,5 mm v\u00e4lein)<\/li>\n<li>Korkeus- ja kaltevuuss\u00e4\u00e4dett\u00e4v\u00e4 luistamaton kumiper\u00e4levy<\/li>\n<li>Useita hihnan kiinnitysvaihtoehtoja<\/li>\n<\/ul>\n<p>Suunniteltu sotilasvaatimusten mukaisesti, PRS Lite tarjoaa optimoidun ampujan rajapinnan noin puoleen hintaan t\u00e4ysvarustellusta vastineestaan. Per\u00e4ss\u00e4 on matalaprofiilinen kumiper\u00e4levy vakautta varten ja erilaisia hihnan kiinnitysvaihtoehtoja monipuolisuutta varten.<\/p>\n<p><strong>Valmistettu Yhdysvalloissa<\/strong><\/p>\n<\/div>\n","protected":false},"excerpt":{"rendered":"<p>Kevyt, s\u00e4\u00e4dett\u00e4v\u00e4 AR-per\u00e4. Tarkka poskituen ja per\u00e4n pituuden s\u00e4\u00e4t\u00f6.<\/p>\n","protected":false},"featured_media":238452,"template":"","meta":{"_acf_changed":false},"product_brand":[11552],"product_cat":[13225,13185,13174],"product_tag":[],"class_list":{"0":"post-288689","1":"product","2":"type-product","3":"status-publish","4":"has-post-thumbnail","6":"product_brand-magpul","7":"product_cat-kivaeaeri","8":"product_cat-kivaeaerin-tukit","9":"product_cat-kivaeaerin-viritys","11":"first","12":"instock","13":"taxable","14":"shipping-taxable","15":"purchasable","16":"product-type-variable","17":"wvs-archive-product-wrapper"},"acf":[],"_links":{"self":[{"href":"https:\/\/staging.nbg.eu\/fi\/wp-json\/wp\/v2\/product\/288689","targetHints":{"allow":["GET"]}}],"collection":[{"href":"https:\/\/staging.nbg.eu\/fi\/wp-json\/wp\/v2\/product"}],"about":[{"href":"https:\/\/staging.nbg.eu\/fi\/wp-json\/wp\/v2\/types\/product"}],"wp:featuredmedia":[{"embeddable":true,"href":"https:\/\/staging.nbg.eu\/fi\/wp-json\/wp\/v2\/media\/238452"}],"wp:attachment":[{"href":"https:\/\/staging.nbg.eu\/fi\/wp-json\/wp\/v2\/media?parent=288689"}],"wp:term":[{"taxonomy":"product_brand","embeddable":true,"href":"https:\/\/staging.nbg.eu\/fi\/wp-json\/wp\/v2\/product_brand?post=288689"},{"taxonomy":"product_cat","embeddable":true,"href":"https:\/\/staging.nbg.eu\/fi\/wp-json\/wp\/v2\/product_cat?post=288689"},{"taxonomy":"product_tag","embeddable":true,"href":"https:\/\/staging.nbg.eu\/fi\/wp-json\/wp\/v2\/product_tag?post=288689"}],"curies":[{"name":"wp","href":"https:\/\/api.w.org\/{rel}","templated":true}]}}