{"id":288549,"date":"2025-03-05T08:00:39","date_gmt":"2025-03-26T17:59:21","guid":{"rendered":"https:\/\/staging.nbg.eu\/prodcut\/magpul-prs-gen3-precision-adjustable-stock\/"},"modified":"2025-03-26T18:01:51","modified_gmt":"2025-03-26T18:01:51","slug":"magpul-prs-gen3-tarkkuussaeaedettaevae-tukki","status":"publish","type":"product","link":"https:\/\/staging.nbg.eu\/fi\/tuote\/magpul-prs-gen3-tarkkuussaeaedettaevae-tukki\/","title":{"rendered":"Magpul &#8211; PRS GEN3 Tarkkuuss\u00e4\u00e4dett\u00e4v\u00e4 Tukki"},"content":{"rendered":"<div class=\"product-description\">\n<h2>Magpul &#8211; PRS\u00ae GEN3 S\u00e4\u00e4dett\u00e4v\u00e4 tarkkuusper\u00e4<\/h2>\n<p>PRS GEN3 on kentt\u00e4tarkkuusper\u00e4 AR15\/M16 ja AR10\/SR25 alustoille, jossa on ty\u00f6kaluton s\u00e4\u00e4t\u00f6 per\u00e4n pituudelle ja poskituen korkeudelle. Se on suunniteltu puoliautomaattisille tarkka-ampuja- tai tuhoel\u00e4inkiv\u00e4\u00e4reille, tarjoten vakaan liit\u00e4nn\u00e4n ja l\u00e4hes yleisp\u00e4tev\u00e4n sopivuuden.<\/p>\n<ul>\n<li>Optimoitu kiv\u00e4\u00e4rinpituisille vastaanottojatkeille<\/li>\n<li>Yhteensopiva monien Mil-Spec Carbine ja A5-pituisten putkien kanssa<\/li>\n<li>Kallistus\/korkeus-s\u00e4\u00e4dett\u00e4v\u00e4 kuminen per\u00e4levy<\/li>\n<li>Py\u00f6rimist\u00e4 rajoittavat QD-hihnalenkit<\/li>\n<li>M-LOK\u00ae-kiinnikkeet takamonompodin kiinnitt\u00e4miseen<\/li>\n<li>Valmistettu Yhdysvalloissa<\/li>\n<\/ul>\n<p>PRS GEN3:ssa on koneistetut alumiiniset s\u00e4\u00e4t\u00f6nupit, ter\u00e4svarret Melonite\u00ae-pinnoitteella ja useita hihnan kiinnitysvaihtoehtoja. Se on rakennettu kest\u00e4v\u00e4ksi ja monik\u00e4ytt\u00f6iseksi kent\u00e4ll\u00e4.<\/p>\n<\/div>\n","protected":false},"excerpt":{"rendered":"<p>Tarkka AR-per\u00e4 ty\u00f6kaluttomalla pituuden ja poskituen korkeuden s\u00e4\u00e4d\u00f6ll\u00e4.<\/p>\n","protected":false},"featured_media":238357,"template":"","meta":{"_acf_changed":false},"product_brand":[11552],"product_cat":[13225,13185,13174],"product_tag":[],"class_list":{"0":"post-288549","1":"product","2":"type-product","3":"status-publish","4":"has-post-thumbnail","6":"product_brand-magpul","7":"product_cat-kivaeaeri","8":"product_cat-kivaeaerin-tukit","9":"product_cat-kivaeaerin-viritys","11":"first","12":"instock","13":"taxable","14":"shipping-taxable","15":"purchasable","16":"product-type-variable","17":"wvs-archive-product-wrapper"},"acf":[],"_links":{"self":[{"href":"https:\/\/staging.nbg.eu\/fi\/wp-json\/wp\/v2\/product\/288549","targetHints":{"allow":["GET"]}}],"collection":[{"href":"https:\/\/staging.nbg.eu\/fi\/wp-json\/wp\/v2\/product"}],"about":[{"href":"https:\/\/staging.nbg.eu\/fi\/wp-json\/wp\/v2\/types\/product"}],"wp:featuredmedia":[{"embeddable":true,"href":"https:\/\/staging.nbg.eu\/fi\/wp-json\/wp\/v2\/media\/238357"}],"wp:attachment":[{"href":"https:\/\/staging.nbg.eu\/fi\/wp-json\/wp\/v2\/media?parent=288549"}],"wp:term":[{"taxonomy":"product_brand","embeddable":true,"href":"https:\/\/staging.nbg.eu\/fi\/wp-json\/wp\/v2\/product_brand?post=288549"},{"taxonomy":"product_cat","embeddable":true,"href":"https:\/\/staging.nbg.eu\/fi\/wp-json\/wp\/v2\/product_cat?post=288549"},{"taxonomy":"product_tag","embeddable":true,"href":"https:\/\/staging.nbg.eu\/fi\/wp-json\/wp\/v2\/product_tag?post=288549"}],"curies":[{"name":"wp","href":"https:\/\/api.w.org\/{rel}","templated":true}]}}