{"id":288409,"date":"2025-03-06T10:37:19","date_gmt":"2025-03-26T17:46:35","guid":{"rendered":"https:\/\/staging.nbg.eu\/prodcut\/ftcs-custom-ak-mod-9-handguard-m-lok-forward-curved\/"},"modified":"2025-03-26T17:49:14","modified_gmt":"2025-03-26T17:49:14","slug":"ftcs-custom-ak-mod-9-etutuki-m-lok-eteenpaein-kaareutuva","status":"publish","type":"product","link":"https:\/\/staging.nbg.eu\/fi\/tuote\/ftcs-custom-ak-mod-9-etutuki-m-lok-eteenpaein-kaareutuva\/","title":{"rendered":"FTCS &#8211; Custom AK Mod 9 Etutuki &#8211; M-LOK &#8211; Eteenp\u00e4in Kaareutuva"},"content":{"rendered":"<h2>FTCS &#8211; Mukautettu AK Mod 9 K\u00e4situki &#8211; M-LOK &#8211; Eteenp\u00e4in Kaartuva<\/h2>\n<p>AKM-karbiinin k\u00e4situki. T\u00e4m\u00e4 eteenp\u00e4in kaartuva puinen k\u00e4situki yhdist\u00e4\u00e4 perinteisen ulkon\u00e4\u00f6n ja nykyaikaisen toiminnallisuuden, sis\u00e4lt\u00e4en alumiiniset M-LOK-kiskot lis\u00e4varusteiden kiinnitt\u00e4mist\u00e4 varten.<\/p>\n<ul>\n<li>Eteenp\u00e4in kaartuva ote hallintaa varten<\/li>\n<li>Kevyt puurakenne<\/li>\n<li>M-LOK-kiskot lis\u00e4varusteiden kiinnitt\u00e4miseen<\/li>\n<li>Yhteensopiva AKM\/AKMS\/AKMN-mallien kanssa (saattaa vaatia mukautusta)<\/li>\n<li>Grafiitinmusta H-146 Cerakote-pintak\u00e4sittely<\/li>\n<li>Mitat: 160 x 120 x 35 mm<\/li>\n<li>Paino: 180 g<\/li>\n<\/ul>\n<p>Mukautettu AK Mod 9 K\u00e4situki yhdist\u00e4\u00e4 perinteen ja innovaation. Parantaa ergonomiaa ja muokattavuutta s\u00e4ilytt\u00e4en aseen perinteisen ulkon\u00e4\u00f6n.<\/p>\n","protected":false},"excerpt":{"rendered":"<p>Puinen AK-k\u00e4densija M-LOK-kiskoilla, eteenp\u00e4in kaartuva ote.<\/p>\n","protected":false},"featured_media":241318,"template":"","meta":{"_acf_changed":false},"product_brand":[],"product_cat":[13159,13225,13196,13174],"product_tag":[],"class_list":{"0":"post-288409","1":"product","2":"type-product","3":"status-publish","4":"has-post-thumbnail","6":"product_cat-ak-viritys","7":"product_cat-kivaeaeri","8":"product_cat-kivaeaerin-kaedensijat","9":"product_cat-kivaeaerin-viritys","11":"first","12":"instock","13":"taxable","14":"shipping-taxable","15":"purchasable","16":"product-type-simple"},"acf":[],"_links":{"self":[{"href":"https:\/\/staging.nbg.eu\/fi\/wp-json\/wp\/v2\/product\/288409","targetHints":{"allow":["GET"]}}],"collection":[{"href":"https:\/\/staging.nbg.eu\/fi\/wp-json\/wp\/v2\/product"}],"about":[{"href":"https:\/\/staging.nbg.eu\/fi\/wp-json\/wp\/v2\/types\/product"}],"wp:featuredmedia":[{"embeddable":true,"href":"https:\/\/staging.nbg.eu\/fi\/wp-json\/wp\/v2\/media\/241318"}],"wp:attachment":[{"href":"https:\/\/staging.nbg.eu\/fi\/wp-json\/wp\/v2\/media?parent=288409"}],"wp:term":[{"taxonomy":"product_brand","embeddable":true,"href":"https:\/\/staging.nbg.eu\/fi\/wp-json\/wp\/v2\/product_brand?post=288409"},{"taxonomy":"product_cat","embeddable":true,"href":"https:\/\/staging.nbg.eu\/fi\/wp-json\/wp\/v2\/product_cat?post=288409"},{"taxonomy":"product_tag","embeddable":true,"href":"https:\/\/staging.nbg.eu\/fi\/wp-json\/wp\/v2\/product_tag?post=288409"}],"curies":[{"name":"wp","href":"https:\/\/api.w.org\/{rel}","templated":true}]}}