{"id":288273,"date":"2025-03-06T10:32:44","date_gmt":"2025-03-06T10:32:44","guid":{"rendered":"https:\/\/staging.nbg.eu\/prodcut\/ftcs-custom-ak-mod-7-handguard-m-lok-short-forward-curved\/"},"modified":"2025-03-26T17:38:29","modified_gmt":"2025-03-26T17:38:29","slug":"ftcs-custom-ak-mod-7-etutuki-m-lok-lyhyt-eteenpaein-kaareutuva","status":"publish","type":"product","link":"https:\/\/staging.nbg.eu\/fi\/tuote\/ftcs-custom-ak-mod-7-etutuki-m-lok-lyhyt-eteenpaein-kaareutuva\/","title":{"rendered":"FTCS &#8211; Custom AK Mod 7 Etutuki &#8211; M-LOK &#8211; Lyhyt Eteenp\u00e4in Kaareutuva"},"content":{"rendered":"<div class=\"product-description\">\n<h2>FTCS &#8211; Mukautettu AK Mod 7 K\u00e4sikahva &#8211; M-LOK &#8211; Lyhyt Eteenp\u00e4in Kaartuva<\/h2>\n<p>AKM-karbiinin k\u00e4sikahva, jossa on lyhyt eteenp\u00e4in kaartuva muotoilu. T\u00e4m\u00e4 kevyt puinen k\u00e4sikahva yhdist\u00e4\u00e4 perinteisen ja nykyaikaisen.<\/p>\n<h2>Ominaisuudet:<\/h2>\n<ul>\n<li>Lyhyt eteenp\u00e4in kaartuva etukahva<\/li>\n<li>Kevyt puinen rakenne (180g)<\/li>\n<li>Integroidut alumiiniset M-LOK-kiskot lis\u00e4varusteiden kiinnitt\u00e4miseen<\/li>\n<li>Yhteensopiva AKM-, AKMS- ja AKMN-karbiinien kanssa (mukautus voi olla tarpeen)<\/li>\n<li>Grafiitinmusta H-146 Cerakote-pinnoite<\/li>\n<\/ul>\n<p>M-LOK-varustettu puinen k\u00e4sikahva. Mahdollistaa modernien lis\u00e4varusteiden, kuten taskulamppujen ja lasereiden kiinnitt\u00e4misen. Huomio: Ei yhteensopiva jyrsittyjen AK-karbiinien kanssa ilman muokkausta.<\/p>\n<p>Mitat: 160 x 120 x 35 mm<\/p>\n<\/div>\n","protected":false},"excerpt":{"rendered":"<p>FTCS AK Mod 7 k\u00e4sisuoja: Lyhyt, kaareva puu M-LOK-kiskoilla.<\/p>\n","protected":false},"featured_media":241202,"template":"","meta":{"_acf_changed":false},"product_brand":[11311],"product_cat":[13159,13173,13225,13174],"product_tag":[],"class_list":{"0":"post-288273","1":"product","2":"type-product","3":"status-publish","4":"has-post-thumbnail","6":"product_brand-ftcs","7":"product_cat-ak-viritys","8":"product_cat-kiskot","9":"product_cat-kivaeaeri","10":"product_cat-kivaeaerin-viritys","12":"first","13":"outofstock","14":"taxable","15":"shipping-taxable","16":"purchasable","17":"product-type-simple"},"acf":[],"_links":{"self":[{"href":"https:\/\/staging.nbg.eu\/fi\/wp-json\/wp\/v2\/product\/288273","targetHints":{"allow":["GET"]}}],"collection":[{"href":"https:\/\/staging.nbg.eu\/fi\/wp-json\/wp\/v2\/product"}],"about":[{"href":"https:\/\/staging.nbg.eu\/fi\/wp-json\/wp\/v2\/types\/product"}],"wp:featuredmedia":[{"embeddable":true,"href":"https:\/\/staging.nbg.eu\/fi\/wp-json\/wp\/v2\/media\/241202"}],"wp:attachment":[{"href":"https:\/\/staging.nbg.eu\/fi\/wp-json\/wp\/v2\/media?parent=288273"}],"wp:term":[{"taxonomy":"product_brand","embeddable":true,"href":"https:\/\/staging.nbg.eu\/fi\/wp-json\/wp\/v2\/product_brand?post=288273"},{"taxonomy":"product_cat","embeddable":true,"href":"https:\/\/staging.nbg.eu\/fi\/wp-json\/wp\/v2\/product_cat?post=288273"},{"taxonomy":"product_tag","embeddable":true,"href":"https:\/\/staging.nbg.eu\/fi\/wp-json\/wp\/v2\/product_tag?post=288273"}],"curies":[{"name":"wp","href":"https:\/\/api.w.org\/{rel}","templated":true}]}}