{"id":288160,"date":"2025-03-06T10:17:52","date_gmt":"2025-03-26T17:21:34","guid":{"rendered":"https:\/\/staging.nbg.eu\/prodcut\/ftcs-dong-handguard-m-lok-akm\/"},"modified":"2025-03-26T17:23:57","modified_gmt":"2025-03-26T17:23:57","slug":"ftcs-dong-etutuki-m-lok-akm","status":"publish","type":"product","link":"https:\/\/staging.nbg.eu\/fi\/tuote\/ftcs-dong-etutuki-m-lok-akm\/","title":{"rendered":"FTCS &#8211; &#8221;Dong&#8221; Etutuki &#8211; M-LOK &#8211; AKM"},"content":{"rendered":"<div class=\"product-description\">\n<h2>FTCS &#8211; &#8221;Dong&#8221; Etukahva &#8211; M-LOK &#8211; AKM<\/h2>\n<p>FTCS &#8221;Dong&#8221; Etukahva AKM\/AKMS-kiv\u00e4\u00e4reihin. T\u00e4m\u00e4 AIMS-tyylinen etukahva sis\u00e4lt\u00e4\u00e4:<\/p>\n<ul>\n<li>Puinen rakenne<\/li>\n<li>Integroitu etukahva<\/li>\n<li>M-LOK-kiinnitykset lis\u00e4varusteille<\/li>\n<li>Yhteensopiva taittuvan per\u00e4n kanssa<\/li>\n<li>Musta Cerakote-pinnoite<\/li>\n<\/ul>\n<p>Paino 141g ja mitat 160x120x35mm. Sivuilla olevat M-LOK-kiskot mahdollistavat valojen, lasereiden ja muiden lis\u00e4varusteiden kiinnityksen.<\/p>\n<p>FTCS &#8221;Dong&#8221; Etukahva AKM-kiv\u00e4\u00e4riin.<\/p>\n<\/div>\n","protected":false},"excerpt":{"rendered":"<p>Klassinen AIMS-tyyppinen puinen AKM-etutuki M-LOK-kiskoilla.<\/p>\n","protected":false},"featured_media":240992,"template":"","meta":{"_acf_changed":false},"product_brand":[],"product_cat":[13159,13196,13174],"product_tag":[],"class_list":{"0":"post-288160","1":"product","2":"type-product","3":"status-publish","4":"has-post-thumbnail","6":"product_cat-ak-viritys","7":"product_cat-kivaeaerin-kaedensijat","8":"product_cat-kivaeaerin-viritys","10":"first","11":"instock","12":"taxable","13":"shipping-taxable","14":"purchasable","15":"product-type-simple"},"acf":[],"_links":{"self":[{"href":"https:\/\/staging.nbg.eu\/fi\/wp-json\/wp\/v2\/product\/288160","targetHints":{"allow":["GET"]}}],"collection":[{"href":"https:\/\/staging.nbg.eu\/fi\/wp-json\/wp\/v2\/product"}],"about":[{"href":"https:\/\/staging.nbg.eu\/fi\/wp-json\/wp\/v2\/types\/product"}],"wp:featuredmedia":[{"embeddable":true,"href":"https:\/\/staging.nbg.eu\/fi\/wp-json\/wp\/v2\/media\/240992"}],"wp:attachment":[{"href":"https:\/\/staging.nbg.eu\/fi\/wp-json\/wp\/v2\/media?parent=288160"}],"wp:term":[{"taxonomy":"product_brand","embeddable":true,"href":"https:\/\/staging.nbg.eu\/fi\/wp-json\/wp\/v2\/product_brand?post=288160"},{"taxonomy":"product_cat","embeddable":true,"href":"https:\/\/staging.nbg.eu\/fi\/wp-json\/wp\/v2\/product_cat?post=288160"},{"taxonomy":"product_tag","embeddable":true,"href":"https:\/\/staging.nbg.eu\/fi\/wp-json\/wp\/v2\/product_tag?post=288160"}],"curies":[{"name":"wp","href":"https:\/\/api.w.org\/{rel}","templated":true}]}}