{"id":287680,"date":"2025-03-05T11:33:07","date_gmt":"2025-03-05T11:33:07","guid":{"rendered":"https:\/\/staging.nbg.eu\/prodcut\/clawgear-ak47-medium-slick-handguard-m-lok\/"},"modified":"2025-03-26T12:48:55","modified_gmt":"2025-03-26T12:48:55","slug":"clawgear-ak47-keskikokoinen-sileae-etutuki-m-lok","status":"publish","type":"product","link":"https:\/\/staging.nbg.eu\/fi\/tuote\/clawgear-ak47-keskikokoinen-sileae-etutuki-m-lok\/","title":{"rendered":"Clawgear AK47 Keskikokoinen Sile\u00e4 Etutuki M-LOK"},"content":{"rendered":"<div class=\"product-description\">\n<h2>Clawgear AK47 Keskikokoinen Handguard M-LOK<\/h2>\n<p>AK47:n handguard M-LOK-kiinnitysj\u00e4rjestelm\u00e4ll\u00e4. Mattamusta pinta v\u00e4hent\u00e4\u00e4 heijastuksia. Sis\u00e4lt\u00e4\u00e4 QD-hihnan kiinnityspisteen.<\/p>\n<ul>\n<li>Yhteensopiva pr\u00e4ss\u00e4ttyjen ja jyrsittyjen runkojen kanssa<\/li>\n<li>Valmistettu 6061-alumiinista<\/li>\n<li>MIL-SPEC Type III anodisointi<\/li>\n<li>Paino: 0,15 kg<\/li>\n<li>Mitat: 26,2 cm (P) x 4,3 cm (L) x 4,3 cm (K)<\/li>\n<\/ul>\n<p>Handguard AK47:lle lis\u00e4varusteiden kiinnitt\u00e4mist\u00e4 varten.<\/p>\n<\/div>\n","protected":false},"excerpt":{"rendered":"<p>Kevyt M-LOK AK47-k\u00e4densija QD-hihnapisteell\u00e4 ja mattaviimeistelyll\u00e4.<\/p>\n","protected":false},"featured_media":239644,"template":"","meta":{"_acf_changed":false},"product_brand":[11222],"product_cat":[13159,13173,13225,13174],"product_tag":[],"class_list":{"0":"post-287680","1":"product","2":"type-product","3":"status-publish","4":"has-post-thumbnail","6":"product_brand-clawgear","7":"product_cat-ak-viritys","8":"product_cat-kiskot","9":"product_cat-kivaeaeri","10":"product_cat-kivaeaerin-viritys","12":"first","13":"instock","14":"taxable","15":"shipping-taxable","16":"purchasable","17":"product-type-simple"},"acf":[],"_links":{"self":[{"href":"https:\/\/staging.nbg.eu\/fi\/wp-json\/wp\/v2\/product\/287680","targetHints":{"allow":["GET"]}}],"collection":[{"href":"https:\/\/staging.nbg.eu\/fi\/wp-json\/wp\/v2\/product"}],"about":[{"href":"https:\/\/staging.nbg.eu\/fi\/wp-json\/wp\/v2\/types\/product"}],"wp:featuredmedia":[{"embeddable":true,"href":"https:\/\/staging.nbg.eu\/fi\/wp-json\/wp\/v2\/media\/239644"}],"wp:attachment":[{"href":"https:\/\/staging.nbg.eu\/fi\/wp-json\/wp\/v2\/media?parent=287680"}],"wp:term":[{"taxonomy":"product_brand","embeddable":true,"href":"https:\/\/staging.nbg.eu\/fi\/wp-json\/wp\/v2\/product_brand?post=287680"},{"taxonomy":"product_cat","embeddable":true,"href":"https:\/\/staging.nbg.eu\/fi\/wp-json\/wp\/v2\/product_cat?post=287680"},{"taxonomy":"product_tag","embeddable":true,"href":"https:\/\/staging.nbg.eu\/fi\/wp-json\/wp\/v2\/product_tag?post=287680"}],"curies":[{"name":"wp","href":"https:\/\/api.w.org\/{rel}","templated":true}]}}