{"id":287614,"date":"2025-03-06T20:23:37","date_gmt":"2025-03-06T20:23:37","guid":{"rendered":"https:\/\/staging.nbg.eu\/prodcut\/clawgear-ak47-short-slick-handguard-m-lok\/"},"modified":"2025-03-26T12:34:06","modified_gmt":"2025-03-26T12:34:06","slug":"clawgear-ak47-lyhyt-sileae-etuosa-m-lok","status":"publish","type":"product","link":"https:\/\/staging.nbg.eu\/fi\/tuote\/clawgear-ak47-lyhyt-sileae-etuosa-m-lok\/","title":{"rendered":"Clawgear &#8211; AK47 Lyhyt sile\u00e4 etuosa M-LOK"},"content":{"rendered":"<h2>Clawgear &#8211; AK47 Lyhyt K\u00e4sikahva M-LOK<\/h2>\n<p>AK47:n k\u00e4sikahva, jossa on seuraavat ominaisuudet:<\/p>\n<ul>\n<li>M-LOK-kiinnitysj\u00e4rjestelm\u00e4 lis\u00e4varusteiden kiinnitt\u00e4miseen<\/li>\n<li>Mattamusta pinta heijastusten v\u00e4hent\u00e4miseksi<\/li>\n<li>QD-hihnan kiinnityspiste takana<\/li>\n<li>Yhteensopiva pr\u00e4ss\u00e4ttyjen ja jyrsittyjen runkojen kanssa<\/li>\n<li>Valmistettu 6061-alumiinista<\/li>\n<li>MIL-SPEC Type III anodisoitu pinta<\/li>\n<\/ul>\n<p>Mitat: 16,4 cm (P) x 4,5 cm (L) x 4 cm (K)<\/p>\n<p>Paino: 0,16 kg<\/p>\n<p>K\u00e4sikahva AK47:lle. Sopii taktiseen k\u00e4ytt\u00f6\u00f6n ja ammattilaisille.<\/p>\n","protected":false},"excerpt":{"rendered":"<p>Kevyt M-LOK k\u00e4situki AK47:lle. QD-hihnaripustin. Sopii erilaisiin vastaanottimiin.<\/p>\n","protected":false},"featured_media":245159,"template":"","meta":{"_acf_changed":false},"product_brand":[],"product_cat":[13159,13225,13174],"product_tag":[],"class_list":{"0":"post-287614","1":"product","2":"type-product","3":"status-publish","4":"has-post-thumbnail","6":"product_cat-ak-viritys","7":"product_cat-kivaeaeri","8":"product_cat-kivaeaerin-viritys","10":"first","11":"instock","12":"taxable","13":"shipping-taxable","14":"purchasable","15":"product-type-simple"},"acf":[],"_links":{"self":[{"href":"https:\/\/staging.nbg.eu\/fi\/wp-json\/wp\/v2\/product\/287614","targetHints":{"allow":["GET"]}}],"collection":[{"href":"https:\/\/staging.nbg.eu\/fi\/wp-json\/wp\/v2\/product"}],"about":[{"href":"https:\/\/staging.nbg.eu\/fi\/wp-json\/wp\/v2\/types\/product"}],"wp:featuredmedia":[{"embeddable":true,"href":"https:\/\/staging.nbg.eu\/fi\/wp-json\/wp\/v2\/media\/245159"}],"wp:attachment":[{"href":"https:\/\/staging.nbg.eu\/fi\/wp-json\/wp\/v2\/media?parent=287614"}],"wp:term":[{"taxonomy":"product_brand","embeddable":true,"href":"https:\/\/staging.nbg.eu\/fi\/wp-json\/wp\/v2\/product_brand?post=287614"},{"taxonomy":"product_cat","embeddable":true,"href":"https:\/\/staging.nbg.eu\/fi\/wp-json\/wp\/v2\/product_cat?post=287614"},{"taxonomy":"product_tag","embeddable":true,"href":"https:\/\/staging.nbg.eu\/fi\/wp-json\/wp\/v2\/product_tag?post=287614"}],"curies":[{"name":"wp","href":"https:\/\/api.w.org\/{rel}","templated":true}]}}