{"id":287594,"date":"2025-03-05T11:35:14","date_gmt":"2025-03-26T12:22:30","guid":{"rendered":"https:\/\/staging.nbg.eu\/prodcut\/clawgear-ak-akm-pistol-grip\/"},"modified":"2025-03-26T12:32:58","modified_gmt":"2025-03-26T12:32:58","slug":"clawgear-ak-akm-pistoolikahva","status":"publish","type":"product","link":"https:\/\/staging.nbg.eu\/fi\/tuote\/clawgear-ak-akm-pistoolikahva\/","title":{"rendered":"Clawgear AK-AKM Pistoolikahva"},"content":{"rendered":"<h2>Clawgear AK-AKM Pistoolikahva<\/h2>\n<p>Clawgear AK-AKM pistoolikahva parantaa AK- tai AKM-kiv\u00e4\u00e4rin ergonomiaa. T\u00e4m\u00e4 kahva tarjoaa paremman hallinnan ja mukavuuden pitk\u00e4kestoiseen ampumiseen.<\/p>\n<h2>Ominaisuudet:<\/h2>\n<ul>\n<li>Ergonominen muotoilu<\/li>\n<li>Kest\u00e4v\u00e4 rakenne<\/li>\n<li>Helppo asentaa<\/li>\n<li>Yhteensopiva AK- ja AKM-alustojen kanssa<\/li>\n<\/ul>\n<h2>Tuotetiedot:<\/h2>\n<table>\n<tr>\n<th>Mitat<\/th>\n<th>Pakkaamaton<\/th>\n<th>Pakattu<\/th>\n<\/tr>\n<tr>\n<td>Pituus<\/td>\n<td>11,5 cm<\/td>\n<td>21,5 cm<\/td>\n<\/tr>\n<tr>\n<td>Leveys<\/td>\n<td>5,4 cm<\/td>\n<td>12,4 cm<\/td>\n<\/tr>\n<tr>\n<td>Korkeus<\/td>\n<td>2,9 cm<\/td>\n<td>2,9 cm<\/td>\n<\/tr>\n<tr>\n<td>Paino<\/td>\n<td>0,07 kg<\/td>\n<td>0,08 kg<\/td>\n<\/tr>\n<\/table>\n<p>Clawgear AK-AKM pistoolikahva parantaa kiv\u00e4\u00e4rin suorituskyky\u00e4 ja mukavuutta.<\/p>\n","protected":false},"excerpt":{"rendered":"<p>Ergonominen AK-AKM-pistoolikahva. Kevyt, kompakti muotoilu parantaa hallintaa.<\/p>\n","protected":false},"featured_media":240037,"template":"","meta":{"_acf_changed":false},"product_brand":[11222],"product_cat":[13225,13196,13174],"product_tag":[],"class_list":{"0":"post-287594","1":"product","2":"type-product","3":"status-publish","4":"has-post-thumbnail","6":"product_brand-clawgear","7":"product_cat-kivaeaeri","8":"product_cat-kivaeaerin-kaedensijat","9":"product_cat-kivaeaerin-viritys","11":"first","12":"instock","13":"taxable","14":"shipping-taxable","15":"purchasable","16":"product-type-simple"},"acf":[],"_links":{"self":[{"href":"https:\/\/staging.nbg.eu\/fi\/wp-json\/wp\/v2\/product\/287594","targetHints":{"allow":["GET"]}}],"collection":[{"href":"https:\/\/staging.nbg.eu\/fi\/wp-json\/wp\/v2\/product"}],"about":[{"href":"https:\/\/staging.nbg.eu\/fi\/wp-json\/wp\/v2\/types\/product"}],"wp:featuredmedia":[{"embeddable":true,"href":"https:\/\/staging.nbg.eu\/fi\/wp-json\/wp\/v2\/media\/240037"}],"wp:attachment":[{"href":"https:\/\/staging.nbg.eu\/fi\/wp-json\/wp\/v2\/media?parent=287594"}],"wp:term":[{"taxonomy":"product_brand","embeddable":true,"href":"https:\/\/staging.nbg.eu\/fi\/wp-json\/wp\/v2\/product_brand?post=287594"},{"taxonomy":"product_cat","embeddable":true,"href":"https:\/\/staging.nbg.eu\/fi\/wp-json\/wp\/v2\/product_cat?post=287594"},{"taxonomy":"product_tag","embeddable":true,"href":"https:\/\/staging.nbg.eu\/fi\/wp-json\/wp\/v2\/product_tag?post=287594"}],"curies":[{"name":"wp","href":"https:\/\/api.w.org\/{rel}","templated":true}]}}