{"id":285374,"date":"2025-03-04T19:02:48","date_gmt":"2025-03-25T14:27:21","guid":{"rendered":"https:\/\/staging.nbg.eu\/product\/magpul-ctr-moe-cheek-riser-0-75\/"},"modified":"2025-03-25T14:29:48","modified_gmt":"2025-03-25T14:29:48","slug":"magpul-ctr-moe-poskipala-075","status":"publish","type":"product","link":"https:\/\/staging.nbg.eu\/fi\/tuote\/magpul-ctr-moe-poskipala-075\/","title":{"rendered":"Magpul &#8211; CTR \/ MOE Poskipala &#8211; 0.75&#8243;"},"content":{"rendered":"<div class=\"product-description\">\n<h2>Magpul &#8211; CTR \/ MOE Poskituki &#8211; 0,75&#8243;<\/h2>\n<p>Magpul CTR \/ MOE Poskituki on kiinnitett\u00e4v\u00e4 lis\u00e4varuste, joka nostaa poskitukea 1,9 cm. Se parantaa mukavuutta ja t\u00e4ht\u00e4inkuvaa erilaisissa aseissa.<\/p>\n<ul>\n<li>Yhteensopiva CTR, MOE\u00ae, DT ja PR Carbine -tukkien kanssa<\/li>\n<li>Sopii muihin kuin AR15\/M4-asetuksiin, kuten M14-kiv\u00e4\u00e4rin tukkimuunnoksiin<\/li>\n<li>Helppo kiinnitt\u00e4\u00e4<\/li>\n<li>Valmistettu Yhdysvalloissa<\/li>\n<li>NSN: MAG327-BLK 1005-01-591-6041<\/li>\n<\/ul>\n<p><strong>Huomio:<\/strong> Saattaa h\u00e4irit\u00e4 latausvivun toimintaa AR15\/M4-alustoilla, ellei tukki ole t\u00e4ysin ojennettuna.<\/p>\n<\/div>\n","protected":false},"excerpt":{"rendered":"<p>&#8221;Kiinnitett\u00e4v\u00e4 0,75 tuuman poskituki parantaa mukavuutta ja tarkkuutta.&#8221;<\/p>\n","protected":false},"featured_media":237148,"template":"","meta":{"_acf_changed":false},"product_brand":[11552],"product_cat":[13225,13185,13174],"product_tag":[],"class_list":{"0":"post-285374","1":"product","2":"type-product","3":"status-publish","4":"has-post-thumbnail","6":"product_brand-magpul","7":"product_cat-kivaeaeri","8":"product_cat-kivaeaerin-tukit","9":"product_cat-kivaeaerin-viritys","11":"first","12":"instock","13":"taxable","14":"shipping-taxable","15":"purchasable","16":"product-type-variable","17":"wvs-archive-product-wrapper"},"acf":[],"_links":{"self":[{"href":"https:\/\/staging.nbg.eu\/fi\/wp-json\/wp\/v2\/product\/285374","targetHints":{"allow":["GET"]}}],"collection":[{"href":"https:\/\/staging.nbg.eu\/fi\/wp-json\/wp\/v2\/product"}],"about":[{"href":"https:\/\/staging.nbg.eu\/fi\/wp-json\/wp\/v2\/types\/product"}],"wp:featuredmedia":[{"embeddable":true,"href":"https:\/\/staging.nbg.eu\/fi\/wp-json\/wp\/v2\/media\/237148"}],"wp:attachment":[{"href":"https:\/\/staging.nbg.eu\/fi\/wp-json\/wp\/v2\/media?parent=285374"}],"wp:term":[{"taxonomy":"product_brand","embeddable":true,"href":"https:\/\/staging.nbg.eu\/fi\/wp-json\/wp\/v2\/product_brand?post=285374"},{"taxonomy":"product_cat","embeddable":true,"href":"https:\/\/staging.nbg.eu\/fi\/wp-json\/wp\/v2\/product_cat?post=285374"},{"taxonomy":"product_tag","embeddable":true,"href":"https:\/\/staging.nbg.eu\/fi\/wp-json\/wp\/v2\/product_tag?post=285374"}],"curies":[{"name":"wp","href":"https:\/\/api.w.org\/{rel}","templated":true}]}}