{"id":285318,"date":"2025-03-04T19:02:27","date_gmt":"2025-03-25T14:26:53","guid":{"rendered":"https:\/\/staging.nbg.eu\/product\/magpul-ctr-moe-cheek-riser-0-5\/"},"modified":"2025-03-25T14:29:18","modified_gmt":"2025-03-25T14:29:18","slug":"magpul-ctr-moe-poskipala-05","status":"publish","type":"product","link":"https:\/\/staging.nbg.eu\/fi\/tuote\/magpul-ctr-moe-poskipala-05\/","title":{"rendered":"Magpul &#8211; CTR \/ MOE Poskipala &#8211; 0.5&#8243;"},"content":{"rendered":"<div class=\"product-description\">\n<h2>Magpul &#8211; CTR \/ MOE Poskituki &#8211; 0,5&#8243;<\/h2>\n<p>Magpul CTR \/ MOE Poskituki on kiinnitett\u00e4v\u00e4 lis\u00e4varuste CTR, MOE\u00ae, DT ja PR Carbine -tukeille.<\/p>\n<ul>\n<li>Nostaa poskitukea 1,2 cm<\/li>\n<li>Sopii muihin kuin AR15\/M4-sovelluksiin<\/li>\n<li>Sopii M14-karbiinitukkimuunnoksiin<\/li>\n<li>Valmistettu Yhdysvalloissa<\/li>\n<li>NSN: MAG326-BLK 1005-01-591-6035<\/li>\n<\/ul>\n<p><strong>Huomio:<\/strong> Saattaa h\u00e4irit\u00e4 virityskahvan toimintaa AR15\/M4-alustoilla, ellei tukki ole t\u00e4ysin pidennetty.<\/p>\n<p>T\u00e4m\u00e4 poskituki on Magpulin valmistama ampuma-asetarvike.<\/p>\n<\/div>\n","protected":false},"excerpt":{"rendered":"<p>Kiinnitett\u00e4v\u00e4 poskituki muille kuin AR15\/M4-tukeille. Nostaa poskitukea 1,27 cm.<\/p>\n","protected":false},"featured_media":237032,"template":"","meta":{"_acf_changed":false},"product_brand":[11552],"product_cat":[13225,13185,13174],"product_tag":[],"class_list":{"0":"post-285318","1":"product","2":"type-product","3":"status-publish","4":"has-post-thumbnail","6":"product_brand-magpul","7":"product_cat-kivaeaeri","8":"product_cat-kivaeaerin-tukit","9":"product_cat-kivaeaerin-viritys","11":"first","12":"instock","13":"taxable","14":"shipping-taxable","15":"purchasable","16":"product-type-variable","17":"wvs-archive-product-wrapper"},"acf":[],"_links":{"self":[{"href":"https:\/\/staging.nbg.eu\/fi\/wp-json\/wp\/v2\/product\/285318","targetHints":{"allow":["GET"]}}],"collection":[{"href":"https:\/\/staging.nbg.eu\/fi\/wp-json\/wp\/v2\/product"}],"about":[{"href":"https:\/\/staging.nbg.eu\/fi\/wp-json\/wp\/v2\/types\/product"}],"wp:featuredmedia":[{"embeddable":true,"href":"https:\/\/staging.nbg.eu\/fi\/wp-json\/wp\/v2\/media\/237032"}],"wp:attachment":[{"href":"https:\/\/staging.nbg.eu\/fi\/wp-json\/wp\/v2\/media?parent=285318"}],"wp:term":[{"taxonomy":"product_brand","embeddable":true,"href":"https:\/\/staging.nbg.eu\/fi\/wp-json\/wp\/v2\/product_brand?post=285318"},{"taxonomy":"product_cat","embeddable":true,"href":"https:\/\/staging.nbg.eu\/fi\/wp-json\/wp\/v2\/product_cat?post=285318"},{"taxonomy":"product_tag","embeddable":true,"href":"https:\/\/staging.nbg.eu\/fi\/wp-json\/wp\/v2\/product_tag?post=285318"}],"curies":[{"name":"wp","href":"https:\/\/api.w.org\/{rel}","templated":true}]}}