{"id":285215,"date":"2025-03-04T18:44:51","date_gmt":"2025-03-25T14:25:14","guid":{"rendered":"https:\/\/staging.nbg.eu\/product\/magpul-ctr-moe-cheek-riser-0-25\/"},"modified":"2025-03-25T14:27:38","modified_gmt":"2025-03-25T14:27:38","slug":"magpul-ctr-moe-poskipala-025","status":"publish","type":"product","link":"https:\/\/staging.nbg.eu\/fi\/tuote\/magpul-ctr-moe-poskipala-025\/","title":{"rendered":"Magpul &#8211; CTR \/ MOE Poskipala &#8211; 0.25&#8221;"},"content":{"rendered":"<div class=\"product-description\">\n<h2>Magpul &#8211; CTR \/ MOE Poskituki &#8211; 0,25&#8243;<\/h2>\n<p>Magpul CTR \/ MOE Poskituki on kiinnitett\u00e4v\u00e4 lis\u00e4varuste, joka nostaa poskitukea 1\/4 tuumaa. Se on suunniteltu muihin kuin AR15\/M4-sovelluksiin.<\/p>\n<ul>\n<li>Yhteensopiva CTR, MOE\u00ae, DT ja PR Carbine -tukkien kanssa<\/li>\n<li>Sopii M14-kiv\u00e4\u00e4rin tukki-muunnoksiin<\/li>\n<li>Valmistettu Yhdysvalloissa<\/li>\n<li>NSN: MAG325-BLK 1005-01-591-6018<\/li>\n<\/ul>\n<p><strong>Huomio:<\/strong> T\u00e4m\u00e4 koroke voi h\u00e4irit\u00e4 virityskahvan toimintaa AR15\/M4-alustoilla, ellei tukkia ole t\u00e4ysin pidennetty.<\/p>\n<\/div>\n","protected":false},"excerpt":{"rendered":"<p>Poskituki muille kuin AR15\/M4-perille. Nostaa poskitukea 0,64 cm. Valmistettu Yhdysvalloissa.<\/p>\n","protected":false},"featured_media":236934,"template":"","meta":{"_acf_changed":false},"product_brand":[11552],"product_cat":[13225,13185,13174],"product_tag":[],"class_list":{"0":"post-285215","1":"product","2":"type-product","3":"status-publish","4":"has-post-thumbnail","6":"product_brand-magpul","7":"product_cat-kivaeaeri","8":"product_cat-kivaeaerin-tukit","9":"product_cat-kivaeaerin-viritys","11":"first","12":"instock","13":"taxable","14":"shipping-taxable","15":"purchasable","16":"product-type-variable","17":"wvs-archive-product-wrapper"},"acf":[],"_links":{"self":[{"href":"https:\/\/staging.nbg.eu\/fi\/wp-json\/wp\/v2\/product\/285215","targetHints":{"allow":["GET"]}}],"collection":[{"href":"https:\/\/staging.nbg.eu\/fi\/wp-json\/wp\/v2\/product"}],"about":[{"href":"https:\/\/staging.nbg.eu\/fi\/wp-json\/wp\/v2\/types\/product"}],"wp:featuredmedia":[{"embeddable":true,"href":"https:\/\/staging.nbg.eu\/fi\/wp-json\/wp\/v2\/media\/236934"}],"wp:attachment":[{"href":"https:\/\/staging.nbg.eu\/fi\/wp-json\/wp\/v2\/media?parent=285215"}],"wp:term":[{"taxonomy":"product_brand","embeddable":true,"href":"https:\/\/staging.nbg.eu\/fi\/wp-json\/wp\/v2\/product_brand?post=285215"},{"taxonomy":"product_cat","embeddable":true,"href":"https:\/\/staging.nbg.eu\/fi\/wp-json\/wp\/v2\/product_cat?post=285215"},{"taxonomy":"product_tag","embeddable":true,"href":"https:\/\/staging.nbg.eu\/fi\/wp-json\/wp\/v2\/product_tag?post=285215"}],"curies":[{"name":"wp","href":"https:\/\/api.w.org\/{rel}","templated":true}]}}