{"id":285019,"date":"2025-03-02T07:13:28","date_gmt":"2025-03-25T14:09:36","guid":{"rendered":"https:\/\/staging.nbg.eu\/product\/the-railchanger-from-area-419-armageddon-gear-and-reasor-precision\/"},"modified":"2025-03-25T14:11:59","modified_gmt":"2025-03-25T14:11:59","slug":"the-railchanger-area-419-armageddon-gear-ja-reasor-precision","status":"publish","type":"product","link":"https:\/\/staging.nbg.eu\/fi\/tuote\/the-railchanger-area-419-armageddon-gear-ja-reasor-precision\/","title":{"rendered":"The RailChanger \u2013 Area 419, Armageddon Gear ja Reasor Precision"},"content":{"rendered":"<div class=\"product-description\">\n<h2>RailChanger: GripChanger-versio<\/h2>\n<p>RailChanger-tuotesarjan uusin lis\u00e4ys: GripChanger. T\u00e4m\u00e4 pieni ja monipuolinen laukku sopii nopeaan asemoinnin rakentamiseen ja k\u00e4ytt\u00f6\u00f6n pieniss\u00e4 aukoissa.<\/p>\n<h2>Ominaisuudet:<\/h2>\n<ul>\n<li>Pieni, pit\u00e4v\u00e4 ja tiiviisti t\u00e4ytetty<\/li>\n<li>Paino noin 450 grammaa<\/li>\n<li>Tarttuu mihin tahansa pintaan<\/li>\n<li>Tarjoaa vakaan alustan nopeaan asetteluun<\/li>\n<\/ul>\n<h2>Pakkaus sis\u00e4lt\u00e4\u00e4:<\/h2>\n<ul>\n<li>1 Area 419 GripChanger-laukku<\/li>\n<li>1 ARCALOCK-kiinnike<\/li>\n<li>1 Area 419 Rail Changer -varsi<\/li>\n<\/ul>\n<h2>Tekniset tiedot:<\/h2>\n<ul>\n<li>Paino: 450 grammaa<\/li>\n<li>Mitat: 25,4 \u00d7 7,6 \u00d7 5,1 cm<\/li>\n<li>Valmistaja: Armageddon Gear<\/li>\n<\/ul>\n<p>GripChanger on Area 419:n, Armageddon Gearin ja Reasor Precisionin yhteisty\u00f6n tulos.<\/p>\n<\/div>\n","protected":false},"excerpt":{"rendered":"<p>Monipuolinen, pit\u00e4v\u00e4 laukku nopeisiin ja vakaisiin ampuma-asentoihin.<\/p>\n","protected":false},"featured_media":233698,"template":"","meta":{"_acf_changed":false},"product_brand":[11033],"product_cat":[13225],"product_tag":[],"class_list":{"0":"post-285019","1":"product","2":"type-product","3":"status-publish","4":"has-post-thumbnail","6":"product_brand-area-419","7":"product_cat-kivaeaeri","9":"first","10":"instock","11":"taxable","12":"shipping-taxable","13":"purchasable","14":"product-type-variable","15":"wvs-archive-product-wrapper"},"acf":[],"_links":{"self":[{"href":"https:\/\/staging.nbg.eu\/fi\/wp-json\/wp\/v2\/product\/285019","targetHints":{"allow":["GET"]}}],"collection":[{"href":"https:\/\/staging.nbg.eu\/fi\/wp-json\/wp\/v2\/product"}],"about":[{"href":"https:\/\/staging.nbg.eu\/fi\/wp-json\/wp\/v2\/types\/product"}],"wp:featuredmedia":[{"embeddable":true,"href":"https:\/\/staging.nbg.eu\/fi\/wp-json\/wp\/v2\/media\/233698"}],"wp:attachment":[{"href":"https:\/\/staging.nbg.eu\/fi\/wp-json\/wp\/v2\/media?parent=285019"}],"wp:term":[{"taxonomy":"product_brand","embeddable":true,"href":"https:\/\/staging.nbg.eu\/fi\/wp-json\/wp\/v2\/product_brand?post=285019"},{"taxonomy":"product_cat","embeddable":true,"href":"https:\/\/staging.nbg.eu\/fi\/wp-json\/wp\/v2\/product_cat?post=285019"},{"taxonomy":"product_tag","embeddable":true,"href":"https:\/\/staging.nbg.eu\/fi\/wp-json\/wp\/v2\/product_tag?post=285019"}],"curies":[{"name":"wp","href":"https:\/\/api.w.org\/{rel}","templated":true}]}}