{"id":284332,"date":"2025-03-06T20:15:14","date_gmt":"2025-03-06T20:15:14","guid":{"rendered":"https:\/\/staging.nbg.eu\/product\/clawgear-ak47-gas-tube-cover\/"},"modified":"2025-03-25T13:00:38","modified_gmt":"2025-03-25T13:00:38","slug":"clawgear-ak47-kaasuputken-suoja","status":"publish","type":"product","link":"https:\/\/staging.nbg.eu\/fi\/tuote\/clawgear-ak47-kaasuputken-suoja\/","title":{"rendered":"Clawgear &#8211; AK47 Kaasuputken suoja"},"content":{"rendered":"<h2>Clawgear &#8211; AK47 Kaasuputken suoja<\/h2>\n<p>AK47:n lis\u00e4varuste, suunniteltu k\u00e4ytett\u00e4v\u00e4ksi CG Slimline-etukahvan kanssa. Ominaisuudet:<\/p>\n<ul>\n<li>Mil-STD 1913 Picatinny \/ Stanag 4694 kisko p\u00e4\u00e4ll\u00e4<\/li>\n<li>Valmistettu alumiinista<\/li>\n<li>Musta mil-spec pinnoite<\/li>\n<\/ul>\n<p>Pituus 10 cm, paino 80 g.<\/p>\n<p><strong>Huomio:<\/strong> T\u00e4m\u00e4 tuote on yhteensopiva <em>vain<\/em> Clawgear AK47 Slimline-etukahvan kanssa.<\/p>\n","protected":false},"excerpt":{"rendered":"<p>Kest\u00e4v\u00e4 AK47-kaasuputken suojus Picatinny-kiskolla Slimline-etukahvaa varten.<\/p>\n","protected":false},"featured_media":244882,"template":"","meta":{"_acf_changed":false},"product_brand":[11222],"product_cat":[13159,13173,13225],"product_tag":[],"class_list":{"0":"post-284332","1":"product","2":"type-product","3":"status-publish","4":"has-post-thumbnail","6":"product_brand-clawgear","7":"product_cat-ak-viritys","8":"product_cat-kiskot","9":"product_cat-kivaeaeri","11":"first","12":"instock","13":"taxable","14":"shipping-taxable","15":"purchasable","16":"product-type-simple"},"acf":[],"_links":{"self":[{"href":"https:\/\/staging.nbg.eu\/fi\/wp-json\/wp\/v2\/product\/284332","targetHints":{"allow":["GET"]}}],"collection":[{"href":"https:\/\/staging.nbg.eu\/fi\/wp-json\/wp\/v2\/product"}],"about":[{"href":"https:\/\/staging.nbg.eu\/fi\/wp-json\/wp\/v2\/types\/product"}],"wp:featuredmedia":[{"embeddable":true,"href":"https:\/\/staging.nbg.eu\/fi\/wp-json\/wp\/v2\/media\/244882"}],"wp:attachment":[{"href":"https:\/\/staging.nbg.eu\/fi\/wp-json\/wp\/v2\/media?parent=284332"}],"wp:term":[{"taxonomy":"product_brand","embeddable":true,"href":"https:\/\/staging.nbg.eu\/fi\/wp-json\/wp\/v2\/product_brand?post=284332"},{"taxonomy":"product_cat","embeddable":true,"href":"https:\/\/staging.nbg.eu\/fi\/wp-json\/wp\/v2\/product_cat?post=284332"},{"taxonomy":"product_tag","embeddable":true,"href":"https:\/\/staging.nbg.eu\/fi\/wp-json\/wp\/v2\/product_tag?post=284332"}],"curies":[{"name":"wp","href":"https:\/\/api.w.org\/{rel}","templated":true}]}}