{"id":284171,"date":"2025-03-05T08:21:40","date_gmt":"2025-03-25T10:47:31","guid":{"rendered":"https:\/\/staging.nbg.eu\/product\/magpul-moe-sl-enhanced-rubber-butt-pad-0-70\/"},"modified":"2025-03-25T10:50:20","modified_gmt":"2025-03-25T10:50:20","slug":"magpul-moe-sl-parannettu-kumiperae-070","status":"publish","type":"product","link":"https:\/\/staging.nbg.eu\/fi\/tuote\/magpul-moe-sl-parannettu-kumiperae-070\/","title":{"rendered":"Magpul &#8211; MOE SL\u00ae Parannettu kumiper\u00e4, 0.70"},"content":{"rendered":"<h2>Magpul &#8211; MOE SL\u00ae Kuminen per\u00e4levy, 0,70 tuumaa<\/h2>\n<p>T\u00e4m\u00e4 per\u00e4levy on suora vaihto-osa Magpul-tukkiin. Se tarjoaa parannettua mukavuutta ja toiminnallisuutta aseeseen.<\/p>\n<h3>Ominaisuudet:<\/h3>\n<ul>\n<li>Yhteensopiva DT Carbine, MOE SL\u00ae, MOE\u00ae SL-S\u2122, UBR\u00ae GEN2, MOE\u00ae AK, Zhukov-S\u00ae, X-22 Backpacker ja PC Backpacker -tukkien kanssa<\/li>\n<li>Liukumaton uritettu pinta<\/li>\n<li>Paksumpi, tuuletettu rakenne<\/li>\n<li>Lis\u00e4\u00e4 noin 3\/8 tuumaa vetopituuteen<\/li>\n<li>Paino alle 28 grammaa<\/li>\n<li>Kulmikas, sahalaitainen alaosa helpottaa kiinnityst\u00e4<\/li>\n<li>Kaareva yl\u00e4osa sopii olkap\u00e4\u00e4h\u00e4n<\/li>\n<\/ul>\n<p>Valmistettu Yhdysvalloissa. Per\u00e4levy kiinnitet\u00e4\u00e4n olemassa olevilla kiinnikkeill\u00e4.<\/p>\n<p><strong>Magpul MOE SL\u00ae kuminen per\u00e4levy on saatavilla.<\/strong><\/p>\n","protected":false},"excerpt":{"rendered":"<p>Mukava, luistamaton 17,8 mm:n kuminen per\u00e4levyn suojus Magpul-tukeille.<\/p>\n","protected":false},"featured_media":238690,"template":"","meta":{"_acf_changed":false},"product_brand":[11552],"product_cat":[13225,13185,13174],"product_tag":[],"class_list":{"0":"post-284171","1":"product","2":"type-product","3":"status-publish","4":"has-post-thumbnail","6":"product_brand-magpul","7":"product_cat-kivaeaeri","8":"product_cat-kivaeaerin-tukit","9":"product_cat-kivaeaerin-viritys","11":"first","12":"instock","13":"taxable","14":"shipping-taxable","15":"purchasable","16":"product-type-simple"},"acf":[],"_links":{"self":[{"href":"https:\/\/staging.nbg.eu\/fi\/wp-json\/wp\/v2\/product\/284171","targetHints":{"allow":["GET"]}}],"collection":[{"href":"https:\/\/staging.nbg.eu\/fi\/wp-json\/wp\/v2\/product"}],"about":[{"href":"https:\/\/staging.nbg.eu\/fi\/wp-json\/wp\/v2\/types\/product"}],"wp:featuredmedia":[{"embeddable":true,"href":"https:\/\/staging.nbg.eu\/fi\/wp-json\/wp\/v2\/media\/238690"}],"wp:attachment":[{"href":"https:\/\/staging.nbg.eu\/fi\/wp-json\/wp\/v2\/media?parent=284171"}],"wp:term":[{"taxonomy":"product_brand","embeddable":true,"href":"https:\/\/staging.nbg.eu\/fi\/wp-json\/wp\/v2\/product_brand?post=284171"},{"taxonomy":"product_cat","embeddable":true,"href":"https:\/\/staging.nbg.eu\/fi\/wp-json\/wp\/v2\/product_cat?post=284171"},{"taxonomy":"product_tag","embeddable":true,"href":"https:\/\/staging.nbg.eu\/fi\/wp-json\/wp\/v2\/product_tag?post=284171"}],"curies":[{"name":"wp","href":"https:\/\/api.w.org\/{rel}","templated":true}]}}