{"id":284050,"date":"2025-03-05T07:25:38","date_gmt":"2025-03-25T10:17:38","guid":{"rendered":"https:\/\/staging.nbg.eu\/product\/magpul-daka-window-pouch-large\/"},"modified":"2025-03-25T10:19:58","modified_gmt":"2025-03-25T10:19:58","slug":"magpul-daka-ikkunapussi-suuri","status":"publish","type":"product","link":"https:\/\/staging.nbg.eu\/fi\/tuote\/magpul-daka-ikkunapussi-suuri\/","title":{"rendered":"Magpul &#8211; DAKA\u00ae Ikkunapussi, Suuri"},"content":{"rendered":"<div class=\"product-description\">\n<h2>Magpul &#8211; DAKA\u00ae Ikkunapussi, Suuri<\/h2>\n<p>Magpul DAKA\u00ae Ikkunapussi on suuri, kest\u00e4v\u00e4 pussi, joka on suunniteltu tavaroiden j\u00e4rjest\u00e4miseen vaativissa ymp\u00e4rist\u00f6iss\u00e4.<\/p>\n<ul>\n<li>Polymeerivaahdettu tekstiilirakenne RF-hitsatuilla saumoilla<\/li>\n<li>YKK\u00ae vedenkest\u00e4v\u00e4 vetoketju<\/li>\n<li>L\u00e4pin\u00e4kyv\u00e4 ikkuna sis\u00e4ll\u00f6n tunnistamiseen<\/li>\n<li>Liukumaton pinta ja vahvistettu kangas<\/li>\n<li>Kiinnityspisteet karabiinihaoille<\/li>\n<li>550 paracord-vetoketjun veto kutistesukalla<\/li>\n<li>Maalikynn\u00e4matriisi merkint\u00f6j\u00e4 varten<\/li>\n<\/ul>\n<p>Mitat: 23 cm x 33 cm, vetoketjun pituus 25 cm. Sopii ty\u00f6kalujen, ammusten tai elektroniikan lis\u00e4varusteiden s\u00e4ilytykseen vaativissa ulko-olosuhteissa.<\/p>\n<\/div>\n","protected":false},"excerpt":{"rendered":"<p>Kest\u00e4v\u00e4, vedenkest\u00e4v\u00e4 pussi ikkunalla helppoa j\u00e4rjest\u00e4mist\u00e4 varten.<\/p>\n","protected":false},"featured_media":237658,"template":"","meta":{"_acf_changed":false},"product_brand":[11552],"product_cat":[13183,13192],"product_tag":[],"class_list":{"0":"post-284050","1":"product","2":"type-product","3":"status-publish","4":"has-post-thumbnail","6":"product_brand-magpul","7":"product_cat-pussit","8":"product_cat-varusteet","10":"first","11":"instock","12":"taxable","13":"shipping-taxable","14":"purchasable","15":"product-type-simple"},"acf":[],"_links":{"self":[{"href":"https:\/\/staging.nbg.eu\/fi\/wp-json\/wp\/v2\/product\/284050","targetHints":{"allow":["GET"]}}],"collection":[{"href":"https:\/\/staging.nbg.eu\/fi\/wp-json\/wp\/v2\/product"}],"about":[{"href":"https:\/\/staging.nbg.eu\/fi\/wp-json\/wp\/v2\/types\/product"}],"wp:featuredmedia":[{"embeddable":true,"href":"https:\/\/staging.nbg.eu\/fi\/wp-json\/wp\/v2\/media\/237658"}],"wp:attachment":[{"href":"https:\/\/staging.nbg.eu\/fi\/wp-json\/wp\/v2\/media?parent=284050"}],"wp:term":[{"taxonomy":"product_brand","embeddable":true,"href":"https:\/\/staging.nbg.eu\/fi\/wp-json\/wp\/v2\/product_brand?post=284050"},{"taxonomy":"product_cat","embeddable":true,"href":"https:\/\/staging.nbg.eu\/fi\/wp-json\/wp\/v2\/product_cat?post=284050"},{"taxonomy":"product_tag","embeddable":true,"href":"https:\/\/staging.nbg.eu\/fi\/wp-json\/wp\/v2\/product_tag?post=284050"}],"curies":[{"name":"wp","href":"https:\/\/api.w.org\/{rel}","templated":true}]}}