{"id":283935,"date":"2025-03-05T07:31:40","date_gmt":"2025-03-05T07:31:40","guid":{"rendered":"https:\/\/staging.nbg.eu\/product\/magpul-daka-window-pouch-medium\/"},"modified":"2025-03-25T09:54:41","modified_gmt":"2025-03-25T09:54:41","slug":"magpul-daka-ikkunapussi-keskikokoinen","status":"publish","type":"product","link":"https:\/\/staging.nbg.eu\/fi\/tuote\/magpul-daka-ikkunapussi-keskikokoinen\/","title":{"rendered":"Magpul &#8211; DAKA\u00ae Ikkunapussi, Keskikokoinen"},"content":{"rendered":"<h2>Magpul &#8211; DAKA\u00ae Ikkunallinen Pussi, Keskikokoinen<\/h2>\n<p>Magpul DAKA\u00ae Vedenpit\u00e4v\u00e4 Ikkunallinen Pussi. T\u00e4m\u00e4 keskikokoinen pussi sis\u00e4lt\u00e4\u00e4:<\/p>\n<ul>\n<li>IPX7-luokitellut sivuvetoketjut t\u00e4ydelliseen vedenpit\u00e4vyyteen<\/li>\n<li>550 paracord-vetoketjun vetimet l\u00e4mp\u00f6kutisteletkulla<\/li>\n<li>L\u00e4pin\u00e4kyv\u00e4 ikkunapaneeli sis\u00e4ll\u00f6n tunnistamiseen<\/li>\n<li>Kaksi suurta karbiinihakaa monipuoliseen kiinnitykseen<\/li>\n<li>RF-hitsattu rakenne tiiviill\u00e4 saumoilla<\/li>\n<li>Polymeeri-vahvistettu materiaali lis\u00e4suojaksi<\/li>\n<\/ul>\n<p>Mitat: 7&#8243; x 12&#8243; (ulkoiset), 6.75&#8243; x 11.75&#8243; (sis\u00e4iset)<\/p>\n<p>DAKA\u00ae Vedenpit\u00e4v\u00e4 Ikkunallinen Pussi sopii k\u00e4ytt\u00f6\u00f6n, kun upotus veteen on mahdollista. Soveltuu tavaroiden suojaamiseen erilaisissa ymp\u00e4rist\u00f6iss\u00e4.<\/p>\n","protected":false},"excerpt":{"rendered":"<p>Vedenpit\u00e4v\u00e4 pussi ikkunalla helppoa tunnistamista varten. Kest\u00e4v\u00e4, veden alla k\u00e4ytett\u00e4v\u00e4.<\/p>\n","protected":false},"featured_media":237798,"template":"","meta":{"_acf_changed":false},"product_brand":[11552],"product_cat":[13183,13192],"product_tag":[],"class_list":{"0":"post-283935","1":"product","2":"type-product","3":"status-publish","4":"has-post-thumbnail","6":"product_brand-magpul","7":"product_cat-pussit","8":"product_cat-varusteet","10":"first","11":"instock","12":"taxable","13":"shipping-taxable","14":"purchasable","15":"product-type-simple"},"acf":[],"_links":{"self":[{"href":"https:\/\/staging.nbg.eu\/fi\/wp-json\/wp\/v2\/product\/283935","targetHints":{"allow":["GET"]}}],"collection":[{"href":"https:\/\/staging.nbg.eu\/fi\/wp-json\/wp\/v2\/product"}],"about":[{"href":"https:\/\/staging.nbg.eu\/fi\/wp-json\/wp\/v2\/types\/product"}],"wp:featuredmedia":[{"embeddable":true,"href":"https:\/\/staging.nbg.eu\/fi\/wp-json\/wp\/v2\/media\/237798"}],"wp:attachment":[{"href":"https:\/\/staging.nbg.eu\/fi\/wp-json\/wp\/v2\/media?parent=283935"}],"wp:term":[{"taxonomy":"product_brand","embeddable":true,"href":"https:\/\/staging.nbg.eu\/fi\/wp-json\/wp\/v2\/product_brand?post=283935"},{"taxonomy":"product_cat","embeddable":true,"href":"https:\/\/staging.nbg.eu\/fi\/wp-json\/wp\/v2\/product_cat?post=283935"},{"taxonomy":"product_tag","embeddable":true,"href":"https:\/\/staging.nbg.eu\/fi\/wp-json\/wp\/v2\/product_tag?post=283935"}],"curies":[{"name":"wp","href":"https:\/\/api.w.org\/{rel}","templated":true}]}}