{"id":283817,"date":"2025-03-06T09:57:41","date_gmt":"2025-03-25T09:34:53","guid":{"rendered":"https:\/\/staging.nbg.eu\/product\/clawgear-ar15-gasblock-0-750\/"},"modified":"2025-03-25T09:37:15","modified_gmt":"2025-03-25T09:37:15","slug":"clawgear-ar15-kaasulohko-0750","status":"publish","type":"product","link":"https:\/\/staging.nbg.eu\/fi\/tuote\/clawgear-ar15-kaasulohko-0750\/","title":{"rendered":"Clawgear AR15 Kaasulohko 0.750"},"content":{"rendered":"<h2>Clawgear AR15 Kaasuventtiili 0.750<\/h2>\n<p>Clawgear AR15 Kaasuventtiili 0.750. Matalaprofiilinen malli, jossa on harjattu pinta. Sopii useimpien vapaasti kelluvan k\u00e4densuojusten alle.<\/p>\n<h2>Ominaisuudet:<\/h2>\n<ul>\n<li>Yksiosainen ter\u00e4srakenne<\/li>\n<li>Koneistettu kaasuvuotojen minimoimiseksi<\/li>\n<li>Suunniteltu 0.750&#8243; piipun ulkohalkaisijalle kaasurei\u00e4n kohdalla<\/li>\n<li>Kest\u00e4\u00e4 kuumia kaasuja<\/li>\n<\/ul>\n<h2>Tekniset tiedot:<\/h2>\n<ul>\n<li>Mitat: 2.8 x 2.8 x 2.4 cm<\/li>\n<li>Paino: 0.05 kg<\/li>\n<\/ul>\n<p>Clawgear AR15 Kaasuventtiili 0.750 AR15-aseelle.<\/p>\n","protected":false},"excerpt":{"rendered":"<p>Matalaprofiilinen AR15-kaasupalikka, sopii 0,750 tuuman piippuihin. Kest\u00e4v\u00e4 ter\u00e4srakenne.<\/p>\n","protected":false},"featured_media":240385,"template":"","meta":{"_acf_changed":false},"product_brand":[11222],"product_cat":[13224,13225,13174],"product_tag":[],"class_list":{"0":"post-283817","1":"product","2":"type-product","3":"status-publish","4":"has-post-thumbnail","6":"product_brand-clawgear","7":"product_cat-kaasupalat","8":"product_cat-kivaeaeri","9":"product_cat-kivaeaerin-viritys","11":"first","12":"instock","13":"taxable","14":"shipping-taxable","15":"purchasable","16":"product-type-simple"},"acf":[],"_links":{"self":[{"href":"https:\/\/staging.nbg.eu\/fi\/wp-json\/wp\/v2\/product\/283817","targetHints":{"allow":["GET"]}}],"collection":[{"href":"https:\/\/staging.nbg.eu\/fi\/wp-json\/wp\/v2\/product"}],"about":[{"href":"https:\/\/staging.nbg.eu\/fi\/wp-json\/wp\/v2\/types\/product"}],"wp:featuredmedia":[{"embeddable":true,"href":"https:\/\/staging.nbg.eu\/fi\/wp-json\/wp\/v2\/media\/240385"}],"wp:attachment":[{"href":"https:\/\/staging.nbg.eu\/fi\/wp-json\/wp\/v2\/media?parent=283817"}],"wp:term":[{"taxonomy":"product_brand","embeddable":true,"href":"https:\/\/staging.nbg.eu\/fi\/wp-json\/wp\/v2\/product_brand?post=283817"},{"taxonomy":"product_cat","embeddable":true,"href":"https:\/\/staging.nbg.eu\/fi\/wp-json\/wp\/v2\/product_cat?post=283817"},{"taxonomy":"product_tag","embeddable":true,"href":"https:\/\/staging.nbg.eu\/fi\/wp-json\/wp\/v2\/product_tag?post=283817"}],"curies":[{"name":"wp","href":"https:\/\/api.w.org\/{rel}","templated":true}]}}