{"id":283703,"date":"2025-03-06T10:14:28","date_gmt":"2025-03-06T10:14:28","guid":{"rendered":"https:\/\/staging.nbg.eu\/product\/clawgear-snap-cap-12-gauge-2-pack\/"},"modified":"2025-03-25T09:28:02","modified_gmt":"2025-03-25T09:28:02","slug":"clawgear-snap-cap-12-gauge-2-pakkaus","status":"publish","type":"product","link":"https:\/\/staging.nbg.eu\/fi\/tuote\/clawgear-snap-cap-12-gauge-2-pakkaus\/","title":{"rendered":"Clawgear Snap Cap 12 Gauge 2-pakkaus"},"content":{"rendered":"<h2>Clawgear Snap Cap 12 Gauge 2 kpl<\/h2>\n<p>Clawgear Snap Cap 12 Gauge 2 kpl on tarkoitettu aseen harjoitteluun ja huoltoon. N\u00e4m\u00e4 snap capit suojaavat aseen iskuria ja toimintaa kuivaharjoittelussa, toiminnan testauksessa ja s\u00e4ilytyksess\u00e4.<\/p>\n<h2>Ominaisuudet:<\/h2>\n<ul>\n<li>2 kpl snap capeja<\/li>\n<li>Kest\u00e4v\u00e4 rakenne pitk\u00e4aikaiseen k\u00e4ytt\u00f6\u00f6n<\/li>\n<li>Est\u00e4\u00e4 iskurin ja toiminnan vaurioitumisen<\/li>\n<li>Soveltuu kuivaharjoitteluun ja toiminnan testaukseen<\/li>\n<\/ul>\n<h2>Tuotteen mitat:<\/h2>\n<ul>\n<li>Pituus: 5,5 cm<\/li>\n<li>Leveys: 2,1 cm<\/li>\n<li>Korkeus: 2,1 cm<\/li>\n<li>Paino: 0,106 kg<\/li>\n<\/ul>\n<p>Clawgear Snap Cap 12 Gauge 2 kpl on tarkoitettu ampumataitojen kehitt\u00e4miseen ja aseen huoltoon.<\/p>\n","protected":false},"excerpt":{"rendered":"<p>&#8221;Kest\u00e4v\u00e4t 12 kaliiperin harjoituspatruunat, 2 kpl paketti. T\u00e4ydellisi\u00e4 turvalliseen kuivaharjoitteluun.&#8221;<\/p>\n","protected":false},"featured_media":240943,"template":"","meta":{"_acf_changed":false},"product_brand":[11222],"product_cat":[13200],"product_tag":[],"class_list":{"0":"post-283703","1":"product","2":"type-product","3":"status-publish","4":"has-post-thumbnail","6":"product_brand-clawgear","7":"product_cat-ammukset","9":"first","10":"instock","11":"taxable","12":"shipping-taxable","13":"purchasable","14":"product-type-simple"},"acf":[],"_links":{"self":[{"href":"https:\/\/staging.nbg.eu\/fi\/wp-json\/wp\/v2\/product\/283703","targetHints":{"allow":["GET"]}}],"collection":[{"href":"https:\/\/staging.nbg.eu\/fi\/wp-json\/wp\/v2\/product"}],"about":[{"href":"https:\/\/staging.nbg.eu\/fi\/wp-json\/wp\/v2\/types\/product"}],"wp:featuredmedia":[{"embeddable":true,"href":"https:\/\/staging.nbg.eu\/fi\/wp-json\/wp\/v2\/media\/240943"}],"wp:attachment":[{"href":"https:\/\/staging.nbg.eu\/fi\/wp-json\/wp\/v2\/media?parent=283703"}],"wp:term":[{"taxonomy":"product_brand","embeddable":true,"href":"https:\/\/staging.nbg.eu\/fi\/wp-json\/wp\/v2\/product_brand?post=283703"},{"taxonomy":"product_cat","embeddable":true,"href":"https:\/\/staging.nbg.eu\/fi\/wp-json\/wp\/v2\/product_cat?post=283703"},{"taxonomy":"product_tag","embeddable":true,"href":"https:\/\/staging.nbg.eu\/fi\/wp-json\/wp\/v2\/product_tag?post=283703"}],"curies":[{"name":"wp","href":"https:\/\/api.w.org\/{rel}","templated":true}]}}