{"id":283329,"date":"2025-03-06T10:27:47","date_gmt":"2025-03-25T08:07:13","guid":{"rendered":"https:\/\/staging.nbg.eu\/product\/ftcs-buttstock-adapter-ar15-for-akm\/"},"modified":"2025-03-25T08:09:30","modified_gmt":"2025-03-25T08:09:30","slug":"ftcs-peraen-sovitin-ar15-akmlle","status":"publish","type":"product","link":"https:\/\/staging.nbg.eu\/fi\/tuote\/ftcs-peraen-sovitin-ar15-akmlle\/","title":{"rendered":"FTCS &#8211; Per\u00e4n sovitin AR15 AKM:lle"},"content":{"rendered":"<h2>FTCS &#8211; Per\u00e4tukisovitin AR15 AKM:lle<\/h2>\n<p>FTCS Per\u00e4tukisovitin AR15 mahdollistaa AR15-per\u00e4tukien kiinnityksen AKM-kiv\u00e4\u00e4riin. Alumiininen sovitin on pinnoitettu Cerakote H-146:lla.<\/p>\n<h3>Ominaisuudet:<\/h3>\n<ul>\n<li>Valmistettu AKM-perheelle<\/li>\n<li>Yhteensopiva AR-karbiinitukien kanssa<\/li>\n<li>MIL-SPEC-standardin mukainen<\/li>\n<li>Asennus ilman lis\u00e4osia<\/li>\n<li>Alumiinirakenne Cerakote-pinnoitteella<\/li>\n<li>Sis\u00e4lt\u00e4\u00e4 ohjaimen ja saranan kiinnikkeell\u00e4<\/li>\n<\/ul>\n<h3>Tekniset tiedot:<\/h3>\n<ul>\n<li>Yhteensopivuus: AKM<\/li>\n<li>K\u00e4ytt\u00f6kohde: AR15-per\u00e4tuki<\/li>\n<li>Materiaali: Alumiini<\/li>\n<li>Pinnoite: Cerakote H-146<\/li>\n<li>Mitat: 202 x 28 x 36 mm<\/li>\n<li>Paino: 221 g<\/li>\n<\/ul>\n<p>T\u00e4m\u00e4 per\u00e4tukisovitin lis\u00e4\u00e4 AKM:n monipuolisuutta.<\/p>\n","protected":false},"excerpt":{"rendered":"<p>AR15-per\u00e4tukisovitin AKM:lle. Alumiinia, Cerakote-pinnoitettu, MIL-SPEC.<\/p>\n","protected":false},"featured_media":241109,"template":"","meta":{"_acf_changed":false},"product_brand":[],"product_cat":[13159,13225,13174],"product_tag":[],"class_list":{"0":"post-283329","1":"product","2":"type-product","3":"status-publish","4":"has-post-thumbnail","6":"product_cat-ak-viritys","7":"product_cat-kivaeaeri","8":"product_cat-kivaeaerin-viritys","10":"first","11":"instock","12":"taxable","13":"shipping-taxable","14":"purchasable","15":"product-type-simple"},"acf":[],"_links":{"self":[{"href":"https:\/\/staging.nbg.eu\/fi\/wp-json\/wp\/v2\/product\/283329","targetHints":{"allow":["GET"]}}],"collection":[{"href":"https:\/\/staging.nbg.eu\/fi\/wp-json\/wp\/v2\/product"}],"about":[{"href":"https:\/\/staging.nbg.eu\/fi\/wp-json\/wp\/v2\/types\/product"}],"wp:featuredmedia":[{"embeddable":true,"href":"https:\/\/staging.nbg.eu\/fi\/wp-json\/wp\/v2\/media\/241109"}],"wp:attachment":[{"href":"https:\/\/staging.nbg.eu\/fi\/wp-json\/wp\/v2\/media?parent=283329"}],"wp:term":[{"taxonomy":"product_brand","embeddable":true,"href":"https:\/\/staging.nbg.eu\/fi\/wp-json\/wp\/v2\/product_brand?post=283329"},{"taxonomy":"product_cat","embeddable":true,"href":"https:\/\/staging.nbg.eu\/fi\/wp-json\/wp\/v2\/product_cat?post=283329"},{"taxonomy":"product_tag","embeddable":true,"href":"https:\/\/staging.nbg.eu\/fi\/wp-json\/wp\/v2\/product_tag?post=283329"}],"curies":[{"name":"wp","href":"https:\/\/api.w.org\/{rel}","templated":true}]}}