{"id":282220,"date":"2025-03-06T10:40:18","date_gmt":"2025-03-06T10:40:18","guid":{"rendered":"https:\/\/staging.nbg.eu\/product\/ftcs-rear-sights-mounting-for-optics-ak-pmk-2-0-picatinny\/"},"modified":"2025-03-24T13:24:09","modified_gmt":"2025-03-24T13:24:09","slug":"ftcs-takataehtaeimen-kiinnike-optiikalle-ak-pmk-20-picatinny","status":"publish","type":"product","link":"https:\/\/staging.nbg.eu\/fi\/tuote\/ftcs-takataehtaeimen-kiinnike-optiikalle-ak-pmk-20-picatinny\/","title":{"rendered":"FTCS &#8211; Takat\u00e4ht\u00e4imen kiinnike optiikalle AK, PMK 2.0 Picatinny"},"content":{"rendered":"<div class=\"product-description\">\n<h2>FTCS &#8211; Takat\u00e4ht\u00e4imien kiinnitys optiikalle AK, PMK 2.0 Picatinny<\/h2>\n<p>FTCS PMK 2.0 Picatinny-kiinnike AK-perheen karbiineille. T\u00e4m\u00e4 sovitin mahdollistaa nykyaikaisen optiikan kiinnitt\u00e4misen.<\/p>\n<ul>\n<li>Yhteensopiva AK\/AKS, AKM\/AKMS, AK-74\/AKS-74 ja muiden kanssa<\/li>\n<li>Picatinny\/RIS-standardikisko (70mm pituus, 7 uraa)<\/li>\n<li>Alumiinirakenne Cerakote H-146 Graphite Black -pinnoitteella<\/li>\n<li>S\u00e4ilytt\u00e4\u00e4 alkuper\u00e4isten rautat\u00e4ht\u00e4imien toiminnallisuuden<\/li>\n<li>Kolmen pultin kiinnitysj\u00e4rjestelm\u00e4<\/li>\n<li>Paino 34g<\/li>\n<\/ul>\n<p>PMK 2.0 on vaihtoehto kaasukammion suojakiskoille tai integroiduille j\u00e4rjestelmille. Sen keskilinjauksen ansiosta aseen tasapaino s\u00e4ilyy. FTCS yhdist\u00e4\u00e4 perinteisen ja nykyaikaisen optiikan.<\/p>\n<\/div>\n","protected":false},"excerpt":{"rendered":"<p>AK-aseen optiikan takakiinnike. Picatinny-kisko, kest\u00e4v\u00e4\u00e4 alumiinia, Cerakote-pinnoite.<\/p>\n","protected":false},"featured_media":241481,"template":"","meta":{"_acf_changed":false},"product_brand":[],"product_cat":[13159,13225,13174],"product_tag":[],"class_list":{"0":"post-282220","1":"product","2":"type-product","3":"status-publish","4":"has-post-thumbnail","6":"product_cat-ak-viritys","7":"product_cat-kivaeaeri","8":"product_cat-kivaeaerin-viritys","10":"first","11":"instock","12":"taxable","13":"shipping-taxable","14":"purchasable","15":"product-type-simple"},"acf":[],"_links":{"self":[{"href":"https:\/\/staging.nbg.eu\/fi\/wp-json\/wp\/v2\/product\/282220","targetHints":{"allow":["GET"]}}],"collection":[{"href":"https:\/\/staging.nbg.eu\/fi\/wp-json\/wp\/v2\/product"}],"about":[{"href":"https:\/\/staging.nbg.eu\/fi\/wp-json\/wp\/v2\/types\/product"}],"wp:featuredmedia":[{"embeddable":true,"href":"https:\/\/staging.nbg.eu\/fi\/wp-json\/wp\/v2\/media\/241481"}],"wp:attachment":[{"href":"https:\/\/staging.nbg.eu\/fi\/wp-json\/wp\/v2\/media?parent=282220"}],"wp:term":[{"taxonomy":"product_brand","embeddable":true,"href":"https:\/\/staging.nbg.eu\/fi\/wp-json\/wp\/v2\/product_brand?post=282220"},{"taxonomy":"product_cat","embeddable":true,"href":"https:\/\/staging.nbg.eu\/fi\/wp-json\/wp\/v2\/product_cat?post=282220"},{"taxonomy":"product_tag","embeddable":true,"href":"https:\/\/staging.nbg.eu\/fi\/wp-json\/wp\/v2\/product_tag?post=282220"}],"curies":[{"name":"wp","href":"https:\/\/api.w.org\/{rel}","templated":true}]}}