{"id":282064,"date":"2025-03-06T10:01:39","date_gmt":"2025-03-24T12:40:20","guid":{"rendered":"https:\/\/staging.nbg.eu\/product\/clawgear-m-lok-10-slot-rail-qd-integrated\/"},"modified":"2025-03-24T12:43:04","modified_gmt":"2025-03-24T12:43:04","slug":"clawgear-m-lok-10-slot-rail-qd-integroitu","status":"publish","type":"product","link":"https:\/\/staging.nbg.eu\/fi\/tuote\/clawgear-m-lok-10-slot-rail-qd-integroitu\/","title":{"rendered":"Clawgear M-LOK 10 Slot Rail QD integroitu"},"content":{"rendered":"<h2>Clawgear M-LOK 10 Uran Kisko Integroidulla QD-Kiinnityksell\u00e4<\/h2>\n<p>Picatinny-kisko M-LOK-liit\u00e4nt\u00e4\u00e4n. Sis\u00e4lt\u00e4\u00e4 10 uraa ja integroidun QD-kiinnityspisteen hihnan kiinnikkeille. Valmistettu alumiinista ja viimeistelty kovalla anodisoinnilla, joka t\u00e4ytt\u00e4\u00e4 sotilasvaatimukset.<\/p>\n<ul>\n<li>Sis\u00e4lt\u00e4\u00e4 kiinnitystarvikkeet ruostumattomasta ter\u00e4ksest\u00e4 valmistetuilla T-muttereilla<\/li>\n<li>Korroosionkest\u00e4v\u00e4 rakenne<\/li>\n<li>Suurin v\u00e4\u00e4nt\u00f6momentti: 4Nm tai 35in\/lb<\/li>\n<\/ul>\n<p><strong>Vinkki:<\/strong> K\u00e4yt\u00e4 kuusiokoloavaimen lyhytt\u00e4 kahvaa kirist\u00e4miseen, jos momenttiavainta ei ole saatavilla.<\/p>\n<p><em>Mitat (pakattuna):<\/em> 17 x 10,7 x 1 cm<br \/>\n<em>Paino:<\/em> 45g (53g pakattuna)<\/p>\n","protected":false},"excerpt":{"rendered":"<p>M-LOK Picatinny-kisko 10 aukolla ja QD-kiinnikkeell\u00e4. Kest\u00e4v\u00e4\u00e4 alumiinia.<\/p>\n","protected":false},"featured_media":240501,"template":"","meta":{"_acf_changed":false},"product_brand":[11222],"product_cat":[13188,13173,13225,13174],"product_tag":[],"class_list":{"0":"post-282064","1":"product","2":"type-product","3":"status-publish","4":"has-post-thumbnail","6":"product_brand-clawgear","7":"product_cat-hihnat","8":"product_cat-kiskot","9":"product_cat-kivaeaeri","10":"product_cat-kivaeaerin-viritys","12":"first","13":"instock","14":"taxable","15":"shipping-taxable","16":"purchasable","17":"product-type-simple"},"acf":[],"_links":{"self":[{"href":"https:\/\/staging.nbg.eu\/fi\/wp-json\/wp\/v2\/product\/282064","targetHints":{"allow":["GET"]}}],"collection":[{"href":"https:\/\/staging.nbg.eu\/fi\/wp-json\/wp\/v2\/product"}],"about":[{"href":"https:\/\/staging.nbg.eu\/fi\/wp-json\/wp\/v2\/types\/product"}],"wp:featuredmedia":[{"embeddable":true,"href":"https:\/\/staging.nbg.eu\/fi\/wp-json\/wp\/v2\/media\/240501"}],"wp:attachment":[{"href":"https:\/\/staging.nbg.eu\/fi\/wp-json\/wp\/v2\/media?parent=282064"}],"wp:term":[{"taxonomy":"product_brand","embeddable":true,"href":"https:\/\/staging.nbg.eu\/fi\/wp-json\/wp\/v2\/product_brand?post=282064"},{"taxonomy":"product_cat","embeddable":true,"href":"https:\/\/staging.nbg.eu\/fi\/wp-json\/wp\/v2\/product_cat?post=282064"},{"taxonomy":"product_tag","embeddable":true,"href":"https:\/\/staging.nbg.eu\/fi\/wp-json\/wp\/v2\/product_tag?post=282064"}],"curies":[{"name":"wp","href":"https:\/\/api.w.org\/{rel}","templated":true}]}}