{"id":278679,"date":"2025-03-02T06:06:39","date_gmt":"2025-03-21T10:58:44","guid":{"rendered":"https:\/\/staging.nbg.eu\/product\/144-area-419-billet-loading-block-clear-anodized\/"},"modified":"2025-03-21T11:01:17","modified_gmt":"2025-03-21T11:01:17","slug":"144-area-419-billet-latauspala-kirkas-anodisoitu","status":"publish","type":"product","link":"https:\/\/staging.nbg.eu\/fi\/tuote\/144-area-419-billet-latauspala-kirkas-anodisoitu\/","title":{"rendered":"144. Area 419 &#8211; Billet-latauspala \u2013 Kirkas anodisoitu"},"content":{"rendered":"<h2>Area 419 Alumiininen latauslohko \u2013 Kirkas anodisoitu<\/h2>\n<p>Area 419 Anodisoitu latauslohko. T\u00e4m\u00e4n koneistetun lohkon ominaisuudet:<\/p>\n<ul>\n<li>50 paikkaa 308, Magnum tai Lapua -kaliibereille<\/li>\n<li>6061-T6 Alumiinirakenne kirkkaalla anodisoidulla pinnalla<\/li>\n<li>Mitat: 9.5&#8243; x 4&#8243; x 5\/8&#8243;<\/li>\n<li>0.500&#8243; syv\u00e4t rei\u00e4t tiiviill\u00e4 hylsysovituksella<\/li>\n<li>Keskell\u00e4 syvennykset ruutijyvien ker\u00e4\u00e4miseen<\/li>\n<li>Liukumattomat kumityynyt pohjassa<\/li>\n<\/ul>\n<p>Saatavilla olevat reik\u00e4halkaisijat: 223 (0.390&#8243;), ARC\/Grendel (0.452&#8243;), 308 (0.485&#8243;), 284 (0.515&#8243;), Magnum (0.560&#8243;), Lapua (0.600&#8243;) ja Cheytac (0.655&#8243;).<\/p>\n<p>Paino: 1.4 lbs<\/p>\n<p>Area 419:n valmistama kest\u00e4v\u00e4, tarkasti koneistettu latauslohko.<\/p>\n","protected":false},"excerpt":{"rendered":"<p>Kest\u00e4v\u00e4 anodisoitu latausteline 50 patruunalle. Tarkkuusty\u00f6stetty, liukumaton.<\/p>\n","protected":false},"featured_media":233214,"template":"","meta":{"_acf_changed":false},"product_brand":[11033],"product_cat":[13221,13175],"product_tag":[],"class_list":{"0":"post-278679","1":"product","2":"type-product","3":"status-publish","4":"has-post-thumbnail","6":"product_brand-area-419","7":"product_cat-lataaminen","8":"product_cat-latausvaelineet","10":"first","11":"instock","12":"taxable","13":"shipping-taxable","14":"purchasable","15":"product-type-variable","16":"wvs-archive-product-wrapper"},"acf":[],"_links":{"self":[{"href":"https:\/\/staging.nbg.eu\/fi\/wp-json\/wp\/v2\/product\/278679","targetHints":{"allow":["GET"]}}],"collection":[{"href":"https:\/\/staging.nbg.eu\/fi\/wp-json\/wp\/v2\/product"}],"about":[{"href":"https:\/\/staging.nbg.eu\/fi\/wp-json\/wp\/v2\/types\/product"}],"wp:featuredmedia":[{"embeddable":true,"href":"https:\/\/staging.nbg.eu\/fi\/wp-json\/wp\/v2\/media\/233214"}],"wp:attachment":[{"href":"https:\/\/staging.nbg.eu\/fi\/wp-json\/wp\/v2\/media?parent=278679"}],"wp:term":[{"taxonomy":"product_brand","embeddable":true,"href":"https:\/\/staging.nbg.eu\/fi\/wp-json\/wp\/v2\/product_brand?post=278679"},{"taxonomy":"product_cat","embeddable":true,"href":"https:\/\/staging.nbg.eu\/fi\/wp-json\/wp\/v2\/product_cat?post=278679"},{"taxonomy":"product_tag","embeddable":true,"href":"https:\/\/staging.nbg.eu\/fi\/wp-json\/wp\/v2\/product_tag?post=278679"}],"curies":[{"name":"wp","href":"https:\/\/api.w.org\/{rel}","templated":true}]}}