{"id":278295,"date":"2025-03-07T17:59:41","date_gmt":"2025-03-21T10:03:57","guid":{"rendered":"https:\/\/staging.nbg.eu\/product\/sellier-bellot-40sw-fmj-11-7g-180gr\/"},"modified":"2025-03-21T10:06:18","modified_gmt":"2025-03-21T10:06:18","slug":"sellier-bellot-40sw-fmj-117g-180gr","status":"publish","type":"product","link":"https:\/\/staging.nbg.eu\/fi\/tuote\/sellier-bellot-40sw-fmj-117g-180gr\/","title":{"rendered":"Sellier &#038; Bellot &#8211; 40S&#038;W FMJ &#8211; 11.7g \/ 180gr"},"content":{"rendered":"<p>Sellier &amp; Bellot 40S&amp;W Full Metal Jacket -patruunat soveltuvat ampumaharjoitteluun. Jokainen patruuna sis\u00e4lt\u00e4\u00e4 180 grainin FMJ-luodin, joka toimii johdonmukaisesti .40 S&amp;W -k\u00e4siaseessa.<\/p>\n<ul>\n<li>Kaliiperi: .40 S&amp;W<\/li>\n<li>Luodin paino: 180 grainia (11,7g)<\/li>\n<li>Luotityyppi: Full Metal Jacket (FMJ)<\/li>\n<li>Suunopeudeksi: 968 FPS<\/li>\n<li>Suuenergia: 400 ft-lbs<\/li>\n<li>Hylsy: Messinki<\/li>\n<\/ul>\n<p>Patruunat toimitetaan 50 kappaleen rasioissa, 20 rasiaa laatikossa. Messinkihylsy mahdollistaa uudelleenlataamisen. Nopeus on 940 fps. N\u00e4m\u00e4 patruunat soveltuvat ampumarataharjoitteluun. Sellier &amp; Bellot valmistaa patruunoita .40 S&amp;W -aseisiin.<\/p>\n","protected":false},"excerpt":{"rendered":"<p>40 S&amp;W 180gr FMJ-ammuksia harjoitteluun. Messinkiruuvi, 968 FPS, 50 patruunaa\/laatikko.<\/p>\n","protected":false},"featured_media":248744,"template":"","meta":{"_acf_changed":false},"product_brand":[],"product_cat":[13200,13170],"product_tag":[],"class_list":{"0":"post-278295","1":"product","2":"type-product","3":"status-publish","4":"has-post-thumbnail","6":"product_cat-ammukset","7":"product_cat-pistoolin-ammukset","9":"first","10":"instock","11":"taxable","12":"shipping-taxable","13":"purchasable","14":"product-type-simple"},"acf":[],"_links":{"self":[{"href":"https:\/\/staging.nbg.eu\/fi\/wp-json\/wp\/v2\/product\/278295","targetHints":{"allow":["GET"]}}],"collection":[{"href":"https:\/\/staging.nbg.eu\/fi\/wp-json\/wp\/v2\/product"}],"about":[{"href":"https:\/\/staging.nbg.eu\/fi\/wp-json\/wp\/v2\/types\/product"}],"wp:featuredmedia":[{"embeddable":true,"href":"https:\/\/staging.nbg.eu\/fi\/wp-json\/wp\/v2\/media\/248744"}],"wp:attachment":[{"href":"https:\/\/staging.nbg.eu\/fi\/wp-json\/wp\/v2\/media?parent=278295"}],"wp:term":[{"taxonomy":"product_brand","embeddable":true,"href":"https:\/\/staging.nbg.eu\/fi\/wp-json\/wp\/v2\/product_brand?post=278295"},{"taxonomy":"product_cat","embeddable":true,"href":"https:\/\/staging.nbg.eu\/fi\/wp-json\/wp\/v2\/product_cat?post=278295"},{"taxonomy":"product_tag","embeddable":true,"href":"https:\/\/staging.nbg.eu\/fi\/wp-json\/wp\/v2\/product_tag?post=278295"}],"curies":[{"name":"wp","href":"https:\/\/api.w.org\/{rel}","templated":true}]}}