{"id":278181,"date":"2025-03-07T10:00:31","date_gmt":"2025-03-21T09:43:14","guid":{"rendered":"https:\/\/staging.nbg.eu\/product\/hornady-6mm-arc-80gr-eld-vt\/"},"modified":"2025-03-21T09:45:31","modified_gmt":"2025-03-21T09:45:31","slug":"hornady-6mm-arc-80gr-eld-vt","status":"publish","type":"product","link":"https:\/\/staging.nbg.eu\/fi\/tuote\/hornady-6mm-arc-80gr-eld-vt\/","title":{"rendered":"Hornady &#8211; 6mm ARC 80gr. ELD-VT"},"content":{"rendered":"<div class=\"product-description\">\n<h2>Hornady &#8211; 6mm ARC 80gr. ELD-VT<\/h2>\n<p>Hornady 6mm ARC 80gr. ELD-VT -ammus on suunniteltu kilpa-ampujille ja pienpetomets\u00e4st\u00e4jille.<\/p>\n<h3>Ominaisuudet:<\/h3>\n<ul>\n<li><strong>Laadukkaat komponentit:<\/strong> Valmistettu tarkkuusammuntaan soveltuvista materiaaleista.<\/li>\n<li><strong>Nykyaikaiset ruudit:<\/strong> Puhtaasti palavat ja l\u00e4mp\u00f6tilavakaita suorituskyvyn yll\u00e4pit\u00e4miseksi eri s\u00e4\u00e4olosuhteissa.<\/li>\n<li><strong>Monipuolinen:<\/strong> Sopii sek\u00e4 kilpa-ammuntaan ett\u00e4 pienpetomets\u00e4stykseen.<\/li>\n<li><strong>Tarkka:<\/strong> Suunniteltu tarkkuutta varten eri et\u00e4isyyksill\u00e4.<\/li>\n<\/ul>\n<p>Hornady 6mm ARC 80gr. ELD-VT on tarkkuusammuntaan tarkoitettu patruuna.<\/p>\n<\/div>\n","protected":false},"excerpt":{"rendered":"<p>Tarkkuusammuntaan sopivaa 6mm ARC -patruunaa. Kilpatason tarkkuus, tasalaatuinen kaikissa l\u00e4mp\u00f6tiloissa.<\/p>\n","protected":false},"featured_media":246049,"template":"","meta":{"_acf_changed":false},"product_brand":[11451],"product_cat":[13200,13237],"product_tag":[],"class_list":{"0":"post-278181","1":"product","2":"type-product","3":"status-publish","4":"has-post-thumbnail","6":"product_brand-hornady","7":"product_cat-ammukset","8":"product_cat-kivaeaerin-ammukset","10":"first","11":"instock","12":"taxable","13":"shipping-taxable","14":"purchasable","15":"product-type-simple"},"acf":[],"_links":{"self":[{"href":"https:\/\/staging.nbg.eu\/fi\/wp-json\/wp\/v2\/product\/278181","targetHints":{"allow":["GET"]}}],"collection":[{"href":"https:\/\/staging.nbg.eu\/fi\/wp-json\/wp\/v2\/product"}],"about":[{"href":"https:\/\/staging.nbg.eu\/fi\/wp-json\/wp\/v2\/types\/product"}],"wp:featuredmedia":[{"embeddable":true,"href":"https:\/\/staging.nbg.eu\/fi\/wp-json\/wp\/v2\/media\/246049"}],"wp:attachment":[{"href":"https:\/\/staging.nbg.eu\/fi\/wp-json\/wp\/v2\/media?parent=278181"}],"wp:term":[{"taxonomy":"product_brand","embeddable":true,"href":"https:\/\/staging.nbg.eu\/fi\/wp-json\/wp\/v2\/product_brand?post=278181"},{"taxonomy":"product_cat","embeddable":true,"href":"https:\/\/staging.nbg.eu\/fi\/wp-json\/wp\/v2\/product_cat?post=278181"},{"taxonomy":"product_tag","embeddable":true,"href":"https:\/\/staging.nbg.eu\/fi\/wp-json\/wp\/v2\/product_tag?post=278181"}],"curies":[{"name":"wp","href":"https:\/\/api.w.org\/{rel}","templated":true}]}}