{"id":278029,"date":"2025-03-07T09:56:26","date_gmt":"2025-03-21T07:56:21","guid":{"rendered":"https:\/\/staging.nbg.eu\/product\/hornady-6mm-arc-103-gr-eld%e2%80%91x-precision-hunter\/"},"modified":"2025-03-21T07:59:06","modified_gmt":"2025-03-21T07:59:06","slug":"hornady-6mm-arc-103-gr-eldx-precision-hunter","status":"publish","type":"product","link":"https:\/\/staging.nbg.eu\/fi\/tuote\/hornady-6mm-arc-103-gr-eldx-precision-hunter\/","title":{"rendered":"Hornady &#8211; 6mm ARC 103 gr ELD\u2011X\u00ae Precision Hunter\u00ae"},"content":{"rendered":"<div class=\"product-description\">\n<h2>Hornady 6mm ARC 103 gr ELD\u2011X\u00ae Precision Hunter\u00ae<\/h2>\n<p>6mm ARC on suunniteltu vaativille ampujille. Patruuna tarjoaa:<\/p>\n<ul>\n<li>Tarkkuutta ja pitk\u00e4n matkan suorituskyky\u00e4<\/li>\n<li>Sopii mets\u00e4stykseen, kilpa-ammuntaan ja itsepuolustukseen<\/li>\n<li>Optimoitu AR-15-alustoille ja lyhytlukkoisille pulttikiv\u00e4\u00e4rille<\/li>\n<li>Korkea ballistinen kerroin<\/li>\n<li>Tasapainotettu patruunan, pes\u00e4n ja ruudin suunnittelu<\/li>\n<li>Hyv\u00e4 piipun k\u00e4ytt\u00f6ik\u00e4<\/li>\n<\/ul>\n<p>6mm ARC sopii moniin k\u00e4ytt\u00f6tarkoituksiin itsepuolustuksesta pitk\u00e4n matkan mets\u00e4stykseen. Yhteensopiva useiden asevalmistajien kanssa, mukaan lukien Barrett, Mossberg ja Wilson Combat.<\/p>\n<\/div>\n","protected":false},"excerpt":{"rendered":"<p>Monipuolinen 6mm ARC AR-15:lle: Tehokkaat, korkean ballistisen kertoimen luodit tarkkuusmets\u00e4stykseen.<\/p>\n","protected":false},"featured_media":246024,"template":"","meta":{"_acf_changed":false},"product_brand":[11451],"product_cat":[13200,13237],"product_tag":[],"class_list":{"0":"post-278029","1":"product","2":"type-product","3":"status-publish","4":"has-post-thumbnail","6":"product_brand-hornady","7":"product_cat-ammukset","8":"product_cat-kivaeaerin-ammukset","10":"first","11":"instock","12":"taxable","13":"shipping-taxable","14":"purchasable","15":"product-type-simple"},"acf":[],"_links":{"self":[{"href":"https:\/\/staging.nbg.eu\/fi\/wp-json\/wp\/v2\/product\/278029","targetHints":{"allow":["GET"]}}],"collection":[{"href":"https:\/\/staging.nbg.eu\/fi\/wp-json\/wp\/v2\/product"}],"about":[{"href":"https:\/\/staging.nbg.eu\/fi\/wp-json\/wp\/v2\/types\/product"}],"wp:featuredmedia":[{"embeddable":true,"href":"https:\/\/staging.nbg.eu\/fi\/wp-json\/wp\/v2\/media\/246024"}],"wp:attachment":[{"href":"https:\/\/staging.nbg.eu\/fi\/wp-json\/wp\/v2\/media?parent=278029"}],"wp:term":[{"taxonomy":"product_brand","embeddable":true,"href":"https:\/\/staging.nbg.eu\/fi\/wp-json\/wp\/v2\/product_brand?post=278029"},{"taxonomy":"product_cat","embeddable":true,"href":"https:\/\/staging.nbg.eu\/fi\/wp-json\/wp\/v2\/product_cat?post=278029"},{"taxonomy":"product_tag","embeddable":true,"href":"https:\/\/staging.nbg.eu\/fi\/wp-json\/wp\/v2\/product_tag?post=278029"}],"curies":[{"name":"wp","href":"https:\/\/api.w.org\/{rel}","templated":true}]}}