{"id":277652,"date":"2025-03-07T07:46:42","date_gmt":"2025-03-07T07:46:42","guid":{"rendered":"https:\/\/staging.nbg.eu\/product\/gun-oil-go-juice-4-oz\/"},"modified":"2025-03-21T07:15:37","modified_gmt":"2025-03-21T07:15:37","slug":"gun-oil-go-juice-4oz","status":"publish","type":"product","link":"https:\/\/staging.nbg.eu\/fi\/tuote\/gun-oil-go-juice-4oz\/","title":{"rendered":"Gun Oil Go Juice 4.oz"},"content":{"rendered":"<div class=\"product-description\">\n<h2>ALG Go-Juice\u00ae (GJ\u00ae) 120 ml pullo<\/h2>\n<p>ALG Go-Juice\u00ae on biosynteettinen voiteluaine tuliaseille. Ominaisuudet:<\/p>\n<ul>\n<li>Viisi kertaa liukkaampi kuin sotilask\u00e4ytt\u00f6\u00f6n tarkoitettu CLP<\/li>\n<li>Hyv\u00e4 korroosionkest\u00e4vyys<\/li>\n<li>Pitk\u00e4aikainen vakaus<\/li>\n<li>Myrkyt\u00f6n, ihoyst\u00e4v\u00e4llinen koostumus<\/li>\n<li>Sopii automaattiaseille ja kannettaville aseille<\/li>\n<\/ul>\n<p>Go-Juice\u00ae on valmistettu muuntogeenisist\u00e4 \u00f6ljykasveista. Se suoriutuu hyvin nopeutetuissa ik\u00e4\u00e4ntymis- ja suolasumututkimuksissa. T\u00e4m\u00e4 ei-\u00f6ljypohjainen voiteluaine pit\u00e4\u00e4 aseen toimintakuntoisena vaikeissa olosuhteissa.<\/p>\n<\/div>\n","protected":false},"excerpt":{"rendered":"<p>&#8221;Eritt\u00e4in liukas, myrkyt\u00f6n biosynteettinen aseiden voiteluaine huippusuorituskyky\u00e4 varten.&#8221;<\/p>\n","protected":false},"featured_media":245931,"template":"","meta":{"_acf_changed":false},"product_brand":[11378],"product_cat":[13206,13194],"product_tag":[],"class_list":{"0":"post-277652","1":"product","2":"type-product","3":"status-publish","4":"has-post-thumbnail","6":"product_brand-geissele","7":"product_cat-aseen-puhdistus","8":"product_cat-voiteluaineet","10":"first","11":"instock","12":"taxable","13":"shipping-taxable","14":"purchasable","15":"product-type-simple"},"acf":[],"_links":{"self":[{"href":"https:\/\/staging.nbg.eu\/fi\/wp-json\/wp\/v2\/product\/277652","targetHints":{"allow":["GET"]}}],"collection":[{"href":"https:\/\/staging.nbg.eu\/fi\/wp-json\/wp\/v2\/product"}],"about":[{"href":"https:\/\/staging.nbg.eu\/fi\/wp-json\/wp\/v2\/types\/product"}],"wp:featuredmedia":[{"embeddable":true,"href":"https:\/\/staging.nbg.eu\/fi\/wp-json\/wp\/v2\/media\/245931"}],"wp:attachment":[{"href":"https:\/\/staging.nbg.eu\/fi\/wp-json\/wp\/v2\/media?parent=277652"}],"wp:term":[{"taxonomy":"product_brand","embeddable":true,"href":"https:\/\/staging.nbg.eu\/fi\/wp-json\/wp\/v2\/product_brand?post=277652"},{"taxonomy":"product_cat","embeddable":true,"href":"https:\/\/staging.nbg.eu\/fi\/wp-json\/wp\/v2\/product_cat?post=277652"},{"taxonomy":"product_tag","embeddable":true,"href":"https:\/\/staging.nbg.eu\/fi\/wp-json\/wp\/v2\/product_tag?post=277652"}],"curies":[{"name":"wp","href":"https:\/\/api.w.org\/{rel}","templated":true}]}}