{"id":276187,"date":"2025-03-07T07:40:34","date_gmt":"2025-03-20T13:40:18","guid":{"rendered":"https:\/\/staging.nbg.eu\/product\/silicone-gel-pads-for-3m-peltor\/"},"modified":"2025-03-20T13:42:21","modified_gmt":"2025-03-20T13:42:21","slug":"silikonigeelityynyt-3m-peltoriin","status":"publish","type":"product","link":"https:\/\/staging.nbg.eu\/fi\/tuote\/silikonigeelityynyt-3m-peltoriin\/","title":{"rendered":"Silikonigeelityynyt 3M Peltoriin"},"content":{"rendered":"<div class=\"product-description\">\n<h2>Silikonigeelityynyt 3M Peltorille<\/h2>\n<p>Vaihtoehtoisia silikonigeelityynyj\u00e4 3M Peltor kuulonsuojaimiin. Yhteensopivia useiden Peltor-mallien kanssa, mukaan lukien Sportac, WS Sportac, Protac III ja X4A passiivinen.<\/p>\n<ul>\n<li>Asennus: Napsautetaan paikalleen ilman muutoksia<\/li>\n<li>Mukavuus: Geelityynyt mukautuvat p\u00e4\u00e4n muotoon<\/li>\n<li>Tiivistys: Muodostaa tiiviin esteen silm\u00e4lasien sankojen ymp\u00e4rille<\/li>\n<li>Kest\u00e4vyys: Ultra\u00e4\u00e4nihitsattu rakenne kest\u00e4\u00e4 \u00e4\u00e4riolosuhteita<\/li>\n<li>Yhteensopivuus: Sopii useimpiin Peltor-kuulonsuojainmalleihin<\/li>\n<\/ul>\n<p>Silikonigeelityynyt soveltuvat pitk\u00e4aikaiseen k\u00e4ytt\u00f6\u00f6n ja kuulon suojaamiseen.<\/p>\n<\/div>\n","protected":false},"excerpt":{"rendered":"<p>Mukavat, helposti asennettavat geelityynyt 3M Peltor -kuulosuojaimiin.<\/p>\n","protected":false},"featured_media":245723,"template":"","meta":{"_acf_changed":false},"product_brand":[11010],"product_cat":[13187,13192],"product_tag":[],"class_list":{"0":"post-276187","1":"product","2":"type-product","3":"status-publish","4":"has-post-thumbnail","6":"product_brand-3m","7":"product_cat-kuulosuojaimet","8":"product_cat-varusteet","10":"first","11":"instock","12":"taxable","13":"shipping-taxable","14":"purchasable","15":"product-type-simple"},"acf":[],"_links":{"self":[{"href":"https:\/\/staging.nbg.eu\/fi\/wp-json\/wp\/v2\/product\/276187","targetHints":{"allow":["GET"]}}],"collection":[{"href":"https:\/\/staging.nbg.eu\/fi\/wp-json\/wp\/v2\/product"}],"about":[{"href":"https:\/\/staging.nbg.eu\/fi\/wp-json\/wp\/v2\/types\/product"}],"wp:featuredmedia":[{"embeddable":true,"href":"https:\/\/staging.nbg.eu\/fi\/wp-json\/wp\/v2\/media\/245723"}],"wp:attachment":[{"href":"https:\/\/staging.nbg.eu\/fi\/wp-json\/wp\/v2\/media?parent=276187"}],"wp:term":[{"taxonomy":"product_brand","embeddable":true,"href":"https:\/\/staging.nbg.eu\/fi\/wp-json\/wp\/v2\/product_brand?post=276187"},{"taxonomy":"product_cat","embeddable":true,"href":"https:\/\/staging.nbg.eu\/fi\/wp-json\/wp\/v2\/product_cat?post=276187"},{"taxonomy":"product_tag","embeddable":true,"href":"https:\/\/staging.nbg.eu\/fi\/wp-json\/wp\/v2\/product_tag?post=276187"}],"curies":[{"name":"wp","href":"https:\/\/api.w.org\/{rel}","templated":true}]}}