{"id":276075,"date":"2025-03-02T17:08:39","date_gmt":"2025-03-02T17:08:39","guid":{"rendered":"https:\/\/staging.nbg.eu\/product\/bore-tech-decimator-suppressor-cleaner\/"},"modified":"2025-03-20T13:31:16","modified_gmt":"2025-03-20T13:31:16","slug":"bore-tech-decimator-aeaenenvaimennin-puhdistusaine","status":"publish","type":"product","link":"https:\/\/staging.nbg.eu\/fi\/tuote\/bore-tech-decimator-aeaenenvaimennin-puhdistusaine\/","title":{"rendered":"Bore Tech Decimator \u00c4\u00e4nenvaimennin Puhdistusaine"},"content":{"rendered":"<div class=\"product-description\">\n<h2>Bore Tech Decimator \u00e4\u00e4nenvaimennin puhdistusaine<\/h2>\n<p>Bore Tech Decimator \u00e4\u00e4nenvaimennin puhdistusaine on kaksiosainen puhdistusaine, joka on suunniteltu poistamaan \u00e4\u00e4rimm\u00e4ist\u00e4 likakertym\u00e4\u00e4 sek\u00e4 reunasytytteisist\u00e4 ett\u00e4 keskisytytteisist\u00e4 \u00e4\u00e4nenvaimentimista.<\/p>\n<ul>\n<li>Turvallinen \u00e4\u00e4nenvaimentimille<\/li>\n<li>Ei-vaarallinen ja ammoniakiton<\/li>\n<li>Hajuton ja biohajoava<\/li>\n<li>Turvallinen alumiinille, ruostumattomalle ter\u00e4kselle, titaanille ja erilaisille seoksille<\/li>\n<\/ul>\n<p>Osa A on tarkoitettu hiili- ja lyijykertymille, ja osa B keskittyy kuparikertymiin. K\u00e4ytettyn\u00e4 Decimator \u00e4\u00e4nenvaimennin puhdistusj\u00e4rjestelm\u00e4n kanssa se sopii \u00e4\u00e4nenvaimentimien, suujarrujen, pikakiinnitysalustojen ja suuliekinvaimentimien puhdistukseen.<\/p>\n<p>Bore Tech Decimator \u00e4\u00e4nenvaimennin puhdistusaine auttaa yll\u00e4pit\u00e4m\u00e4\u00e4n \u00e4\u00e4nenvaimentimia.<\/p>\n<\/div>\n","protected":false},"excerpt":{"rendered":"<p>Tehokas ja turvallinen \u00e4\u00e4nenvaimentimen puhdistusaine vaikean lian poistoon.<\/p>\n","protected":false},"featured_media":235245,"template":"","meta":{"_acf_changed":false},"product_brand":[],"product_cat":[13206,13241],"product_tag":[],"class_list":{"0":"post-276075","1":"product","2":"type-product","3":"status-publish","4":"has-post-thumbnail","6":"product_cat-aseen-puhdistus","7":"product_cat-luokittelematon","9":"first","10":"instock","11":"taxable","12":"shipping-taxable","13":"purchasable","14":"product-type-simple"},"acf":[],"_links":{"self":[{"href":"https:\/\/staging.nbg.eu\/fi\/wp-json\/wp\/v2\/product\/276075","targetHints":{"allow":["GET"]}}],"collection":[{"href":"https:\/\/staging.nbg.eu\/fi\/wp-json\/wp\/v2\/product"}],"about":[{"href":"https:\/\/staging.nbg.eu\/fi\/wp-json\/wp\/v2\/types\/product"}],"wp:featuredmedia":[{"embeddable":true,"href":"https:\/\/staging.nbg.eu\/fi\/wp-json\/wp\/v2\/media\/235245"}],"wp:attachment":[{"href":"https:\/\/staging.nbg.eu\/fi\/wp-json\/wp\/v2\/media?parent=276075"}],"wp:term":[{"taxonomy":"product_brand","embeddable":true,"href":"https:\/\/staging.nbg.eu\/fi\/wp-json\/wp\/v2\/product_brand?post=276075"},{"taxonomy":"product_cat","embeddable":true,"href":"https:\/\/staging.nbg.eu\/fi\/wp-json\/wp\/v2\/product_cat?post=276075"},{"taxonomy":"product_tag","embeddable":true,"href":"https:\/\/staging.nbg.eu\/fi\/wp-json\/wp\/v2\/product_tag?post=276075"}],"curies":[{"name":"wp","href":"https:\/\/api.w.org\/{rel}","templated":true}]}}