{"id":275656,"date":"2025-03-07T18:52:50","date_gmt":"2025-03-20T12:40:08","guid":{"rendered":"https:\/\/staging.nbg.eu\/product\/vortex-defender-xl-micro-red-dot\/"},"modified":"2025-03-20T12:42:39","modified_gmt":"2025-03-20T12:42:39","slug":"vortex-defender-xl-micro-punapistetaehtaein","status":"publish","type":"product","link":"https:\/\/staging.nbg.eu\/fi\/tuote\/vortex-defender-xl-micro-punapistetaehtaein\/","title":{"rendered":"Vortex &#8211; Defender-XL\u2122 &#8211; Micro Punapistet\u00e4ht\u00e4in"},"content":{"rendered":"<div class=\"product-description\">\n<h2>Vortex &#8211; Defender-XL\u2122 &#8211; Mikropunapistet\u00e4ht\u00e4in<\/h2>\n<p>Vortex Defender-XL\u2122 on mikropunapistet\u00e4ht\u00e4in kilpailuk\u00e4ytt\u00f6\u00f6n. T\u00e4ll\u00e4 optiikalla on suuri t\u00e4ht\u00e4ysikkuna, joka tarjoaa laajemman n\u00e4k\u00f6kent\u00e4n ja nopeammat seurantalaukaukset.<\/p>\n<h2>Ominaisuudet:<\/h2>\n<ul>\n<li><strong>5 MOA punainen piste:<\/strong> N\u00e4kyy hyvin kaikissa valaistusolosuhteissa<\/li>\n<li><strong>10 kirkkaustasoa:<\/strong> 8 p\u00e4iv\u00e4k\u00e4ytt\u00f6\u00f6n ja 2 pime\u00e4n\u00e4k\u00f6laitteille<\/li>\n<li><strong>Suuri t\u00e4ht\u00e4ysikkuna:<\/strong> Nopea kohteen havaitseminen ja laaja n\u00e4k\u00f6kentt\u00e4<\/li>\n<li><strong>Asf\u00e4\u00e4rinen linssi:<\/strong> V\u00e4\u00e4ristym\u00e4t\u00f6n kuva ja tarkat v\u00e4rit<\/li>\n<li><strong>ShockShield\u2122 polymeerisis\u00e4ke:<\/strong> Suojaa iskuilta<\/li>\n<li><strong>Fast-Rack\u2122 pintakuviointi:<\/strong> Helpottaa luistin vet\u00e4mist\u00e4<\/li>\n<li><strong>Liikeaktivointi:<\/strong> Automaattinen k\u00e4ynnistys ja sammutus 10 minuutin kuluttua<\/li>\n<li><strong>Painikelukitus:<\/strong> Est\u00e4\u00e4 tahattoman kirkkauden s\u00e4\u00e4d\u00f6n<\/li>\n<li><strong>Paristo yl\u00e4puolella:<\/strong> Helppo vaihtaa ilman uudelleenkohdistusta<\/li>\n<\/ul>\n<h2>Tekniset tiedot:<\/h2>\n<ul>\n<li>Kiinnitysjalanj\u00e4lki: DeltaPoint\u00ae Pro<\/li>\n<li>Kiinnitystyyppi: Picatinny<\/li>\n<li>Suurennus: 1x<\/li>\n<li>Paristotyyppi: CR2032<\/li>\n<li>Pariston kesto: 25 000 tuntia<\/li>\n<li>S\u00e4\u00e4t\u00f6asteikko: 1 MOA<\/li>\n<li>Maksimi korkeuss\u00e4\u00e4t\u00f6: 120 MOA<\/li>\n<li>Maksimi sivuttaiss\u00e4\u00e4t\u00f6: 115 MOA<\/li>\n<li>Pituus: 5,08 cm<\/li>\n<li>Paino: 54,7 g<\/li>\n<\/ul>\n<h2>Kest\u00e4vyys ja suorituskyky:<\/h2>\n<ul>\n<li>Vedenpit\u00e4v\u00e4: O-rengastiivisteet<\/li>\n<li>Huurtumattomuus: Kest\u00e4\u00e4 laajan l\u00e4mp\u00f6tila-alueen<\/li>\n<li>Iskunkest\u00e4v\u00e4: Kest\u00e4\u00e4 rekyyli\u00e4 ja iskuja<\/li>\n<li>Mattamusta anodisointi: Korroosion- ja kulutuksenkest\u00e4v\u00e4 pinta<\/li>\n<li>Yksiosaiset runko: Kompakti ja kevyt rakenne<\/li>\n<li>Parallaksiton: V\u00e4h\u00e4inen parallaksi parantaa tarkkuutta<\/li>\n<li>Rajoittamaton silm\u00e4et\u00e4isyys: Nopea kohteen havaitseminen<\/li>\n<\/ul>\n<p>Vortex Defender-XL\u2122 mikropunapistet\u00e4ht\u00e4in on suunniteltu kilpailuammuntaan. Sen kest\u00e4v\u00e4 rakenne, edistyneet ominaisuudet ja tarkkuus tekev\u00e4t siit\u00e4 sopivan vaativaan k\u00e4ytt\u00f6\u00f6n.<\/p>\n<\/div>\n","protected":false},"excerpt":{"rendered":"<p>Kest\u00e4v\u00e4, kompakti punapistet\u00e4ht\u00e4in suurella ikkunalla nopeaan kohteen havaitsemiseen. 5 MOA:n piste, 10 kirkkaustasoa.<\/p>\n","protected":false},"featured_media":249109,"template":"","meta":{"_acf_changed":false},"product_brand":[11957],"product_cat":[13235,13182,13181,13202,13201],"product_tag":[],"class_list":{"0":"post-275656","1":"product","2":"type-product","3":"status-publish","4":"has-post-thumbnail","6":"product_brand-vortex","7":"product_cat-kivaeaerituikut","8":"product_cat-pistooli","9":"product_cat-pistoolin-taehtaeimet","10":"product_cat-punapisteet","11":"product_cat-taehtaeys","13":"first","14":"instock","15":"sale","16":"taxable","17":"shipping-taxable","18":"purchasable","19":"product-type-variable","20":"wvs-archive-product-wrapper"},"acf":[],"_links":{"self":[{"href":"https:\/\/staging.nbg.eu\/fi\/wp-json\/wp\/v2\/product\/275656","targetHints":{"allow":["GET"]}}],"collection":[{"href":"https:\/\/staging.nbg.eu\/fi\/wp-json\/wp\/v2\/product"}],"about":[{"href":"https:\/\/staging.nbg.eu\/fi\/wp-json\/wp\/v2\/types\/product"}],"wp:featuredmedia":[{"embeddable":true,"href":"https:\/\/staging.nbg.eu\/fi\/wp-json\/wp\/v2\/media\/249109"}],"wp:attachment":[{"href":"https:\/\/staging.nbg.eu\/fi\/wp-json\/wp\/v2\/media?parent=275656"}],"wp:term":[{"taxonomy":"product_brand","embeddable":true,"href":"https:\/\/staging.nbg.eu\/fi\/wp-json\/wp\/v2\/product_brand?post=275656"},{"taxonomy":"product_cat","embeddable":true,"href":"https:\/\/staging.nbg.eu\/fi\/wp-json\/wp\/v2\/product_cat?post=275656"},{"taxonomy":"product_tag","embeddable":true,"href":"https:\/\/staging.nbg.eu\/fi\/wp-json\/wp\/v2\/product_tag?post=275656"}],"curies":[{"name":"wp","href":"https:\/\/api.w.org\/{rel}","templated":true}]}}