{"id":275525,"date":"2025-03-07T11:08:39","date_gmt":"2025-03-20T12:25:41","guid":{"rendered":"https:\/\/staging.nbg.eu\/product\/ipsc-targets-mini-100pcs\/"},"modified":"2025-03-20T12:28:00","modified_gmt":"2025-03-20T12:28:00","slug":"ipsc-maalitaulut-mini-100kpl","status":"publish","type":"product","link":"https:\/\/staging.nbg.eu\/fi\/tuote\/ipsc-maalitaulut-mini-100kpl\/","title":{"rendered":"IPSC Maalitaulut mini 100kpl"},"content":{"rendered":"<div class=\"product-description\">\n<h2>IPSC-minitaulut kartongista &#8211; 100 kpl pakkaus<\/h2>\n<p>IPSC-lailliset taulut kilpailuihin ja harjoitteluun. Pakkaus sis\u00e4lt\u00e4\u00e4 100 minitaulua, jotka t\u00e4ytt\u00e4v\u00e4t IPSC-kilpailujen vaatimukset.<\/p>\n<ul>\n<li>Kest\u00e4v\u00e4 kartonkirakenne<\/li>\n<li>Rei&#8217;itetyt A-, C- ja D-alueet pisteiden laskua varten<\/li>\n<li>Kaksiv\u00e4rinen: etupuoli vaalea, takapuoli valkoinen<\/li>\n<li>Valkoinen puoli toimii rangaistustauluna<\/li>\n<li>N\u00e4kyv\u00e4t pisteytyslinjat molemmin puolin<\/li>\n<\/ul>\n<p>Taulut soveltuvat ampumaradalle, kilpailuihin ja taktiseen harjoitteluun.<\/p>\n<\/div>\n","protected":false},"excerpt":{"rendered":"<p>IPSC-minitaulut: 100 rei&#8217;itetty\u00e4 pahvitaulua harjoitteluun ja kilpailuihin.<\/p>\n","protected":false},"featured_media":246698,"template":"","meta":{"_acf_changed":false},"product_brand":[],"product_cat":[13223,13198],"product_tag":[],"class_list":{"0":"post-275525","1":"product","2":"type-product","3":"status-publish","4":"has-post-thumbnail","6":"product_cat-maalit","7":"product_cat-paperikohteet","9":"first","10":"instock","11":"taxable","12":"shipping-taxable","13":"purchasable","14":"product-type-simple"},"acf":[],"_links":{"self":[{"href":"https:\/\/staging.nbg.eu\/fi\/wp-json\/wp\/v2\/product\/275525","targetHints":{"allow":["GET"]}}],"collection":[{"href":"https:\/\/staging.nbg.eu\/fi\/wp-json\/wp\/v2\/product"}],"about":[{"href":"https:\/\/staging.nbg.eu\/fi\/wp-json\/wp\/v2\/types\/product"}],"wp:featuredmedia":[{"embeddable":true,"href":"https:\/\/staging.nbg.eu\/fi\/wp-json\/wp\/v2\/media\/246698"}],"wp:attachment":[{"href":"https:\/\/staging.nbg.eu\/fi\/wp-json\/wp\/v2\/media?parent=275525"}],"wp:term":[{"taxonomy":"product_brand","embeddable":true,"href":"https:\/\/staging.nbg.eu\/fi\/wp-json\/wp\/v2\/product_brand?post=275525"},{"taxonomy":"product_cat","embeddable":true,"href":"https:\/\/staging.nbg.eu\/fi\/wp-json\/wp\/v2\/product_cat?post=275525"},{"taxonomy":"product_tag","embeddable":true,"href":"https:\/\/staging.nbg.eu\/fi\/wp-json\/wp\/v2\/product_tag?post=275525"}],"curies":[{"name":"wp","href":"https:\/\/api.w.org\/{rel}","templated":true}]}}