{"id":275380,"date":"2025-03-07T10:54:35","date_gmt":"2025-03-07T10:54:35","guid":{"rendered":"https:\/\/staging.nbg.eu\/product\/ipsc-targets-50pcs\/"},"modified":"2025-03-20T12:09:44","modified_gmt":"2025-03-20T12:09:44","slug":"ipsc-maalitaulut-50kpl","status":"publish","type":"product","link":"https:\/\/staging.nbg.eu\/fi\/tuote\/ipsc-maalitaulut-50kpl\/","title":{"rendered":"IPSC Maalitaulut 50kpl"},"content":{"rendered":"<div class=\"product-description\">\n<h2>Pahviset IPSC-maalitaulut &#8211; 50 kpl pakkaus<\/h2>\n<p>IPSC-s\u00e4\u00e4nt\u00f6jen mukaiset maalitaulut kilpailuihin ja harjoitteluun. Jokainen pakkaus sis\u00e4lt\u00e4\u00e4 50 maalitaulua, jotka on suunniteltu IPSC-kilpailujen vaatimusten mukaisesti.<\/p>\n<ul>\n<li>Materiaali: Pahvi<\/li>\n<li>M\u00e4\u00e4r\u00e4: 50 maalitaulua pakkauksessa<\/li>\n<li>V\u00e4rit: Ruskea\/valkoinen kaksipuolinen<\/li>\n<li>Rei&#8217;itetyt A-, C- ja D-alueet pisteytyst\u00e4 varten<\/li>\n<\/ul>\n<p>Maalitauluissa on rei&#8217;itykset ruskealla puolella pisteytysalueiden m\u00e4\u00e4ritt\u00e4miseksi. Valkoista k\u00e4\u00e4nt\u00f6puolta voidaan k\u00e4ytt\u00e4\u00e4 rangaistusmaalitauluna, jossa pisteytysviivat n\u00e4kyv\u00e4t rei&#8217;itysten l\u00e4pi.<\/p>\n<p>N\u00e4m\u00e4 IPSC-maalitaulut soveltuvat kilpailijoille ja harjoittelijoille taitojen kehitt\u00e4miseen ja edistymisen mittaamiseen.<\/p>\n<\/div>\n","protected":false},"excerpt":{"rendered":"<p>IPSC-maalitaulut: 50 laadukasta pahvitaulua kilpailuihin ja harjoitteluun.<\/p>\n","protected":false},"featured_media":246675,"template":"","meta":{"_acf_changed":false},"product_brand":[],"product_cat":[13223,13198],"product_tag":[],"class_list":{"0":"post-275380","1":"product","2":"type-product","3":"status-publish","4":"has-post-thumbnail","6":"product_cat-maalit","7":"product_cat-paperikohteet","9":"first","10":"instock","11":"taxable","12":"shipping-taxable","13":"purchasable","14":"product-type-simple"},"acf":[],"_links":{"self":[{"href":"https:\/\/staging.nbg.eu\/fi\/wp-json\/wp\/v2\/product\/275380","targetHints":{"allow":["GET"]}}],"collection":[{"href":"https:\/\/staging.nbg.eu\/fi\/wp-json\/wp\/v2\/product"}],"about":[{"href":"https:\/\/staging.nbg.eu\/fi\/wp-json\/wp\/v2\/types\/product"}],"wp:featuredmedia":[{"embeddable":true,"href":"https:\/\/staging.nbg.eu\/fi\/wp-json\/wp\/v2\/media\/246675"}],"wp:attachment":[{"href":"https:\/\/staging.nbg.eu\/fi\/wp-json\/wp\/v2\/media?parent=275380"}],"wp:term":[{"taxonomy":"product_brand","embeddable":true,"href":"https:\/\/staging.nbg.eu\/fi\/wp-json\/wp\/v2\/product_brand?post=275380"},{"taxonomy":"product_cat","embeddable":true,"href":"https:\/\/staging.nbg.eu\/fi\/wp-json\/wp\/v2\/product_cat?post=275380"},{"taxonomy":"product_tag","embeddable":true,"href":"https:\/\/staging.nbg.eu\/fi\/wp-json\/wp\/v2\/product_tag?post=275380"}],"curies":[{"name":"wp","href":"https:\/\/api.w.org\/{rel}","templated":true}]}}