{"id":274948,"date":"2025-03-03T19:13:19","date_gmt":"2025-03-20T10:48:17","guid":{"rendered":"https:\/\/staging.nbg.eu\/product\/bore-tech-patch-guide\/"},"modified":"2025-03-20T10:50:38","modified_gmt":"2025-03-20T10:50:38","slug":"bore-tech-puhdistuslappu-ohjain","status":"publish","type":"product","link":"https:\/\/staging.nbg.eu\/fi\/tuote\/bore-tech-puhdistuslappu-ohjain\/","title":{"rendered":"Bore Tech Puhdistuslappu-ohjain"},"content":{"rendered":"<h2>Bore Tech AR-15\/AR-10 paikkaopas<\/h2>\n<p>Bore Tech Patch Guide on patentoitu, k\u00e4det vapauttava j\u00e4rjestelm\u00e4 paikkojen kiinnitt\u00e4miseen. Se v\u00e4hent\u00e4\u00e4 sotkua ja yksinkertaistaa puhdistusprosessia.<\/p>\n<ul>\n<li>CNC-koneistetut alumiinikomponentit<\/li>\n<li>Anodisoitu pinta kest\u00e4vyyden lis\u00e4\u00e4miseksi<\/li>\n<li>Kohdistaa puhdistustangon aseen piipun kanssa<\/li>\n<li>Est\u00e4\u00e4 lukituskynsien ja kammion reunojen vaurioitumisen<\/li>\n<li>Vaihdettavat, liuottimia kest\u00e4v\u00e4t etuadapterit<\/li>\n<li>Saatavana eri AR-15 ja AR-10 kaliipereille<\/li>\n<\/ul>\n<p>Helpottaa puhdistusta ja suojaa asetta ja puhdistustankoa. Bore Tech Patch Guide on hy\u00f6dyllinen ty\u00f6kalu aseen omistajille. Valmistettu Yhdysvalloissa.<\/p>\n<p><strong>Valitse Bore Tech.<\/strong><\/p>\n","protected":false},"excerpt":{"rendered":"<p>Vaivaton ja siisti AR-15\/AR-10 puhdistus k\u00e4det vapaana paikkal\u00e4vistystoiminnolla.<\/p>\n","protected":false},"featured_media":235524,"template":"","meta":{"_acf_changed":false},"product_brand":[11151],"product_cat":[13206,13190],"product_tag":[],"class_list":{"0":"post-274948","1":"product","2":"type-product","3":"status-publish","4":"has-post-thumbnail","6":"product_brand-boretech","7":"product_cat-aseen-puhdistus","8":"product_cat-paikat-ja-paikkauspistooli","9":"pa_model-ar-10-fi","10":"pa_model-ar-15-fi","12":"first","13":"instock","14":"taxable","15":"shipping-taxable","16":"purchasable","17":"product-type-variable","18":"wvs-archive-product-wrapper"},"acf":[],"_links":{"self":[{"href":"https:\/\/staging.nbg.eu\/fi\/wp-json\/wp\/v2\/product\/274948","targetHints":{"allow":["GET"]}}],"collection":[{"href":"https:\/\/staging.nbg.eu\/fi\/wp-json\/wp\/v2\/product"}],"about":[{"href":"https:\/\/staging.nbg.eu\/fi\/wp-json\/wp\/v2\/types\/product"}],"wp:featuredmedia":[{"embeddable":true,"href":"https:\/\/staging.nbg.eu\/fi\/wp-json\/wp\/v2\/media\/235524"}],"wp:attachment":[{"href":"https:\/\/staging.nbg.eu\/fi\/wp-json\/wp\/v2\/media?parent=274948"}],"wp:term":[{"taxonomy":"product_brand","embeddable":true,"href":"https:\/\/staging.nbg.eu\/fi\/wp-json\/wp\/v2\/product_brand?post=274948"},{"taxonomy":"product_cat","embeddable":true,"href":"https:\/\/staging.nbg.eu\/fi\/wp-json\/wp\/v2\/product_cat?post=274948"},{"taxonomy":"product_tag","embeddable":true,"href":"https:\/\/staging.nbg.eu\/fi\/wp-json\/wp\/v2\/product_tag?post=274948"}],"curies":[{"name":"wp","href":"https:\/\/api.w.org\/{rel}","templated":true}]}}