{"id":274785,"date":"2025-03-03T19:50:37","date_gmt":"2025-03-03T19:50:37","guid":{"rendered":"https:\/\/staging.nbg.eu\/product\/daa-dry-fire-target-set-metric-uspsa\/"},"modified":"2025-03-20T10:17:33","modified_gmt":"2025-03-20T10:17:33","slug":"daa-kuivalaukausmaalitaulu-sarja-metric-uspsa","status":"publish","type":"product","link":"https:\/\/staging.nbg.eu\/fi\/tuote\/daa-kuivalaukausmaalitaulu-sarja-metric-uspsa\/","title":{"rendered":"DAA Kuivalaukausmaalitaulu sarja (Metric &#8211; USPSA)"},"content":{"rendered":"<div class=\"product-description\">\n<h2>DAA Kuivalaukaisumaalitaulupaketti (Metrinen &#8211; USPSA)<\/h2>\n<p>Kuivalaukaisumaalitaulupaketti sis\u00e4lt\u00e4\u00e4 17 pienennettyj\u00e4 USPSA-metrimaalitaulua sis\u00e4harjoittelua varten.<\/p>\n<ul>\n<li>Valmistettu 3 mm:n puulevyist\u00e4<\/li>\n<li>Simuloi maalitauluja 15, 20 ja 30 metrin et\u00e4isyydell\u00e4, kun asetetaan 2,5-3 metrin p\u00e4\u00e4h\u00e4n<\/li>\n<li>Kolme kokoa: 32 % (24 cm), 20 % (15 cm) ja 12 % (9 cm) t\u00e4ysikokoisista tauluista<\/li>\n<li>Sis\u00e4lt\u00e4\u00e4 osittaisia maalitauluja eri harjoitusskenaarioita varten<\/li>\n<li>Ripustusrei\u00e4t helppoa asennusta varten<\/li>\n<\/ul>\n<p>Harjoittele kuivalaukaisua ja liipaisimen hallintaa kotona t\u00e4ll\u00e4 maalitaulupaketilla.<\/p>\n<\/div>\n","protected":false},"excerpt":{"rendered":"<p>Realistisia, skaalattuja USPSA-maalitauluja tehokkaaseen kuivaharjoitteluun kotona.<\/p>\n","protected":false},"featured_media":235970,"template":"","meta":{"_acf_changed":false},"product_brand":[11270],"product_cat":[13223,13198],"product_tag":[],"class_list":{"0":"post-274785","1":"product","2":"type-product","3":"status-publish","4":"has-post-thumbnail","6":"product_brand-doublealpha","7":"product_cat-maalit","8":"product_cat-paperikohteet","10":"first","11":"outofstock","12":"taxable","13":"shipping-taxable","14":"purchasable","15":"product-type-simple"},"acf":[],"_links":{"self":[{"href":"https:\/\/staging.nbg.eu\/fi\/wp-json\/wp\/v2\/product\/274785","targetHints":{"allow":["GET"]}}],"collection":[{"href":"https:\/\/staging.nbg.eu\/fi\/wp-json\/wp\/v2\/product"}],"about":[{"href":"https:\/\/staging.nbg.eu\/fi\/wp-json\/wp\/v2\/types\/product"}],"wp:featuredmedia":[{"embeddable":true,"href":"https:\/\/staging.nbg.eu\/fi\/wp-json\/wp\/v2\/media\/235970"}],"wp:attachment":[{"href":"https:\/\/staging.nbg.eu\/fi\/wp-json\/wp\/v2\/media?parent=274785"}],"wp:term":[{"taxonomy":"product_brand","embeddable":true,"href":"https:\/\/staging.nbg.eu\/fi\/wp-json\/wp\/v2\/product_brand?post=274785"},{"taxonomy":"product_cat","embeddable":true,"href":"https:\/\/staging.nbg.eu\/fi\/wp-json\/wp\/v2\/product_cat?post=274785"},{"taxonomy":"product_tag","embeddable":true,"href":"https:\/\/staging.nbg.eu\/fi\/wp-json\/wp\/v2\/product_tag?post=274785"}],"curies":[{"name":"wp","href":"https:\/\/api.w.org\/{rel}","templated":true}]}}